{"id":1813,"date":"2024-05-16T20:56:14","date_gmt":"2024-05-16T20:56:14","guid":{"rendered":"https:\/\/meditantes.com.br\/news\/?page_id=1813"},"modified":"2026-01-16T19:43:15","modified_gmt":"2026-01-16T19:43:15","slug":"degustacao","status":"publish","type":"page","link":"https:\/\/meditantes.com.br\/news\/?page_id=1813","title":{"rendered":"Medita\u00e7\u00f5es Online"},"content":{"rendered":"\n<figure class=\"wp-block-image size-large\"><a href=\"https:\/\/chat.whatsapp.com\/Gk2p5MpcxdQ1AWocIztZg2\" target=\"_blank\" rel=\" noreferrer noopener\"><img loading=\"lazy\" decoding=\"async\" width=\"1024\" height=\"160\" src=\"https:\/\/meditantes.com.br\/news\/wp-content\/uploads\/2024\/05\/COMUNIDADE-MEDITANTES-15-1024x160.png\" alt=\"\" class=\"wp-image-1674\" srcset=\"https:\/\/meditantes.com.br\/news\/wp-content\/uploads\/2024\/05\/COMUNIDADE-MEDITANTES-15-1024x160.png 1024w, https:\/\/meditantes.com.br\/news\/wp-content\/uploads\/2024\/05\/COMUNIDADE-MEDITANTES-15-300x47.png 300w, https:\/\/meditantes.com.br\/news\/wp-content\/uploads\/2024\/05\/COMUNIDADE-MEDITANTES-15-768x120.png 768w, https:\/\/meditantes.com.br\/news\/wp-content\/uploads\/2024\/05\/COMUNIDADE-MEDITANTES-15.png 1280w\" sizes=\"auto, (max-width: 1024px) 100vw, 1024px\" \/><\/a><\/figure>\n\n\n\n<p><em><strong>&#8220;Medita\u00e7\u00e3o n\u00e3o \u00e9 uma fuga, mas um encontro sereno com a realidade.&#8221;<\/strong> \u2013 <strong>Th\u00edch Nh\u1ea5t H\u1ea1nh<\/strong><\/em><\/p>\n\n\n\n<p><mark style=\"background-color:rgba(0, 0, 0, 0);color:#ffffff\" class=\"has-inline-color\">.<\/mark><\/p>\n\n\n\n<p><strong>MEDITA\u00c7\u00d5ES COM SHANTI-RHAM<\/strong><\/p>\n\n\n\n<p><\/p>\n\n\n\n<p>| <a href=\"https:\/\/www.youtube.com\/watch?v=COqXRAVXzpc&amp;list=PLjXLCSmO7rtqjRgwmSbFd0m5Kx7TCJgCM\" target=\"_blank\" rel=\"noreferrer noopener\">Medita\u00e7\u00e3o para Reconex\u00e3o Essencial<\/a><\/p>\n\n\n\n<p><\/p>\n\n\n\n<p>| <a href=\"https:\/\/www.youtube.com\/watch?v=1mdFvm-PDHU&amp;list=PLjXLCSmO7rtpjbk-1BlVKlbUFBEoLAiVP\" target=\"_blank\" rel=\"noreferrer noopener\">Medita\u00e7\u00e3o para Alinhamento dos Chakras<\/a><\/p>\n\n\n\n<p><\/p>\n\n\n\n<p>| <a href=\"https:\/\/www.youtube.com\/watch?v=o_XgAIXOk1Q&amp;list=PLjXLCSmO7rtphwLmYvE2LRJ1n84CPeF6P&amp;index=2&amp;t=882s\" target=\"_blank\" rel=\"noreferrer noopener\">Medita\u00e7\u00e3o do Cora\u00e7\u00e3o<\/a><\/p>\n\n\n\n<p><\/p>\n\n\n\n<p>| <a href=\"https:\/\/www.youtube.com\/watch?v=h7JSnnaGYNQ&amp;list=PLjXLCSmO7rtqOQ7mpZcavmEbh5u6_cd-5\" target=\"_blank\" rel=\"noreferrer noopener\">Medita\u00e7\u00e3o para Paz Interior<\/a><mark style=\"background-color:rgba(0, 0, 0, 0);color:#ffffff\" class=\"has-inline-color\">.<\/mark><\/p>\n\n\n\n<p><\/p>\n\n\n\n<p>| <a href=\"https:\/\/www.youtube.com\/playlist?list=PLjXLCSmO7rtqjRgwmSbFd0m5Kx7TCJgCM\" target=\"_blank\" rel=\"noreferrer noopener\"><strong>Medita\u00e7\u00f5es com convidados do Meditantes PodCast<\/strong><\/a><\/p>\n\n\n\n<p><mark style=\"background-color:rgba(0, 0, 0, 0);color:#ffffff\" class=\"has-inline-color\">.<\/mark><\/p>\n\n\n\n<p><mark style=\"background-color:rgba(0, 0, 0, 0);color:#ffffff\" class=\"has-inline-color\">.<\/mark><\/p>\n\n\n\n<p><mark style=\"background-color:rgba(0, 0, 0, 0);color:#ffffff\" class=\"has-inline-color\">.<\/mark><\/p>\n\n\n\n<p><mark style=\"background-color:rgba(0, 0, 0, 0);color:#ffffff\" class=\"has-inline-color\">.<\/mark><\/p>\n\n\n\n<p><mark style=\"background-color:rgba(0, 0, 0, 0);color:#ffffff\" class=\"has-inline-color\">.<\/mark><\/p>\n\n\n\n<p><strong>| CONFIRA TAMB\u00c9M:<\/strong><\/p>\n\n\n\n<p><\/p>\n\n\n\n<p>&gt; <a href=\"https:\/\/meditantes.com.br\/news\/?p=2056\">Dia Mundial da Medita\u00e7\u00e3o<\/a><\/p>\n\n\n\n<p><\/p>\n\n\n\n<p>&gt; <a href=\"https:\/\/meditantes.com.br\/news\/?p=2093\">3 Livros para voc\u00ea ler no dia Mundial da Medita\u00e7\u00e3o<\/a><\/p>\n\n\n\n<p><\/p>\n\n\n\n<p>&gt; <a href=\"https:\/\/meditantes.com.br\/news\/?p=2132\">10 Frases de Medita\u00e7\u00e3o para te inspirar <\/a><\/p>\n\n\n\n<p><\/p>\n\n\n\n<p>&gt; <a href=\"https:\/\/www.meditantes.com.br\/podcast\">Conhe\u00e7a as Experi\u00eancias em Medita\u00e7\u00e3o<\/a><\/p>\n\n\n\n<p><br><\/p>\n\n\n\n<p><mark style=\"background-color:rgba(0, 0, 0, 0);color:#ffffff\" class=\"has-inline-color\">.<\/mark><\/p>\n\n\n\n<p><mark style=\"background-color:rgba(0, 0, 0, 0);color:#ffffff\" class=\"has-inline-color\">.<\/mark><\/p>\n\n\n\n<figure class=\"wp-block-image size-large\"><a href=\"http:\/\/meditantes.com.br\/membros\"><img loading=\"lazy\" decoding=\"async\" width=\"1024\" height=\"160\" src=\"https:\/\/meditantes.com.br\/news\/wp-content\/uploads\/2024\/05\/COMUNIDADE-MEDITANTES-7-1-1024x160.png\" alt=\"\" class=\"wp-image-1628\" srcset=\"https:\/\/meditantes.com.br\/news\/wp-content\/uploads\/2024\/05\/COMUNIDADE-MEDITANTES-7-1-1024x160.png 1024w, https:\/\/meditantes.com.br\/news\/wp-content\/uploads\/2024\/05\/COMUNIDADE-MEDITANTES-7-1-300x47.png 300w, https:\/\/meditantes.com.br\/news\/wp-content\/uploads\/2024\/05\/COMUNIDADE-MEDITANTES-7-1-768x120.png 768w, https:\/\/meditantes.com.br\/news\/wp-content\/uploads\/2024\/05\/COMUNIDADE-MEDITANTES-7-1.png 1280w\" sizes=\"auto, (max-width: 1024px) 100vw, 1024px\" \/><\/a><\/figure>\n\n\n\n<p>| <strong>Tenha acesso a Dezenas de Medita\u00e7\u00f5es<\/strong> <em>para voc\u00ea praticar qualquer hora do dia<\/em><\/p>\n\n\n\n<p><mark style=\"background-color:rgba(0, 0, 0, 0);color:#ffffff\" class=\"has-inline-color\">.<\/mark><\/p>\n\n\n\n<p>| <a href=\"https:\/\/www.youtube.com\/playlist?list=PLjXLCSmO7rtrzj6OHrebOjUU2wMvhrvpU\" target=\"_blank\" rel=\"noreferrer noopener\">Medita\u00e7\u00f5es dos 7 Chakras<\/a><\/p>\n\n\n\n<p><\/p>\n\n\n\n<p>| <a href=\"https:\/\/www.youtube.com\/playlist?list=PLjXLCSmO7rtqOQ7mpZcavmEbh5u6_cd-5\" target=\"_blank\" rel=\"noreferrer noopener\">Medita\u00e7\u00f5es para Come\u00e7ar bem o dia<\/a><\/p>\n\n\n\n<p><\/p>\n\n\n\n<p>| <a href=\"https:\/\/www.youtube.com\/playlist?list=PLjXLCSmO7rtrn-9Xv-8aFcKk8BkWH6Afc\" target=\"_blank\" rel=\"noreferrer noopener\">Medita\u00e7\u00f5es com Mantra &#8220;OM&#8221;<\/a><\/p>\n\n\n\n<p><\/p>\n\n\n\n<p>| <a href=\"https:\/\/www.youtube.com\/playlist?list=PLjXLCSmO7rtpMhiTGskKFtIa0CBYGw69x\" target=\"_blank\" rel=\"noreferrer noopener\">Medita\u00e7\u00f5es com Humming<\/a> + <a href=\"https:\/\/www.youtube.com\/playlist?list=PLjXLCSmO7rtrl69xWM8et4OSOCpm_aViS\" target=\"_blank\" rel=\"noreferrer noopener\">Orienta\u00e7\u00f5es<\/a><\/p>\n\n\n\n<p><\/p>\n\n\n\n<p>| <a href=\"https:\/\/www.youtube.com\/playlist?list=PLjXLCSmO7rtoeesjS-c_Aa9BQI9BYhIdj\" target=\"_blank\" rel=\"noreferrer noopener\">Medita\u00e7\u00f5es com as Cores do Dia da Semana<\/a><\/p>\n\n\n\n<p><\/p>\n\n\n\n<p>| <a href=\"https:\/\/www.youtube.com\/playlist?list=PLjXLCSmO7rtpMXUNX7qN26quX5b7ft1y8\" target=\"_blank\" rel=\"noreferrer noopener\">Medita\u00e7\u00f5es da Gratid\u00e3o<\/a><\/p>\n\n\n\n<p><\/p>\n\n\n\n<p>| <a href=\"https:\/\/www.youtube.com\/playlist?list=PLjXLCSmO7rtosnsIUvXHuU4ZmcHBkkPfa\" target=\"_blank\" rel=\"noreferrer noopener\">Medita\u00e7\u00f5es de Respira\u00e7\u00e3o<\/a><\/p>\n\n\n\n<p><\/p>\n\n\n\n<p>| <a href=\"https:\/\/www.youtube.com\/playlist?list=PLjXLCSmO7rtpY7zc26je8NHg7BD1yZhWC\" target=\"_blank\" rel=\"noreferrer noopener\">Medita\u00e7\u00f5es do Despertar da Bem-Aventuran\u00e7a<\/a><\/p>\n\n\n\n<p><\/p>\n\n\n\n<p>| <a href=\"https:\/\/www.youtube.com\/playlist?list=PLjXLCSmO7rtqsisQIqfuzn72-2MtL9pvd\" target=\"_blank\" rel=\"noreferrer noopener\">Medita\u00e7\u00f5es da Mulher Iluminada<\/a><\/p>\n\n\n\n<p><\/p>\n\n\n\n<p>| <a href=\"https:\/\/www.youtube.com\/playlist?list=PLjXLCSmO7rtptMB9gOyyizteMN-zvpqcx\" target=\"_blank\" rel=\"noreferrer noopener\">Medita\u00e7\u00f5es do Oriente<\/a><\/p>\n\n\n\n<p><\/p>\n\n\n\n<p>| <a href=\"https:\/\/www.youtube.com\/playlist?list=PLjXLCSmO7rtrENAmqg08a7F9vds4a4cs7\" target=\"_blank\" rel=\"noreferrer noopener\">Medita\u00e7\u00f5es de Outono<\/a><\/p>\n\n\n\n<p><\/p>\n\n\n\n<p>| <a href=\"https:\/\/www.youtube.com\/playlist?list=PLjXLCSmO7rtrENAmqg08a7F9vds4a4cs7\" target=\"_blank\" rel=\"noreferrer noopener\">Medita\u00e7\u00f5es para Para Paz Interior<\/a><\/p>\n\n\n\n<p><mark style=\"background-color:rgba(0, 0, 0, 0);color:#ffffff\" class=\"has-inline-color\">.<\/mark><\/p>\n\n\n\n<p>| <a href=\"https:\/\/meditantes.com.br\/membros\"><em><strong>Seja Membro! acessa aqui para saber mais&#8230;<\/strong><\/em><\/a><\/p>\n\n\n\n<p><mark style=\"background-color:rgba(0, 0, 0, 0);color:#ffffff\" class=\"has-inline-color\">.<\/mark><\/p>\n\n\n\n<p><strong>| Acessa, fa\u00e7a sua assinatura:<\/strong><br><a href=\"https:\/\/www.youtube.com\/channel\/UCtco5-fAhLhEUFb2oJafwqw\/join\" target=\"_blank\" rel=\"noreferrer noopener\">https:\/\/www.youtube.com\/channel\/UCtco5-fAhLhEUFb2oJafwqw\/join<\/a><\/p>\n\n\n\n<p><mark style=\"background-color:rgba(0, 0, 0, 0);color:#ffffff\" class=\"has-inline-color\">.<\/mark><\/p>\n\n\n\n<p><mark style=\"background-color:rgba(0, 0, 0, 0);color:#ffffff\" class=\"has-inline-color\">.<\/mark><\/p>\n\n\n\n<p><mark style=\"background-color:rgba(0, 0, 0, 0);color:#ffffff\" class=\"has-inline-color\">.<\/mark><\/p>\n\n\n\n<p><mark style=\"background-color:rgba(0, 0, 0, 0);color:#ffffff\" class=\"has-inline-color\">.<\/mark><\/p>\n\n\n\n<p><mark style=\"background-color:rgba(0, 0, 0, 0);color:#ffffff\" class=\"has-inline-color\">.<\/mark><\/p>\n\n\n\n<figure class=\"wp-block-image size-large\"><a href=\"http:\/\/meditantes.com.br\/queromeditar\" target=\"_blank\" rel=\"noreferrer noopener\"><img loading=\"lazy\" decoding=\"async\" width=\"1024\" height=\"160\" src=\"https:\/\/meditantes.com.br\/news\/wp-content\/uploads\/2024\/05\/COMUNIDADE-MEDITANTES-1-1-1024x160.png\" alt=\"\" class=\"wp-image-2074\" srcset=\"https:\/\/meditantes.com.br\/news\/wp-content\/uploads\/2024\/05\/COMUNIDADE-MEDITANTES-1-1-1024x160.png 1024w, https:\/\/meditantes.com.br\/news\/wp-content\/uploads\/2024\/05\/COMUNIDADE-MEDITANTES-1-1-300x47.png 300w, https:\/\/meditantes.com.br\/news\/wp-content\/uploads\/2024\/05\/COMUNIDADE-MEDITANTES-1-1-768x120.png 768w, https:\/\/meditantes.com.br\/news\/wp-content\/uploads\/2024\/05\/COMUNIDADE-MEDITANTES-1-1.png 1280w\" sizes=\"auto, (max-width: 1024px) 100vw, 1024px\" \/><\/a><\/figure>\n\n\n\n<p>| <strong>Quer avan\u00e7ar nas suas Pr\u00e1tica Meditativas?<\/strong><br><a href=\"https:\/\/meditantes.com.br\/news\/?page_id=664\">Comece bem o dia Meditando! <em>acessa aqui para saber mais&#8230;<\/em><\/a><\/p>\n\n\n\n<p><mark style=\"background-color:rgba(0, 0, 0, 0);color:#ffffff\" class=\"has-inline-color\">.<\/mark><\/p>\n\n\n\n<p>| Envie a mensagem Quero Meditar para o WhatsApp (<a href=\"https:\/\/api.whatsapp.com\/send?phone=5548999027516&amp;text=Quero%20Meditar\">48 99902-7516<\/a>).<\/p>\n\n\n\n<p>| Voc\u00ea receber\u00e1 as orienta\u00e7\u00f5es para participar.<\/p>\n\n\n\n<p>| Acesse o link abaixo:<br><a href=\"http:\/\/meditantes.com.br\/queromeditar\">meditantes.com.br\/queromeditar<\/a><\/p>\n\n\n\n<p><br><mark style=\"background-color:rgba(0, 0, 0, 0);color:#ffffff\" class=\"has-inline-color\">.<\/mark><\/p>\n\n\n\n<p><mark style=\"background-color:rgba(0, 0, 0, 0);color:#ffffff\" class=\"has-inline-color\">.<\/mark><\/p>\n\n\n\n<p><mark style=\"background-color:rgba(0, 0, 0, 0);color:#ffffff\" class=\"has-inline-color\">.<\/mark><\/p>\n\n\n\n<p><em><strong>Experimente, aproveite!<\/strong><\/em><mark style=\"background-color:rgba(0, 0, 0, 0);color:#ffffff\" class=\"has-inline-color\">.<\/mark><\/p>\n\n\n\n<figure class=\"wp-block-image size-large\"><img loading=\"lazy\" decoding=\"async\" width=\"1024\" height=\"160\" src=\"https:\/\/meditantes.com.br\/news\/wp-content\/uploads\/2024\/05\/TOPO-2048X320-1024x160.png\" alt=\"\" class=\"wp-image-1634\" srcset=\"https:\/\/meditantes.com.br\/news\/wp-content\/uploads\/2024\/05\/TOPO-2048X320-1024x160.png 1024w, https:\/\/meditantes.com.br\/news\/wp-content\/uploads\/2024\/05\/TOPO-2048X320-300x47.png 300w, https:\/\/meditantes.com.br\/news\/wp-content\/uploads\/2024\/05\/TOPO-2048X320-768x120.png 768w, https:\/\/meditantes.com.br\/news\/wp-content\/uploads\/2024\/05\/TOPO-2048X320-1536x240.png 1536w, https:\/\/meditantes.com.br\/news\/wp-content\/uploads\/2024\/05\/TOPO-2048X320.png 2048w\" sizes=\"auto, (max-width: 1024px) 100vw, 1024px\" \/><\/figure>\n\n\n\n<figure class=\"wp-block-image size-large\"><a href=\"http:\/\/meditantes.com.br\/membros\"><img loading=\"lazy\" decoding=\"async\" width=\"1024\" height=\"160\" src=\"https:\/\/meditantes.com.br\/news\/wp-content\/uploads\/2024\/05\/COMUNIDADE-MEDITANTES-7-1-1024x160.png\" alt=\"\" class=\"wp-image-1628\" srcset=\"https:\/\/meditantes.com.br\/news\/wp-content\/uploads\/2024\/05\/COMUNIDADE-MEDITANTES-7-1-1024x160.png 1024w, https:\/\/meditantes.com.br\/news\/wp-content\/uploads\/2024\/05\/COMUNIDADE-MEDITANTES-7-1-300x47.png 300w, https:\/\/meditantes.com.br\/news\/wp-content\/uploads\/2024\/05\/COMUNIDADE-MEDITANTES-7-1-768x120.png 768w, https:\/\/meditantes.com.br\/news\/wp-content\/uploads\/2024\/05\/COMUNIDADE-MEDITANTES-7-1.png 1280w\" sizes=\"auto, (max-width: 1024px) 100vw, 1024px\" \/><\/a><\/figure>\n\n\n\n<p><em>No Meditantes Membros voc\u00ea tem acesso a Medita\u00e7\u00f5es para voc\u00ea fazer a qualquer hora do dia ou da noite e conte\u00fados exclusivos sobre Medita\u00e7\u00e3o. Inscreva-se e tenha acesso imediato!<\/em><\/p>\n\n\n\n<p>\ud83d\udc49 <em><a href=\"http:\/\/meditantes.com.br\/membros\">meditantes.com.br\/membros<\/a><\/em><\/p>\n\n\n\n<p><\/p>\n","protected":false},"excerpt":{"rendered":"<p>&#8220;Medita\u00e7\u00e3o n\u00e3o \u00e9 uma fuga, mas um encontro sereno com a realidade.&#8221; \u2013 Th\u00edch Nh\u1ea5t H\u1ea1nh . MEDITA\u00c7\u00d5ES COM SHANTI-RHAM&hellip;<\/p>\n","protected":false},"author":1,"featured_media":0,"parent":211,"menu_order":2,"comment_status":"closed","ping_status":"closed","template":"","meta":{"footnotes":""},"class_list":["post-1813","page","type-page","status-publish","hentry"],"_links":{"self":[{"href":"https:\/\/meditantes.com.br\/news\/index.php?rest_route=\/wp\/v2\/pages\/1813","targetHints":{"allow":["GET"]}}],"collection":[{"href":"https:\/\/meditantes.com.br\/news\/index.php?rest_route=\/wp\/v2\/pages"}],"about":[{"href":"https:\/\/meditantes.com.br\/news\/index.php?rest_route=\/wp\/v2\/types\/page"}],"author":[{"embeddable":true,"href":"https:\/\/meditantes.com.br\/news\/index.php?rest_route=\/wp\/v2\/users\/1"}],"replies":[{"embeddable":true,"href":"https:\/\/meditantes.com.br\/news\/index.php?rest_route=%2Fwp%2Fv2%2Fcomments&post=1813"}],"version-history":[{"count":71,"href":"https:\/\/meditantes.com.br\/news\/index.php?rest_route=\/wp\/v2\/pages\/1813\/revisions"}],"predecessor-version":[{"id":7307,"href":"https:\/\/meditantes.com.br\/news\/index.php?rest_route=\/wp\/v2\/pages\/1813\/revisions\/7307"}],"up":[{"embeddable":true,"href":"https:\/\/meditantes.com.br\/news\/index.php?rest_route=\/wp\/v2\/pages\/211"}],"wp:attachment":[{"href":"https:\/\/meditantes.com.br\/news\/index.php?rest_route=%2Fwp%2Fv2%2Fmedia&parent=1813"}],"curies":[{"name":"wp","href":"https:\/\/api.w.org\/{rel}","templated":true}]}}