{"id":1870,"date":"2024-05-17T20:22:29","date_gmt":"2024-05-17T20:22:29","guid":{"rendered":"https:\/\/meditantes.com.br\/news\/?page_id=1870"},"modified":"2024-05-25T23:00:14","modified_gmt":"2024-05-25T23:00:14","slug":"assinante","status":"publish","type":"page","link":"https:\/\/meditantes.com.br\/news\/?page_id=1870","title":{"rendered":"Assinante"},"content":{"rendered":"\n<p>\ud83d\ude01<strong> Boas Vindas ao Meditantes Membros!<\/strong><\/p>\n\n\n\n<p><\/p>\n\n\n\n<p>\ud83d\udc4f Parab\u00e9ns por ser Membro Assinante do Movimento Meditantes\u2026 Agora voc\u00ea tem acesso a Conte\u00fados e Medita\u00e7\u00f5es conduzidas por Shanti-Rham e Convidados(as).<\/p>\n\n\n\n<p><\/p>\n\n\n\n<p>\ud83d\udcdd<em> Meditantes Membros \u00e9 sistema de Assinatura Mensal (gerenciando pelo Youtube) com acesso imediato a Medita\u00e7\u00f5es, Conte\u00fados, Lives Exclusivas j\u00e1 dispon\u00edveis na plataforma<\/em>. <em>At\u00e9 o momento s\u00e3o 67 Medita\u00e7\u00f5es, sendo 48 Medita\u00e7\u00f5es com Shanti-Rham e 19 Medita\u00e7\u00f5es com Convidados para voc\u00ea Meditar a qualquer hora do dia, incluindo acesso a novos e exclusivos conte\u00fados que ser\u00e3o compartilhados enquanto voc\u00ea permanecer com o plano de assinante em dia&#8230;<\/em><\/p>\n\n\n\n<p><\/p>\n\n\n\n<p>\ud83d\uddb1\ufe0f Agora confira tudo o que est\u00e1 dispon\u00edvel para voc\u00ea!  \ud83d\udc4d Aproveita!<\/p>\n\n\n\n<p><mark style=\"background-color:rgba(0, 0, 0, 0);color:#ffffff\" class=\"has-inline-color\">.<\/mark><\/p>\n\n\n\n<p><mark style=\"background-color:rgba(0, 0, 0, 0);color:#ffffff\" class=\"has-inline-color\">.<\/mark><\/p>\n\n\n\n<p>| <a href=\"https:\/\/www.youtube.com\/playlist?list=PLjXLCSmO7rtpjbk-1BlVKlbUFBEoLAiVP\" target=\"_blank\" rel=\"noreferrer noopener\"><strong>PLAYLIST COMPLETA MEDITANTES MEMBRO NO YOUTUBE<\/strong><\/a><\/p>\n\n\n\n<p><mark style=\"background-color:rgba(0, 0, 0, 0);color:#ffffff\" class=\"has-inline-color\">.<\/mark><\/p>\n\n\n\n<p><mark style=\"background-color:rgba(0, 0, 0, 0);color:#ffffff\" class=\"has-inline-color\">.<\/mark><\/p>\n\n\n\n<p><strong>53 MEDITA\u00c7\u00d5ES CONDUZIDAS POR SHANTI-RHAM<\/strong><\/p>\n\n\n\n<p><\/p>\n\n\n\n<p>| <a href=\"https:\/\/www.youtube.com\/watch?v=mbl-vQQQ5qY&amp;list=PLjXLCSmO7rto-Rse8Zdeit4uGrXQJCQAb\" target=\"_blank\" rel=\"noreferrer noopener\">Introdu\u00e7\u00e3o &#8211; Medita\u00e7\u00e3o para Paz Interior<\/a><\/p>\n\n\n\n<p><\/p>\n\n\n\n<p>| <a href=\"https:\/\/www.youtube.com\/watch?v=uUHkYLopkJk&amp;list=PLjXLCSmO7rto-Rse8Zdeit4uGrXQJCQAb\" target=\"_blank\" rel=\"noreferrer noopener\">5 Sentidos &#8211; Medita\u00e7\u00e3o para Paz Interior<\/a><\/p>\n\n\n\n<p><\/p>\n\n\n\n<p>| <a href=\"https:\/\/www.youtube.com\/watch?v=qNzz_Uz-5cI&amp;list=PLjXLCSmO7rto-Rse8Zdeit4uGrXQJCQAb\" target=\"_blank\" rel=\"noreferrer noopener\">Pensamentos, Sentimentos e A\u00e7\u00f5es &#8211; Medita\u00e7\u00e3o para Paz Interior<\/a><\/p>\n\n\n\n<p><\/p>\n\n\n\n<p>| <a href=\"https:\/\/www.youtube.com\/watch?v=iP9Lx6VVtwY&amp;list=PLjXLCSmO7rtrENAmqg08a7F9vds4a4cs7&amp;index=1\">Medita\u00e7\u00e3o de Outono &#8211; Purifica\u00e7\u00e3o<\/a><\/p>\n\n\n\n<p><\/p>\n\n\n\n<p>| <a href=\"https:\/\/www.youtube.com\/watch?v=IKBvyxAiTqw&amp;list=PLjXLCSmO7rtrENAmqg08a7F9vds4a4cs7&amp;index=2\">Medita\u00e7\u00e3o de Outono &#8211; Desapego<\/a><\/p>\n\n\n\n<p><\/p>\n\n\n\n<p>| <a href=\"https:\/\/www.youtube.com\/watch?v=XP6FI0AF8Sg&amp;list=PLjXLCSmO7rtrENAmqg08a7F9vds4a4cs7&amp;index=3\">Medita\u00e7\u00e3o de Outono &#8211; Desidenfica\u00e7\u00e3o<\/a><\/p>\n\n\n\n<p><\/p>\n\n\n\n<p>| <a href=\"https:\/\/www.youtube.com\/watch?v=MjYbDJwUgOM&amp;list=PLjXLCSmO7rtrENAmqg08a7F9vds4a4cs7&amp;index=4\">Medita\u00e7\u00e3o de Outono &#8211; Renuncia<\/a><\/p>\n\n\n\n<p><\/p>\n\n\n\n<p>| <a href=\"https:\/\/www.youtube.com\/watch?v=S_ecURjGSMc&amp;list=PLjXLCSmO7rtrENAmqg08a7F9vds4a4cs7&amp;index=5\">Medita\u00e7\u00e3o de Outono &#8211; Esfera de Harmonia<\/a><\/p>\n\n\n\n<p><\/p>\n\n\n\n<p>| <a href=\"https:\/\/www.youtube.com\/watch?v=CxHKJxXbHrQ&amp;list=PLjXLCSmO7rtosnsIUvXHuU4ZmcHBkkPfa&amp;index=1\">Medita\u00e7\u00e3o Guiada Respira\u00e7\u00e3o 4, 8, 12&nbsp;<\/a><\/p>\n\n\n\n<p><\/p>\n\n\n\n<p>| <a href=\"https:\/\/www.youtube.com\/watch?v=31y_hFwmN2Q&amp;list=PLjXLCSmO7rtosnsIUvXHuU4ZmcHBkkPfa&amp;index=2\">Medita\u00e7\u00e3o Guiada Respira\u00e7\u00e3o Alternada (Nadi Shodhana)&nbsp;<\/a><\/p>\n\n\n\n<p><\/p>\n\n\n\n<p>| <a href=\"https:\/\/www.youtube.com\/watch?v=BWfFFfhOYlg&amp;list=PLjXLCSmO7rtosnsIUvXHuU4ZmcHBkkPfa&amp;index=3\">Medita\u00e7\u00e3o Guiada Respira\u00e7\u00e3o Diafragm\u00e1tica<\/a><\/p>\n\n\n\n<p><\/p>\n\n\n\n<p>| <a href=\"https:\/\/www.youtube.com\/watch?v=gwu3FEMmPI4&amp;list=PLjXLCSmO7rtosnsIUvXHuU4ZmcHBkkPfa&amp;index=4\">Medita\u00e7\u00e3o Guiada Respira\u00e7\u00e3o para Equil\u00edbrio Interno<\/a><\/p>\n\n\n\n<p><\/p>\n\n\n\n<p>| <a href=\"https:\/\/www.youtube.com\/watch?v=gstYTL9HLWU&amp;list=PLjXLCSmO7rtosnsIUvXHuU4ZmcHBkkPfa&amp;index=5\">Medita\u00e7\u00e3o Guiada Respira\u00e7\u00e3o para Gratid\u00e3o<\/a><\/p>\n\n\n\n<p><\/p>\n\n\n\n<p>| <a href=\"https:\/\/www.youtube.com\/watch?v=hVG_QMPSmgc&amp;list=PLjXLCSmO7rtpMXUNX7qN26quX5b7ft1y8&amp;index=1\">Medita\u00e7\u00e3o da Gratid\u00e3o (dia 1)<\/a><\/p>\n\n\n\n<p><\/p>\n\n\n\n<p>| <a href=\"https:\/\/www.youtube.com\/watch?v=ojXhLpRpLe4&amp;list=PLjXLCSmO7rtpMXUNX7qN26quX5b7ft1y8&amp;index=2\">Medita\u00e7\u00e3o da Gratid\u00e3o (dia 2)<\/a><\/p>\n\n\n\n<p><\/p>\n\n\n\n<p>| <a href=\"https:\/\/www.youtube.com\/watch?v=-C2Gb2bCxaU&amp;list=PLjXLCSmO7rtpMXUNX7qN26quX5b7ft1y8&amp;index=3\">Medita\u00e7\u00e3o da Gratid\u00e3o (dia 3)<\/a><\/p>\n\n\n\n<p><\/p>\n\n\n\n<p>| <a href=\"https:\/\/www.youtube.com\/watch?v=zHFcXzo3YHk&amp;list=PLjXLCSmO7rtpMXUNX7qN26quX5b7ft1y8&amp;index=4\">Medita\u00e7\u00e3o da Gratid\u00e3o (dia 4)<\/a><\/p>\n\n\n\n<p><\/p>\n\n\n\n<p>| <a href=\"https:\/\/www.youtube.com\/watch?v=1ZYboPDHa8A&amp;list=PLjXLCSmO7rtpMXUNX7qN26quX5b7ft1y8&amp;index=5\">Medita\u00e7\u00e3o da Gratid\u00e3o (dia 5)<\/a><\/p>\n\n\n\n<p><\/p>\n\n\n\n<p>| <a href=\"https:\/\/www.youtube.com\/watch?v=O7Cg7AREemA&amp;list=PLjXLCSmO7rtoeesjS-c_Aa9BQI9BYhIdj&amp;index=1\">Medita\u00e7\u00e3o cores do dia da Semana (dia 1)<\/a><\/p>\n\n\n\n<p><\/p>\n\n\n\n<p>| <a href=\"https:\/\/www.youtube.com\/watch?v=rlloSyfSa54&amp;list=PLjXLCSmO7rtoeesjS-c_Aa9BQI9BYhIdj&amp;index=2\">Medita\u00e7\u00e3o cores do dia da Semana (dia 2)<\/a><\/p>\n\n\n\n<p><\/p>\n\n\n\n<p>| <a href=\"https:\/\/www.youtube.com\/watch?v=xzbakDfK62Q&amp;list=PLjXLCSmO7rtoeesjS-c_Aa9BQI9BYhIdj&amp;index=3\">Medita\u00e7\u00e3o cores do dia da Semana (dia 3)<\/a><\/p>\n\n\n\n<p><\/p>\n\n\n\n<p>| <a href=\"https:\/\/www.youtube.com\/watch?v=Y8ptn2F-gCU&amp;list=PLjXLCSmO7rtoeesjS-c_Aa9BQI9BYhIdj&amp;index=4\">Medita\u00e7\u00e3o cores do dia da Semana (dia 4)<\/a><\/p>\n\n\n\n<p><\/p>\n\n\n\n<p>| <a href=\"https:\/\/www.youtube.com\/watch?v=1Nynrb0BTgI&amp;list=PLjXLCSmO7rtoeesjS-c_Aa9BQI9BYhIdj&amp;index=5\">Medita\u00e7\u00e3o cores do dia da Semana (dia 5)<\/a><\/p>\n\n\n\n<p><\/p>\n\n\n\n<p>| <a href=\"https:\/\/www.youtube.com\/watch?v=_mks78ksSUQ&amp;list=PLjXLCSmO7rtrn-9Xv-8aFcKk8BkWH6Afc&amp;index=1\">Medita\u00e7\u00e3o com Mantra &#8220;OM&#8221; (dia 1)<\/a><\/p>\n\n\n\n<p><\/p>\n\n\n\n<p>| <a href=\"https:\/\/www.youtube.com\/watch?v=V7bi6PdewkU&amp;list=PLjXLCSmO7rtrn-9Xv-8aFcKk8BkWH6Afc&amp;index=2\">Medita\u00e7\u00e3o com Mantra &#8220;OM&#8221; (dia 2)<\/a><\/p>\n\n\n\n<p><\/p>\n\n\n\n<p>| <a href=\"https:\/\/www.youtube.com\/watch?v=CLNNgJSG5Ok&amp;list=PLjXLCSmO7rtrn-9Xv-8aFcKk8BkWH6Afc&amp;index=3\">Medita\u00e7\u00e3o com Mantra &#8220;OM&#8221; (dia 3)<\/a><\/p>\n\n\n\n<p><\/p>\n\n\n\n<p>| <a href=\"https:\/\/www.youtube.com\/watch?v=onN2gJ-IvAo&amp;list=PLjXLCSmO7rtrn-9Xv-8aFcKk8BkWH6Afc&amp;index=4\">Medita\u00e7\u00e3o com Mantra &#8220;OM&#8221; (dia 4)<\/a><\/p>\n\n\n\n<p><\/p>\n\n\n\n<p>| <a href=\"https:\/\/www.youtube.com\/watch?v=HpYs8788r6I&amp;list=PLjXLCSmO7rtrn-9Xv-8aFcKk8BkWH6Afc&amp;index=5\">Medita\u00e7\u00e3o com Mantra &#8220;OM&#8221; (dia 5)<\/a><\/p>\n\n\n\n<p><\/p>\n\n\n\n<p>| <a href=\"https:\/\/www.youtube.com\/playlist?list=PLjXLCSmO7rtrl69xWM8et4OSOCpm_aViS\" target=\"_blank\" rel=\"noreferrer noopener\">Orienta\u00e7\u00f5es para Medita\u00e7\u00e3o Humming, Respira\u00e7\u00e3o da Abelha, Bhramari Pranayama&nbsp;<\/a><\/p>\n\n\n\n<p><\/p>\n\n\n\n<p>| <a href=\"https:\/\/www.youtube.com\/watch?v=OJXs-5oNXZI&amp;list=PLjXLCSmO7rtpMhiTGskKFtIa0CBYGw69x&amp;index=1\">Medita\u00e7\u00e3o Humming (dia 1)<\/a><\/p>\n\n\n\n<p><\/p>\n\n\n\n<p>| <a href=\"https:\/\/www.youtube.com\/watch?v=gWnFg3BQR0I&amp;list=PLjXLCSmO7rtpMhiTGskKFtIa0CBYGw69x&amp;index=2\">Medita\u00e7\u00e3o Humming (dia 2)<\/a><\/p>\n\n\n\n<p><\/p>\n\n\n\n<p>| <a href=\"https:\/\/www.youtube.com\/watch?v=RMXYuznKy6o&amp;list=PLjXLCSmO7rtpMhiTGskKFtIa0CBYGw69x&amp;index=3\">Medita\u00e7\u00e3o Humming (dia 3)<\/a><\/p>\n\n\n\n<p><\/p>\n\n\n\n<p>| <a href=\"https:\/\/www.youtube.com\/watch?v=1pst1DkI63Y&amp;list=PLjXLCSmO7rtpMhiTGskKFtIa0CBYGw69x&amp;index=4\">Medita\u00e7\u00e3o Humming (dia 4)<\/a><\/p>\n\n\n\n<p><\/p>\n\n\n\n<p>| <a href=\"https:\/\/www.youtube.com\/watch?v=r1bNaUq9Yc0&amp;list=PLjXLCSmO7rtpMhiTGskKFtIa0CBYGw69x&amp;index=5\">Medita\u00e7\u00e3o Humming (dia 5)<\/a><\/p>\n\n\n\n<p><\/p>\n\n\n\n<p>| <a href=\"https:\/\/www.youtube.com\/watch?v=xvi5aEEaoww&amp;list=PLjXLCSmO7rtrRKhM2u_8xfmmGWasaqOgl&amp;index=1\">Medita\u00e7\u00e3o dos 4 Elementos para Harmonia e Paz Interior<\/a><\/p>\n\n\n\n<p><\/p>\n\n\n\n<p>| <a href=\"https:\/\/www.youtube.com\/watch?v=FC-iUaVw2MU&amp;list=PLjXLCSmO7rtryLPDX7iyJMraX5wZR6zBJ&amp;index=5\">Medita\u00e7\u00e3o para come\u00e7ar bem o dia<\/a><\/p>\n\n\n\n<p><\/p>\n\n\n\n<p>| <a href=\"https:\/\/www.youtube.com\/watch?v=aORHF0XQe44&amp;list=PLjXLCSmO7rtryLPDX7iyJMraX5wZR6zBJ&amp;index=4\">Medita\u00e7\u00e3o da Permiss\u00e3o<\/a><\/p>\n\n\n\n<p><\/p>\n\n\n\n<p>| <a href=\"https:\/\/www.youtube.com\/watch?v=v3af5JY55h0&amp;list=PLjXLCSmO7rtryLPDX7iyJMraX5wZR6zBJ&amp;index=3\">Medita\u00e7\u00e3o do Cora\u00e7\u00e3o Brilhante<\/a><\/p>\n\n\n\n<p><\/p>\n\n\n\n<p>| <a href=\"https:\/\/www.youtube.com\/watch?v=R07N0-rJ7As&amp;list=PLjXLCSmO7rtryLPDX7iyJMraX5wZR6zBJ&amp;index=2\" target=\"_blank\" rel=\"noreferrer noopener\">Medita\u00e7\u00e3o da Imperman\u00eancia<\/a><\/p>\n\n\n\n<p><\/p>\n\n\n\n<p>| <a href=\"https:\/\/www.youtube.com\/watch?v=evMrOvGIRuQ&amp;list=PLjXLCSmO7rtqOQ7mpZcavmEbh5u6_cd-5&amp;index=11\" target=\"_blank\" rel=\"noreferrer noopener\">Medita\u00e7\u00e3o para Come\u00e7ar bem o Dia<\/a><\/p>\n\n\n\n<p><\/p>\n\n\n\n<p>| <a href=\"https:\/\/www.youtube.com\/watch?v=lka8uSgx0Cg&amp;list=PLjXLCSmO7rtqOQ7mpZcavmEbh5u6_cd-5&amp;index=10\" target=\"_blank\" rel=\"noreferrer noopener\">Medita\u00e7\u00e3o para Come\u00e7ar bem o Dia<\/a><\/p>\n\n\n\n<p><\/p>\n\n\n\n<p>| <a href=\"https:\/\/www.youtube.com\/watch?v=SjMeASujsb0&amp;list=PLjXLCSmO7rtqOQ7mpZcavmEbh5u6_cd-5&amp;index=9\" target=\"_blank\" rel=\"noreferrer noopener\">Medita\u00e7\u00e3o para Come\u00e7ar bem o Dia<\/a><\/p>\n\n\n\n<p><\/p>\n\n\n\n<p>| <a href=\"https:\/\/www.youtube.com\/watch?v=Yxesyfnj15g&amp;list=PLjXLCSmO7rtqOQ7mpZcavmEbh5u6_cd-5&amp;index=8\" target=\"_blank\" rel=\"noreferrer noopener\">Medita\u00e7\u00e3o para Come\u00e7ar bem o Dia<\/a><\/p>\n\n\n\n<p><\/p>\n\n\n\n<p>| <a href=\"https:\/\/www.youtube.com\/watch?v=0jNkMuPp2_g&amp;list=PLjXLCSmO7rtqOQ7mpZcavmEbh5u6_cd-5&amp;index=7\" target=\"_blank\" rel=\"noreferrer noopener\">Medita\u00e7\u00e3o para Come\u00e7ar bem o Dia<\/a><\/p>\n\n\n\n<p><\/p>\n\n\n\n<p>| <a href=\"https:\/\/www.youtube.com\/watch?v=R1e8tS-0ADU&amp;list=PLjXLCSmO7rtqOQ7mpZcavmEbh5u6_cd-5&amp;index=6\" target=\"_blank\" rel=\"noreferrer noopener\">Medita\u00e7\u00e3o para Come\u00e7ar bem o Dia<\/a><\/p>\n\n\n\n<p><\/p>\n\n\n\n<p>| <a href=\"https:\/\/www.youtube.com\/watch?v=9CFbp7JkVpY&amp;list=PLjXLCSmO7rtqOQ7mpZcavmEbh5u6_cd-5&amp;index=5\" target=\"_blank\" rel=\"noreferrer noopener\">Medita\u00e7\u00e3o para Come\u00e7ar bem o Dia<\/a><\/p>\n\n\n\n<p><\/p>\n\n\n\n<p>| <a href=\"https:\/\/www.youtube.com\/watch?v=rtdRAApf_a8&amp;list=PLjXLCSmO7rtqOQ7mpZcavmEbh5u6_cd-5&amp;index=4\" target=\"_blank\" rel=\"noreferrer noopener\">Medita\u00e7\u00e3o da Chama Violeta<\/a><\/p>\n\n\n\n<p><\/p>\n\n\n\n<p>| <a href=\"https:\/\/www.youtube.com\/watch?v=bkYxHHX-kVk&amp;list=PLjXLCSmO7rtqOQ7mpZcavmEbh5u6_cd-5&amp;index=3\" target=\"_blank\" rel=\"noreferrer noopener\">Medita\u00e7\u00e3o Mandala da Vida<\/a><\/p>\n\n\n\n<p><\/p>\n\n\n\n<p>| <a href=\"https:\/\/www.youtube.com\/watch?v=h7JSnnaGYNQ&amp;list=PLjXLCSmO7rtqOQ7mpZcavmEbh5u6_cd-5&amp;index=2\" target=\"_blank\" rel=\"noreferrer noopener\">Medita\u00e7\u00e3o pela Paz Interior<\/a><\/p>\n\n\n\n<p><\/p>\n\n\n\n<p>| <a href=\"https:\/\/www.youtube.com\/watch?v=SxEX-0JhMKU&amp;list=PLjXLCSmO7rtqOQ7mpZcavmEbh5u6_cd-5&amp;index=1\" target=\"_blank\" rel=\"noreferrer noopener\">Medita\u00e7\u00e3o em 4 e 8 respira\u00e7\u00f5es<\/a><\/p>\n\n\n\n<p><\/p>\n\n\n\n<p>| <a href=\"https:\/\/www.youtube.com\/watch?v=qQve-CMoc_Q&amp;list=PLjXLCSmO7rtphwLmYvE2LRJ1n84CPeF6P\" target=\"_blank\" rel=\"noreferrer noopener\">Medita\u00e7\u00e3o da Chama Violeta<\/a><\/p>\n\n\n\n<p><\/p>\n\n\n\n<p>| <a href=\"https:\/\/www.youtube.com\/watch?v=o_XgAIXOk1Q&amp;list=PLjXLCSmO7rtphwLmYvE2LRJ1n84CPeF6P\" target=\"_blank\" rel=\"noreferrer noopener\">Medita\u00e7\u00e3o do Cora\u00e7\u00e3o<\/a><\/p>\n\n\n\n<p><mark style=\"background-color:rgba(0, 0, 0, 0);color:#ffffff\" class=\"has-inline-color\">.<\/mark><\/p>\n\n\n\n<p><mark style=\"background-color:rgba(0, 0, 0, 0);color:#ffffff\" class=\"has-inline-color\">.<\/mark><\/p>\n\n\n\n<p><strong>19 MEDITA\u00c7\u00d5ES CONDUZIDAS POR CONVIDADOS(AS)<\/strong><\/p>\n\n\n\n<p><\/p>\n\n\n\n<p>| <a href=\"https:\/\/www.youtube.com\/watch?v=cQTjeZbo85M&amp;list=PLjXLCSmO7rtptMB9gOyyizteMN-zvpqcx&amp;index=1\" target=\"_blank\" rel=\"noreferrer noopener\">Medita\u00e7\u00e3o Neti Neti com Prema e Prema e Abhishek<\/a><\/p>\n\n\n\n<p><\/p>\n\n\n\n<p>| <a href=\"https:\/\/www.youtube.com\/watch?v=Z1a8kAJ6i9s&amp;list=PLjXLCSmO7rtqsisQIqfuzn72-2MtL9pvd&amp;index=1\">Medita\u00e7\u00e3o de Abertura do campo qu\u00e2ntico com Shanna Marun<\/a><\/p>\n\n\n\n<p><\/p>\n\n\n\n<p>| <a href=\"https:\/\/www.youtube.com\/watch?v=aicZS-3KTLo&amp;list=PLjXLCSmO7rtqsisQIqfuzn72-2MtL9pvd&amp;index=2\">Medita\u00e7\u00e3o de escaneamento qu\u00e2ntico para limpeza energ\u00e9tica feminina com Shanna Marun<\/a><\/p>\n\n\n\n<p><\/p>\n\n\n\n<p>| <a href=\"https:\/\/www.youtube.com\/watch?v=olMdltVCGzE&amp;list=PLjXLCSmO7rtqsisQIqfuzn72-2MtL9pvd&amp;index=3\">Medita\u00e7\u00e3o para manifestar habilidades existenciais da mulher com Shanna Marun<\/a><\/p>\n\n\n\n<p><\/p>\n\n\n\n<p>| <a href=\"https:\/\/www.youtube.com\/watch?v=F3W47CR1y4I&amp;list=PLjXLCSmO7rtqsisQIqfuzn72-2MtL9pvd&amp;index=4\">Medita\u00e7\u00e3o sist\u00eamica da Mulher\/m\u00e3e\/esposa\/profissional\/filha e seus pap\u00e9is com Shanna Marun<\/a><\/p>\n\n\n\n<p><\/p>\n\n\n\n<p>| <a href=\"https:\/\/www.youtube.com\/watch?v=A5zC8qt6oas&amp;list=PLjXLCSmO7rtqsisQIqfuzn72-2MtL9pvd&amp;index=5\">Medita\u00e7\u00e3o para uma vida qu\u00e2ntica e c\u00f3smica no poder feminino Universal com Shanna Marun<\/a><\/p>\n\n\n\n<p><\/p>\n\n\n\n<p>| <a href=\"https:\/\/www.youtube.com\/watch?v=zu1-knfIyTY&amp;list=PLjXLCSmO7rtqsisQIqfuzn72-2MtL9pvd&amp;index=6\">Ora\u00e7\u00e3o Qu\u00e2ntica de Inicia\u00e7\u00e3o \u00e0 Espiritualidade com Shanna Marun<\/a><\/p>\n\n\n\n<p><\/p>\n\n\n\n<p>| <a href=\"https:\/\/www.youtube.com\/watch?v=gEuMSGGxFlA&amp;list=PLjXLCSmO7rtpY7zc26je8NHg7BD1yZhWC&amp;index=1\">Medita\u00e7\u00e3o para trazer enraizamento e seguran\u00e7a com Myriam Filippi<\/a><\/p>\n\n\n\n<p><\/p>\n\n\n\n<p>| <a href=\"https:\/\/www.youtube.com\/watch?v=vMLqufAiQ3E&amp;list=PLjXLCSmO7rtpY7zc26je8NHg7BD1yZhWC&amp;index=2\">Medita\u00e7\u00e3o para trazer o equil\u00edbrio emocional com Myriam Filippi<\/a><\/p>\n\n\n\n<p><\/p>\n\n\n\n<p>| <a href=\"https:\/\/www.youtube.com\/watch?v=yDvEugY_BCA&amp;list=PLjXLCSmO7rtpY7zc26je8NHg7BD1yZhWC&amp;index=3\">Medita\u00e7\u00e3o para aumentar a energia pessoal com Myriam Filippi<\/a><\/p>\n\n\n\n<p><\/p>\n\n\n\n<p>| <a href=\"https:\/\/www.youtube.com\/watch?v=NEIL7vkjbfU&amp;list=PLjXLCSmO7rtpY7zc26je8NHg7BD1yZhWC&amp;index=4\">Medita\u00e7\u00e3o para atingir a frequ\u00eancia do amor incondicional com Myriam Filippi<\/a><\/p>\n\n\n\n<p><\/p>\n\n\n\n<p>| <a href=\"https:\/\/www.youtube.com\/watch?v=vflla7lcIwk&amp;list=PLjXLCSmO7rtpY7zc26je8NHg7BD1yZhWC&amp;index=5\">Medita\u00e7\u00e3o para atingir as frequ\u00eancias sutis e o estado de bem-aventuran\u00e7a com Myriam Filippi<\/a><\/p>\n\n\n\n<p><\/p>\n\n\n\n<p>| <a href=\"https:\/\/www.youtube.com\/watch?v=-PxURswHcTs&amp;list=PLjXLCSmO7rtrzj6OHrebOjUU2wMvhrvpU&amp;index=1\">Medita\u00e7\u00e3o Chakra Raiz &#8211; Muladhara Chakra com Deisi Scunderlick<\/a><\/p>\n\n\n\n<p><\/p>\n\n\n\n<p>| <a href=\"https:\/\/www.youtube.com\/watch?v=Sn_2xlhMDK8&amp;list=PLjXLCSmO7rtrzj6OHrebOjUU2wMvhrvpU&amp;index=2\">Medita\u00e7\u00e3o Chakra Sexual &#8211; Swadhistana com Deisi Scunderlick<\/a><\/p>\n\n\n\n<p><\/p>\n\n\n\n<p>| <a href=\"https:\/\/www.youtube.com\/watch?v=PBxSNd74rBo&amp;list=PLjXLCSmO7rtrzj6OHrebOjUU2wMvhrvpU&amp;index=3\">Medita\u00e7\u00e3o Chakra do Plexo Solar &#8211; Manipura Chakra com Deisi Scunderlick<\/a><\/p>\n\n\n\n<p><\/p>\n\n\n\n<p>| <a href=\"https:\/\/www.youtube.com\/watch?v=M3l5Erol_oA&amp;list=PLjXLCSmO7rtrzj6OHrebOjUU2wMvhrvpU&amp;index=4\">Medita\u00e7\u00e3o Chakra do Cora\u00e7\u00e3o &#8211; Anahata Chakra com Deisi Scunderlick<\/a><\/p>\n\n\n\n<p><\/p>\n\n\n\n<p>| <a href=\"https:\/\/www.youtube.com\/watch?v=IkkH3BkTwy8&amp;list=PLjXLCSmO7rtrzj6OHrebOjUU2wMvhrvpU&amp;index=5\">Medita\u00e7\u00e3o Chakra da Garganta &#8211; Vishuddha Chakra com Deisi Scunderlick<\/a><\/p>\n\n\n\n<p><\/p>\n\n\n\n<p>| <a href=\"https:\/\/www.youtube.com\/watch?v=LOAxP0jNaBY&amp;list=PLjXLCSmO7rtrzj6OHrebOjUU2wMvhrvpU&amp;index=6\">Medita\u00e7\u00e3o Chakra do Terceiro Olho &#8211; Ajna Chakra com Deisi Scunderlick<\/a><\/p>\n\n\n\n<p><\/p>\n\n\n\n<p>| <a href=\"https:\/\/www.youtube.com\/watch?v=0IebhOU5yfE&amp;list=PLjXLCSmO7rtrzj6OHrebOjUU2wMvhrvpU&amp;index=7\">Medita\u00e7\u00e3o Chakra da Coroa &#8211; Sahasrara Chakra com Deisi Scunderlick<\/a><\/p>\n\n\n\n<p><mark style=\"background-color:rgba(0, 0, 0, 0);color:#ffffff\" class=\"has-inline-color\">.<\/mark><\/p>\n\n\n\n<p><mark style=\"background-color:rgba(0, 0, 0, 0);color:#ffffff\" class=\"has-inline-color\">.<\/mark><\/p>\n\n\n\n<p><strong>PERGUNTE AO MEDITANTE<\/strong><\/p>\n\n\n\n<p><\/p>\n\n\n\n<p>| <a href=\"https:\/\/www.youtube.com\/watch?v=dovglPF8mEA&amp;list=PLjXLCSmO7rtr2KVImyfyPe41CMSIDiT7N&amp;index=1\" target=\"_blank\" rel=\"noreferrer noopener\">Pergunte a Meditante com Shrurti Dasi<\/a><\/p>\n","protected":false},"excerpt":{"rendered":"<p>\ud83d\ude01 Boas Vindas ao Meditantes Membros! \ud83d\udc4f Parab\u00e9ns por ser Membro Assinante do Movimento Meditantes\u2026 Agora voc\u00ea tem acesso a&hellip;<\/p>\n","protected":false},"author":1,"featured_media":0,"parent":213,"menu_order":0,"comment_status":"closed","ping_status":"closed","template":"","meta":{"footnotes":""},"class_list":["post-1870","page","type-page","status-publish","hentry"],"_links":{"self":[{"href":"https:\/\/meditantes.com.br\/news\/index.php?rest_route=\/wp\/v2\/pages\/1870","targetHints":{"allow":["GET"]}}],"collection":[{"href":"https:\/\/meditantes.com.br\/news\/index.php?rest_route=\/wp\/v2\/pages"}],"about":[{"href":"https:\/\/meditantes.com.br\/news\/index.php?rest_route=\/wp\/v2\/types\/page"}],"author":[{"embeddable":true,"href":"https:\/\/meditantes.com.br\/news\/index.php?rest_route=\/wp\/v2\/users\/1"}],"replies":[{"embeddable":true,"href":"https:\/\/meditantes.com.br\/news\/index.php?rest_route=%2Fwp%2Fv2%2Fcomments&post=1870"}],"version-history":[{"count":50,"href":"https:\/\/meditantes.com.br\/news\/index.php?rest_route=\/wp\/v2\/pages\/1870\/revisions"}],"predecessor-version":[{"id":2194,"href":"https:\/\/meditantes.com.br\/news\/index.php?rest_route=\/wp\/v2\/pages\/1870\/revisions\/2194"}],"up":[{"embeddable":true,"href":"https:\/\/meditantes.com.br\/news\/index.php?rest_route=\/wp\/v2\/pages\/213"}],"wp:attachment":[{"href":"https:\/\/meditantes.com.br\/news\/index.php?rest_route=%2Fwp%2Fv2%2Fmedia&parent=1870"}],"curies":[{"name":"wp","href":"https:\/\/api.w.org\/{rel}","templated":true}]}}