{"id":2262,"date":"2024-05-25T22:56:36","date_gmt":"2024-05-25T22:56:36","guid":{"rendered":"https:\/\/meditantes.com.br\/news\/?page_id=2262"},"modified":"2025-05-06T14:14:01","modified_gmt":"2025-05-06T14:14:01","slug":"loja","status":"publish","type":"page","link":"https:\/\/meditantes.com.br\/news\/?page_id=2262","title":{"rendered":"Loja"},"content":{"rendered":"\n<figure class=\"wp-block-image size-large\"><img loading=\"lazy\" decoding=\"async\" width=\"1024\" height=\"160\" src=\"https:\/\/meditantes.com.br\/news\/wp-content\/uploads\/2025\/05\/3-1024x160.png\" alt=\"\" class=\"wp-image-7126\" srcset=\"https:\/\/meditantes.com.br\/news\/wp-content\/uploads\/2025\/05\/3-1024x160.png 1024w, https:\/\/meditantes.com.br\/news\/wp-content\/uploads\/2025\/05\/3-300x47.png 300w, https:\/\/meditantes.com.br\/news\/wp-content\/uploads\/2025\/05\/3-768x120.png 768w, https:\/\/meditantes.com.br\/news\/wp-content\/uploads\/2025\/05\/3.png 1280w\" sizes=\"auto, (max-width: 1024px) 100vw, 1024px\" \/><\/figure>\n\n\n\n<p><em>Boas Vindas a Loja Meditantes! Aqui voc\u00ea encontra Temas e Livros para presentear e te apoiar nas suas Pr\u00e1ticas Meditativas<\/em>&#8230;<\/p>\n\n\n\n<p><mark style=\"background-color:rgba(0, 0, 0, 0);color:#ffffff\" class=\"has-inline-color\">.<\/mark><\/p>\n\n\n\n<p><mark style=\"background-color:rgba(0, 0, 0, 0);color:#ffffff\" class=\"has-inline-color\">.<\/mark><\/p>\n\n\n\n<p>| <strong>RECORDA\u00c7\u00d5ES<\/strong><\/p>\n\n\n\n<div class=\"wp-block-columns is-layout-flex wp-container-core-columns-is-layout-28f84493 wp-block-columns-is-layout-flex\">\n<div class=\"wp-block-column is-layout-flow wp-block-column-is-layout-flow\">\n<figure class=\"wp-block-image aligncenter size-large is-resized\"><a href=\"https:\/\/api.whatsapp.com\/send?phone=5548999027516&amp;text=Quero%20Caneca\" target=\"_blank\" rel=\"noreferrer noopener\"><img loading=\"lazy\" decoding=\"async\" width=\"1024\" height=\"1024\" src=\"https:\/\/meditantes.com.br\/news\/wp-content\/uploads\/2024\/05\/LOJA-DO-MEDITANTE-2-1-1024x1024.png\" alt=\"\" class=\"wp-image-2327\" style=\"width:409px;height:auto\" srcset=\"https:\/\/meditantes.com.br\/news\/wp-content\/uploads\/2024\/05\/LOJA-DO-MEDITANTE-2-1-1024x1024.png 1024w, https:\/\/meditantes.com.br\/news\/wp-content\/uploads\/2024\/05\/LOJA-DO-MEDITANTE-2-1-300x300.png 300w, https:\/\/meditantes.com.br\/news\/wp-content\/uploads\/2024\/05\/LOJA-DO-MEDITANTE-2-1-150x150.png 150w, https:\/\/meditantes.com.br\/news\/wp-content\/uploads\/2024\/05\/LOJA-DO-MEDITANTE-2-1-768x768.png 768w, https:\/\/meditantes.com.br\/news\/wp-content\/uploads\/2024\/05\/LOJA-DO-MEDITANTE-2-1.png 1080w\" sizes=\"auto, (max-width: 1024px) 100vw, 1024px\" \/><\/a><\/figure>\n\n\n\n<p>Caneca Meditantes! <br><em>pe\u00e7a a sua pelo WhastApp 48 999027516<\/em><br>\ud83d\uddb1\ufe0f <a href=\"https:\/\/api.whatsapp.com\/send?phone=5548933009432&amp;text=Quero%20Caneca\" target=\"_blank\" rel=\"noreferrer noopener\"><em>Compre aqui<\/em><\/a><\/p>\n\n\n\n<p><mark style=\"background-color:rgba(0, 0, 0, 0);color:#ffffff\" class=\"has-inline-color\">.<\/mark><\/p>\n<\/div>\n\n\n\n<div class=\"wp-block-column is-layout-flow wp-block-column-is-layout-flow\">\n<figure class=\"wp-block-image aligncenter size-large is-resized\"><a href=\"https:\/\/api.whatsapp.com\/send?phone=5548999027516&amp;text=Quero%20Camiseta\" target=\"_blank\" rel=\"noreferrer noopener\"><img loading=\"lazy\" decoding=\"async\" width=\"1024\" height=\"1024\" src=\"https:\/\/meditantes.com.br\/news\/wp-content\/uploads\/2024\/05\/LOJA-DO-MEDITANTE-3-1024x1024.png\" alt=\"\" class=\"wp-image-2328\" style=\"width:407px;height:auto\" srcset=\"https:\/\/meditantes.com.br\/news\/wp-content\/uploads\/2024\/05\/LOJA-DO-MEDITANTE-3-1024x1024.png 1024w, https:\/\/meditantes.com.br\/news\/wp-content\/uploads\/2024\/05\/LOJA-DO-MEDITANTE-3-300x300.png 300w, https:\/\/meditantes.com.br\/news\/wp-content\/uploads\/2024\/05\/LOJA-DO-MEDITANTE-3-150x150.png 150w, https:\/\/meditantes.com.br\/news\/wp-content\/uploads\/2024\/05\/LOJA-DO-MEDITANTE-3-768x768.png 768w, https:\/\/meditantes.com.br\/news\/wp-content\/uploads\/2024\/05\/LOJA-DO-MEDITANTE-3.png 1080w\" sizes=\"auto, (max-width: 1024px) 100vw, 1024px\" \/><\/a><\/figure>\n\n\n\n<p>Camiseta Meditantes! <br><em>pe\u00e7a a sua pelo WhastApp 48 999027516<\/em><br>\ud83d\uddb1\ufe0f <a href=\"https:\/\/api.whatsapp.com\/send?phone=5548933009432&amp;text=Quero%20Camiseta\" target=\"_blank\" rel=\"noreferrer noopener\"><em>Compre aqui<\/em><\/a><\/p>\n\n\n\n<p><mark style=\"background-color:rgba(0, 0, 0, 0);color:#ffffff\" class=\"has-inline-color\">.<\/mark><\/p>\n<\/div>\n<\/div>\n\n\n\n<p><mark style=\"background-color:rgba(0, 0, 0, 0);color:#ffffff\" class=\"has-inline-color\">.<\/mark><\/p>\n\n\n\n<p><mark style=\"background-color:rgba(0, 0, 0, 0);color:#ffffff\" class=\"has-inline-color\">.<\/mark><\/p>\n\n\n\n<p><mark style=\"background-color:rgba(0, 0, 0, 0);color:#ffffff\" class=\"has-inline-color\">.<\/mark><\/p>\n\n\n\n<p><mark style=\"background-color:rgba(0, 0, 0, 0);color:#ffffff\" class=\"has-inline-color\">.<\/mark><\/p>\n\n\n\n<p>| <strong>LIVROS<\/strong><\/p>\n\n\n\n<div class=\"wp-block-columns is-layout-flex wp-container-core-columns-is-layout-28f84493 wp-block-columns-is-layout-flex\">\n<div class=\"wp-block-column is-layout-flow wp-block-column-is-layout-flow\">\n<figure class=\"wp-block-image size-large is-resized\"><a href=\"https:\/\/api.whatsapp.com\/send?phone=5548933009432&amp;text=Quero%20Livro\" target=\"_blank\" rel=\"noreferrer noopener\"><img loading=\"lazy\" decoding=\"async\" width=\"618\" height=\"1024\" src=\"https:\/\/meditantes.com.br\/news\/wp-content\/uploads\/2024\/05\/Design-sem-nome-1-618x1024.png\" alt=\"\" class=\"wp-image-2095\" style=\"width:244px;height:auto\" srcset=\"https:\/\/meditantes.com.br\/news\/wp-content\/uploads\/2024\/05\/Design-sem-nome-1-618x1024.png 618w, https:\/\/meditantes.com.br\/news\/wp-content\/uploads\/2024\/05\/Design-sem-nome-1-181x300.png 181w, https:\/\/meditantes.com.br\/news\/wp-content\/uploads\/2024\/05\/Design-sem-nome-1-768x1272.png 768w, https:\/\/meditantes.com.br\/news\/wp-content\/uploads\/2024\/05\/Design-sem-nome-1.png 800w\" sizes=\"auto, (max-width: 618px) 100vw, 618px\" \/><\/a><\/figure>\n\n\n\n<p>Shanti Kai<br>Suryavan Solar<br>\ud83d\uddb1\ufe0f <a href=\"https:\/\/api.whatsapp.com\/send?phone=5548933009432&amp;text=Quero%20Livro\" target=\"_blank\" rel=\"noreferrer noopener\"><em>Compre aqui<\/em><\/a><\/p>\n\n\n\n<p><mark style=\"background-color:rgba(0, 0, 0, 0);color:#ffffff\" class=\"has-inline-color\">.<\/mark><\/p>\n<\/div>\n\n\n\n<div class=\"wp-block-column is-layout-flow wp-block-column-is-layout-flow\">\n<figure class=\"wp-block-image size-large is-resized\"><a href=\"https:\/\/api.whatsapp.com\/send?phone=5548933009432&amp;text=Quero%20Livro\" target=\"_blank\" rel=\"noreferrer noopener\"><img loading=\"lazy\" decoding=\"async\" width=\"618\" height=\"1024\" src=\"https:\/\/meditantes.com.br\/news\/wp-content\/uploads\/2024\/05\/CAPA-LIVROS-618x1024.png\" alt=\"\" class=\"wp-image-2103\" style=\"width:245px;height:auto\" srcset=\"https:\/\/meditantes.com.br\/news\/wp-content\/uploads\/2024\/05\/CAPA-LIVROS-618x1024.png 618w, https:\/\/meditantes.com.br\/news\/wp-content\/uploads\/2024\/05\/CAPA-LIVROS-181x300.png 181w, https:\/\/meditantes.com.br\/news\/wp-content\/uploads\/2024\/05\/CAPA-LIVROS-768x1272.png 768w, https:\/\/meditantes.com.br\/news\/wp-content\/uploads\/2024\/05\/CAPA-LIVROS.png 800w\" sizes=\"auto, (max-width: 618px) 100vw, 618px\" \/><\/a><\/figure>\n\n\n\n<p>Medita\u00e7\u00e3o Andando<br>Thich Nhat Hanh<br>\ud83d\uddb1\ufe0f <a href=\"https:\/\/api.whatsapp.com\/send?phone=5548933009432&amp;text=Quero%20Livro\" target=\"_blank\" rel=\"noreferrer noopener\"><em>Compre aqui<\/em><\/a><\/p>\n\n\n\n<p><mark style=\"background-color:rgba(0, 0, 0, 0);color:#ffffff\" class=\"has-inline-color\">.<\/mark><\/p>\n<\/div>\n\n\n\n<div class=\"wp-block-column is-layout-flow wp-block-column-is-layout-flow\">\n<figure class=\"wp-block-image size-large is-resized\"><a href=\"https:\/\/api.whatsapp.com\/send?phone=5548933009432&amp;text=Quero%20Livro\" target=\"_blank\" rel=\"noreferrer noopener\"><img loading=\"lazy\" decoding=\"async\" width=\"618\" height=\"1024\" src=\"https:\/\/meditantes.com.br\/news\/wp-content\/uploads\/2024\/05\/CAPA-LIVROS-1-618x1024.png\" alt=\"\" class=\"wp-image-2105\" style=\"width:249px;height:auto\" srcset=\"https:\/\/meditantes.com.br\/news\/wp-content\/uploads\/2024\/05\/CAPA-LIVROS-1-618x1024.png 618w, https:\/\/meditantes.com.br\/news\/wp-content\/uploads\/2024\/05\/CAPA-LIVROS-1-181x300.png 181w, https:\/\/meditantes.com.br\/news\/wp-content\/uploads\/2024\/05\/CAPA-LIVROS-1-768x1272.png 768w, https:\/\/meditantes.com.br\/news\/wp-content\/uploads\/2024\/05\/CAPA-LIVROS-1.png 800w\" sizes=\"auto, (max-width: 618px) 100vw, 618px\" \/><\/a><\/figure>\n\n\n\n<p>Medita\u00e7\u00e3o Shinsokan<br>Masaharu Taniguchi<br>\ud83d\uddb1\ufe0f <a href=\"https:\/\/api.whatsapp.com\/send?phone=5548933009432&amp;text=Quero%20Livro\" target=\"_blank\" rel=\"noreferrer noopener\"><em>Compre aqui<\/em><\/a><\/p>\n\n\n\n<p><mark style=\"background-color:rgba(0, 0, 0, 0);color:#ffffff\" class=\"has-inline-color\">.<\/mark><\/p>\n<\/div>\n<\/div>\n\n\n\n<p><mark style=\"background-color:rgba(0, 0, 0, 0);color:#ffffff\" class=\"has-inline-color\">.<\/mark><\/p>\n\n\n\n<div class=\"wp-block-columns is-layout-flex wp-container-core-columns-is-layout-28f84493 wp-block-columns-is-layout-flex\">\n<div class=\"wp-block-column is-layout-flow wp-block-column-is-layout-flow\">\n<figure class=\"wp-block-image size-large is-resized\"><a href=\"https:\/\/api.whatsapp.com\/send?phone=5548933009432&amp;text=Quero%20Livro\" target=\"_blank\" rel=\"noreferrer noopener\"><img loading=\"lazy\" decoding=\"async\" width=\"618\" height=\"1024\" src=\"https:\/\/meditantes.com.br\/news\/wp-content\/uploads\/2024\/05\/CAPA-LIVROS-2-618x1024.png\" alt=\"\" class=\"wp-image-2341\" style=\"width:247px;height:auto\" srcset=\"https:\/\/meditantes.com.br\/news\/wp-content\/uploads\/2024\/05\/CAPA-LIVROS-2-618x1024.png 618w, https:\/\/meditantes.com.br\/news\/wp-content\/uploads\/2024\/05\/CAPA-LIVROS-2-181x300.png 181w, https:\/\/meditantes.com.br\/news\/wp-content\/uploads\/2024\/05\/CAPA-LIVROS-2-768x1272.png 768w, https:\/\/meditantes.com.br\/news\/wp-content\/uploads\/2024\/05\/CAPA-LIVROS-2.png 800w\" sizes=\"auto, (max-width: 618px) 100vw, 618px\" \/><\/a><\/figure>\n\n\n\n<p>Medicina e Medita\u00e7\u00e3o<br>Roberto Cardoso<br>\ud83d\uddb1\ufe0f <a href=\"https:\/\/api.whatsapp.com\/send?phone=5548933009432&amp;text=Quero%20Livro\" target=\"_blank\" rel=\"noreferrer noopener\"><em>Compre aqui<\/em><\/a><\/p>\n\n\n\n<p><mark style=\"background-color:rgba(0, 0, 0, 0);color:#ffffff\" class=\"has-inline-color\">.<\/mark><\/p>\n<\/div>\n\n\n\n<div class=\"wp-block-column is-layout-flow wp-block-column-is-layout-flow\">\n<figure class=\"wp-block-image size-large is-resized\"><a href=\"https:\/\/api.whatsapp.com\/send?phone=5548933009432&amp;text=Quero%20Livro\" target=\"_blank\" rel=\"noreferrer noopener\"><img loading=\"lazy\" decoding=\"async\" width=\"706\" height=\"1024\" src=\"https:\/\/meditantes.com.br\/news\/wp-content\/uploads\/2024\/06\/71ErxrP7uqL._SL1500_-706x1024.jpg\" alt=\"\" class=\"wp-image-2463\" style=\"width:281px;height:auto\" srcset=\"https:\/\/meditantes.com.br\/news\/wp-content\/uploads\/2024\/06\/71ErxrP7uqL._SL1500_-706x1024.jpg 706w, https:\/\/meditantes.com.br\/news\/wp-content\/uploads\/2024\/06\/71ErxrP7uqL._SL1500_-207x300.jpg 207w, https:\/\/meditantes.com.br\/news\/wp-content\/uploads\/2024\/06\/71ErxrP7uqL._SL1500_-768x1114.jpg 768w, https:\/\/meditantes.com.br\/news\/wp-content\/uploads\/2024\/06\/71ErxrP7uqL._SL1500_.jpg 1034w\" sizes=\"auto, (max-width: 706px) 100vw, 706px\" \/><\/a><\/figure>\n\n\n\n<p>Medita\u00e7\u00e3o e Sa\u00fade<br>Regina Chamon<br>\ud83d\uddb1\ufe0f <a href=\"https:\/\/api.whatsapp.com\/send?phone=5548933009432&amp;text=Quero%20Livro\" target=\"_blank\" rel=\"noreferrer noopener\"><em>Compre aqui<\/em><\/a><\/p>\n\n\n\n<p><mark style=\"background-color:rgba(0, 0, 0, 0);color:#ffffff\" class=\"has-inline-color\">.<\/mark><\/p>\n\n\n\n<p><mark style=\"background-color:rgba(0, 0, 0, 0);color:#ffffff\" class=\"has-inline-color\">.<\/mark><\/p>\n\n\n\n<p><mark style=\"background-color:rgba(0, 0, 0, 0);color:#ffffff\" class=\"has-inline-color\">.<\/mark><\/p>\n<\/div>\n\n\n\n<div class=\"wp-block-column is-layout-flow wp-block-column-is-layout-flow\">\n<figure class=\"wp-block-image size-large is-resized\"><a href=\"https:\/\/api.whatsapp.com\/send?phone=5548933009432&amp;text=Quero%20Livro\" target=\"_blank\" rel=\"noreferrer noopener\"><img loading=\"lazy\" decoding=\"async\" width=\"618\" height=\"1024\" src=\"https:\/\/meditantes.com.br\/news\/wp-content\/uploads\/2024\/05\/CAPA-LIVROS-2-1-618x1024.png\" alt=\"\" class=\"wp-image-2346\" style=\"width:248px;height:auto\" srcset=\"https:\/\/meditantes.com.br\/news\/wp-content\/uploads\/2024\/05\/CAPA-LIVROS-2-1-618x1024.png 618w, https:\/\/meditantes.com.br\/news\/wp-content\/uploads\/2024\/05\/CAPA-LIVROS-2-1-181x300.png 181w, https:\/\/meditantes.com.br\/news\/wp-content\/uploads\/2024\/05\/CAPA-LIVROS-2-1-768x1272.png 768w, https:\/\/meditantes.com.br\/news\/wp-content\/uploads\/2024\/05\/CAPA-LIVROS-2-1.png 800w\" sizes=\"auto, (max-width: 618px) 100vw, 618px\" \/><\/a><\/figure>\n\n\n\n<p>Aprenda Silenciar a Mente<br>Osho<br>\ud83d\uddb1\ufe0f <a href=\"https:\/\/api.whatsapp.com\/send?phone=5548933009432&amp;text=Quero%20Livro\" target=\"_blank\" rel=\"noreferrer noopener\"><em>Compre aqui<\/em><\/a><\/p>\n<\/div>\n<\/div>\n\n\n\n<div class=\"wp-block-columns is-layout-flex wp-container-core-columns-is-layout-28f84493 wp-block-columns-is-layout-flex\">\n<div class=\"wp-block-column is-layout-flow wp-block-column-is-layout-flow\">\n<figure class=\"wp-block-image size-large is-resized\"><a href=\"https:\/\/api.whatsapp.com\/send?phone=5548933009432&amp;text=Quero%20Livro\" target=\"_blank\" rel=\"noreferrer noopener\"><img loading=\"lazy\" decoding=\"async\" width=\"618\" height=\"1024\" src=\"https:\/\/meditantes.com.br\/news\/wp-content\/uploads\/2024\/05\/CAPA-LIVROS-3-618x1024.png\" alt=\"\" class=\"wp-image-2354\" style=\"width:252px;height:auto\" srcset=\"https:\/\/meditantes.com.br\/news\/wp-content\/uploads\/2024\/05\/CAPA-LIVROS-3-618x1024.png 618w, https:\/\/meditantes.com.br\/news\/wp-content\/uploads\/2024\/05\/CAPA-LIVROS-3-181x300.png 181w, https:\/\/meditantes.com.br\/news\/wp-content\/uploads\/2024\/05\/CAPA-LIVROS-3-768x1272.png 768w, https:\/\/meditantes.com.br\/news\/wp-content\/uploads\/2024\/05\/CAPA-LIVROS-3.png 800w\" sizes=\"auto, (max-width: 618px) 100vw, 618px\" \/><\/a><\/figure>\n\n\n\n<p>Medita\u00e7\u00e3o &#8211; A Arte de Voar<br>Suryavan Solar<br>\ud83d\uddb1\ufe0f <a href=\"https:\/\/api.whatsapp.com\/send?phone=5548933009432&amp;text=Quero%20Livro\" target=\"_blank\" rel=\"noreferrer noopener\"><em>Compre aqui<\/em><\/a><\/p>\n<\/div>\n\n\n\n<div class=\"wp-block-column is-layout-flow wp-block-column-is-layout-flow\">\n<figure class=\"wp-block-image size-large is-resized\"><a href=\"https:\/\/api.whatsapp.com\/send?phone=5548933009432&amp;text=Quero%20Livro\" target=\"_blank\" rel=\"noreferrer noopener\"><img loading=\"lazy\" decoding=\"async\" width=\"618\" height=\"1024\" src=\"https:\/\/meditantes.com.br\/news\/wp-content\/uploads\/2024\/05\/CAPA-LIVROS-2-2-618x1024.png\" alt=\"\" class=\"wp-image-2356\" style=\"width:254px;height:auto\" srcset=\"https:\/\/meditantes.com.br\/news\/wp-content\/uploads\/2024\/05\/CAPA-LIVROS-2-2-618x1024.png 618w, https:\/\/meditantes.com.br\/news\/wp-content\/uploads\/2024\/05\/CAPA-LIVROS-2-2-181x300.png 181w, https:\/\/meditantes.com.br\/news\/wp-content\/uploads\/2024\/05\/CAPA-LIVROS-2-2-768x1272.png 768w, https:\/\/meditantes.com.br\/news\/wp-content\/uploads\/2024\/05\/CAPA-LIVROS-2-2.png 800w\" sizes=\"auto, (max-width: 618px) 100vw, 618px\" \/><\/a><\/figure>\n\n\n\n<p>ShantiKai dos 4 Elementos<br>Suryavan Solar<br>\ud83d\uddb1\ufe0f <a href=\"https:\/\/api.whatsapp.com\/send?phone=5548933009432&amp;text=Quero%20Livro\" target=\"_blank\" rel=\"noreferrer noopener\"><em>Compre aqui<\/em><\/a><\/p>\n<\/div>\n\n\n\n<div class=\"wp-block-column is-layout-flow wp-block-column-is-layout-flow\">\n<figure class=\"wp-block-image size-large is-resized\"><a href=\"https:\/\/api.whatsapp.com\/send?phone=5548933009432&amp;text=Quero%20Livro\" target=\"_blank\" rel=\"noreferrer noopener\"><img loading=\"lazy\" decoding=\"async\" width=\"618\" height=\"1024\" src=\"https:\/\/meditantes.com.br\/news\/wp-content\/uploads\/2024\/05\/CAPA-LIVROS-3-1-618x1024.png\" alt=\"\" class=\"wp-image-2359\" style=\"width:258px;height:auto\" srcset=\"https:\/\/meditantes.com.br\/news\/wp-content\/uploads\/2024\/05\/CAPA-LIVROS-3-1-618x1024.png 618w, https:\/\/meditantes.com.br\/news\/wp-content\/uploads\/2024\/05\/CAPA-LIVROS-3-1-181x300.png 181w, https:\/\/meditantes.com.br\/news\/wp-content\/uploads\/2024\/05\/CAPA-LIVROS-3-1-768x1272.png 768w, https:\/\/meditantes.com.br\/news\/wp-content\/uploads\/2024\/05\/CAPA-LIVROS-3-1.png 800w\" sizes=\"auto, (max-width: 618px) 100vw, 618px\" \/><\/a><\/figure>\n\n\n\n<p>Medita\u00e7\u00e3o Total<br>Deepak Chopra<br>\ud83d\uddb1\ufe0f <a href=\"https:\/\/api.whatsapp.com\/send?phone=5548933009432&amp;text=Quero%20Livro\" target=\"_blank\" rel=\"noreferrer noopener\"><em>Compre aqui<\/em><\/a><\/p>\n<\/div>\n<\/div>\n\n\n\n<p><mark style=\"background-color:rgba(0, 0, 0, 0);color:#ffffff\" class=\"has-inline-color\">.<\/mark><\/p>\n\n\n\n<div class=\"wp-block-columns is-layout-flex wp-container-core-columns-is-layout-28f84493 wp-block-columns-is-layout-flex\">\n<div class=\"wp-block-column is-layout-flow wp-block-column-is-layout-flow\">\n<figure class=\"wp-block-image size-large is-resized\"><a href=\"https:\/\/api.whatsapp.com\/send?phone=5548933009432&amp;text=Quero%20Livro\" target=\"_blank\" rel=\"noreferrer noopener\"><img loading=\"lazy\" decoding=\"async\" width=\"618\" height=\"1024\" src=\"https:\/\/meditantes.com.br\/news\/wp-content\/uploads\/2024\/05\/CAPA-LIVROS-1-1-618x1024.png\" alt=\"\" class=\"wp-image-2344\" style=\"width:247px;height:auto\" srcset=\"https:\/\/meditantes.com.br\/news\/wp-content\/uploads\/2024\/05\/CAPA-LIVROS-1-1-618x1024.png 618w, https:\/\/meditantes.com.br\/news\/wp-content\/uploads\/2024\/05\/CAPA-LIVROS-1-1-181x300.png 181w, https:\/\/meditantes.com.br\/news\/wp-content\/uploads\/2024\/05\/CAPA-LIVROS-1-1-768x1272.png 768w, https:\/\/meditantes.com.br\/news\/wp-content\/uploads\/2024\/05\/CAPA-LIVROS-1-1.png 800w\" sizes=\"auto, (max-width: 618px) 100vw, 618px\" \/><\/a><\/figure>\n\n\n\n<p>Medita\u00e7\u00e3o Essencial<br>Dalai Lama<br>\ud83d\uddb1\ufe0f <a href=\"https:\/\/api.whatsapp.com\/send?phone=5548933009432&amp;text=Quero%20Livro\" target=\"_blank\" rel=\"noreferrer noopener\"><em>Compre aqui<\/em><\/a><\/p>\n<\/div>\n\n\n\n<div class=\"wp-block-column is-layout-flow wp-block-column-is-layout-flow\"><\/div>\n\n\n\n<div class=\"wp-block-column is-layout-flow wp-block-column-is-layout-flow\"><\/div>\n<\/div>\n\n\n\n<p><mark style=\"background-color:rgba(0, 0, 0, 0);color:#ffffff\" class=\"has-inline-color\">.<\/mark><\/p>\n\n\n\n<p><mark style=\"background-color:rgba(0, 0, 0, 0);color:#ffffff\" class=\"has-inline-color\">.<\/mark><\/p>\n\n\n\n<p><mark style=\"background-color:rgba(0, 0, 0, 0);color:#ffffff\" class=\"has-inline-color\">.<\/mark><\/p>\n\n\n\n<p><mark style=\"background-color:rgba(0, 0, 0, 0);color:#ffffff\" class=\"has-inline-color\">.<\/mark><\/p>\n\n\n\n<p><mark style=\"background-color:rgba(0, 0, 0, 0);color:#ffffff\" class=\"has-inline-color\">.<\/mark><\/p>\n\n\n\n<p><mark style=\"background-color:rgba(0, 0, 0, 0);color:#ffffff\" class=\"has-inline-color\">.<\/mark><\/p>\n\n\n\n<p><em><strong>Experimente, aproveite!<\/strong><\/em><mark style=\"background-color:rgba(0, 0, 0, 0);color:#ffffff\" class=\"has-inline-color\">.<\/mark><\/p>\n\n\n\n<figure class=\"wp-block-image size-large\"><img loading=\"lazy\" decoding=\"async\" width=\"1024\" height=\"160\" src=\"https:\/\/meditantes.com.br\/news\/wp-content\/uploads\/2024\/05\/TOPO-2048X320-1024x160.png\" alt=\"\" class=\"wp-image-1634\" srcset=\"https:\/\/meditantes.com.br\/news\/wp-content\/uploads\/2024\/05\/TOPO-2048X320-1024x160.png 1024w, https:\/\/meditantes.com.br\/news\/wp-content\/uploads\/2024\/05\/TOPO-2048X320-300x47.png 300w, https:\/\/meditantes.com.br\/news\/wp-content\/uploads\/2024\/05\/TOPO-2048X320-768x120.png 768w, https:\/\/meditantes.com.br\/news\/wp-content\/uploads\/2024\/05\/TOPO-2048X320-1536x240.png 1536w, https:\/\/meditantes.com.br\/news\/wp-content\/uploads\/2024\/05\/TOPO-2048X320.png 2048w\" sizes=\"auto, (max-width: 1024px) 100vw, 1024px\" \/><\/figure>\n\n\n\n<figure class=\"wp-block-image size-large\"><a href=\"https:\/\/meditantes.com.br\/podcast\"><img loading=\"lazy\" decoding=\"async\" width=\"1024\" height=\"160\" src=\"https:\/\/meditantes.com.br\/news\/wp-content\/uploads\/2024\/05\/COMUNIDADE-MEDITANTES-18-1024x160.png\" alt=\"\" class=\"wp-image-2112\" srcset=\"https:\/\/meditantes.com.br\/news\/wp-content\/uploads\/2024\/05\/COMUNIDADE-MEDITANTES-18-1024x160.png 1024w, https:\/\/meditantes.com.br\/news\/wp-content\/uploads\/2024\/05\/COMUNIDADE-MEDITANTES-18-300x47.png 300w, https:\/\/meditantes.com.br\/news\/wp-content\/uploads\/2024\/05\/COMUNIDADE-MEDITANTES-18-768x120.png 768w, https:\/\/meditantes.com.br\/news\/wp-content\/uploads\/2024\/05\/COMUNIDADE-MEDITANTES-18.png 1280w\" sizes=\"auto, (max-width: 1024px) 100vw, 1024px\" \/><\/a><\/figure>\n\n\n\n<p><em>Tenha acesso a Medita\u00e7\u00f5es para voc\u00ea fazer a qualquer hora do dia junto com conte\u00fados exclusivos sobre Medita\u00e7\u00e3o. Inscreva-se e tenha acesso imediato!<\/em> <em><a href=\"http:\/\/meditantes.com.br\/membros\">meditantes.com.br\/membros<\/a><\/em><\/p>\n\n\n\n<p><mark style=\"background-color:rgba(0, 0, 0, 0);color:#ffffff\" class=\"has-inline-color\">.<\/mark><\/p>\n\n\n\n<p><mark style=\"background-color:rgba(0, 0, 0, 0);color:#ffffff\" class=\"has-inline-color\">.<\/mark><\/p>\n\n\n\n<p><mark style=\"background-color:rgba(0, 0, 0, 0);color:#ffffff\" class=\"has-inline-color\">.<\/mark><\/p>\n\n\n\n<p><strong><em>Gostou? comenta, compartilha&#8230;<\/em><\/strong><\/p>\n","protected":false},"excerpt":{"rendered":"<p>Boas Vindas a Loja Meditantes! Aqui voc\u00ea encontra Temas e Livros para presentear e te apoiar nas suas Pr\u00e1ticas Meditativas&#8230;&hellip;<\/p>\n","protected":false},"author":1,"featured_media":0,"parent":0,"menu_order":5,"comment_status":"closed","ping_status":"closed","template":"","meta":{"footnotes":""},"class_list":["post-2262","page","type-page","status-publish","hentry"],"_links":{"self":[{"href":"https:\/\/meditantes.com.br\/news\/index.php?rest_route=\/wp\/v2\/pages\/2262","targetHints":{"allow":["GET"]}}],"collection":[{"href":"https:\/\/meditantes.com.br\/news\/index.php?rest_route=\/wp\/v2\/pages"}],"about":[{"href":"https:\/\/meditantes.com.br\/news\/index.php?rest_route=\/wp\/v2\/types\/page"}],"author":[{"embeddable":true,"href":"https:\/\/meditantes.com.br\/news\/index.php?rest_route=\/wp\/v2\/users\/1"}],"replies":[{"embeddable":true,"href":"https:\/\/meditantes.com.br\/news\/index.php?rest_route=%2Fwp%2Fv2%2Fcomments&post=2262"}],"version-history":[{"count":39,"href":"https:\/\/meditantes.com.br\/news\/index.php?rest_route=\/wp\/v2\/pages\/2262\/revisions"}],"predecessor-version":[{"id":7127,"href":"https:\/\/meditantes.com.br\/news\/index.php?rest_route=\/wp\/v2\/pages\/2262\/revisions\/7127"}],"wp:attachment":[{"href":"https:\/\/meditantes.com.br\/news\/index.php?rest_route=%2Fwp%2Fv2%2Fmedia&parent=2262"}],"curies":[{"name":"wp","href":"https:\/\/api.w.org\/{rel}","templated":true}]}}