{"id":403,"date":"2024-03-24T17:35:04","date_gmt":"2024-03-24T17:35:04","guid":{"rendered":"https:\/\/meditantes.com.br\/news\/?page_id=403"},"modified":"2024-12-14T23:54:36","modified_gmt":"2024-12-14T23:54:36","slug":"sobre","status":"publish","type":"page","link":"https:\/\/meditantes.com.br\/news\/?page_id=403","title":{"rendered":"Sobre"},"content":{"rendered":"\n<figure class=\"wp-block-image size-large\"><img loading=\"lazy\" decoding=\"async\" width=\"1024\" height=\"160\" src=\"https:\/\/meditantes.com.br\/news\/wp-content\/uploads\/2024\/05\/9-1-1024x160.png\" alt=\"\" class=\"wp-image-2165\" srcset=\"https:\/\/meditantes.com.br\/news\/wp-content\/uploads\/2024\/05\/9-1-1024x160.png 1024w, https:\/\/meditantes.com.br\/news\/wp-content\/uploads\/2024\/05\/9-1-300x47.png 300w, https:\/\/meditantes.com.br\/news\/wp-content\/uploads\/2024\/05\/9-1-768x120.png 768w, https:\/\/meditantes.com.br\/news\/wp-content\/uploads\/2024\/05\/9-1.png 1280w\" sizes=\"auto, (max-width: 1024px) 100vw, 1024px\" \/><\/figure>\n\n\n\n<p><\/p>\n\n\n\n<p><\/p>\n\n\n\n<p>O <strong>Meditantes News<\/strong> \u00e9 o portal oficial do Movimento Meditantes. Um ambiente completo e interativo feito especialmente para voc\u00ea que quer come\u00e7ar a meditar ou busca conte\u00fado, informa\u00e7\u00f5es, pr\u00e1ticas, estudos, viv\u00eancias, dicas experi\u00eancias e tudo mais sobre o universo da Medita\u00e7\u00e3o.<\/p>\n\n\n\n<p><\/p>\n\n\n\n<p>No Movimento Meditantes voc\u00ea encontra o: <br><br><strong>| <a href=\"https:\/\/meditantes.com.br\/news\/?page_id=275\">Meditantes PodCast<\/a><\/strong><br><em>Entrevistas com convidados sobre Experi\u00eancias em Medita\u00e7\u00e3o<\/em><\/p>\n\n\n\n<p><\/p>\n\n\n\n<p><strong><strong>|<\/strong> <a href=\"https:\/\/meditantes.com.br\/news\/?page_id=664\">Comece bem o dia Meditando<\/a><\/strong><br><em>Medita\u00e7\u00e3o Di\u00e1ria, ao vivo, as 6hs da manh\u00e3<\/em><\/p>\n\n\n\n<p><\/p>\n\n\n\n<p><strong>| <strong>Meditantes<\/strong><\/strong> <strong>Cursos<\/strong><br><em>Para quem deseja aprofundar-se, para tornar-se condutor(a) ou instrutor de Medita\u00e7\u00e3o<\/em><\/p>\n\n\n\n<p><\/p>\n\n\n\n<p><strong>| <a href=\"https:\/\/meditantes.com.br\/news\/?page_id=2\"><strong>Comunidade<\/strong> Meditantes<\/a> <\/strong><br><em>Grupo privado no whastaspp para receber conte\u00fados di\u00e1rios<\/em><\/p>\n\n\n\n<p><\/p>\n\n\n\n<p><strong>| <a href=\"https:\/\/meditantes.com.br\/news\/\">Meditantes News<\/a><\/strong><br><em>Portal de distribui\u00e7\u00e3o de conte\u00fados do Movimento Meditantes<\/em><\/p>\n\n\n\n<p><\/p>\n\n\n\n<p>Aproveite, experimente!<\/p>\n\n\n\n<p><\/p>\n","protected":false},"excerpt":{"rendered":"<p>O Meditantes News \u00e9 o portal oficial do Movimento Meditantes. Um ambiente completo e interativo feito especialmente para voc\u00ea que&hellip;<\/p>\n","protected":false},"author":1,"featured_media":0,"parent":0,"menu_order":0,"comment_status":"closed","ping_status":"closed","template":"","meta":{"footnotes":""},"class_list":["post-403","page","type-page","status-publish","hentry"],"_links":{"self":[{"href":"https:\/\/meditantes.com.br\/news\/index.php?rest_route=\/wp\/v2\/pages\/403","targetHints":{"allow":["GET"]}}],"collection":[{"href":"https:\/\/meditantes.com.br\/news\/index.php?rest_route=\/wp\/v2\/pages"}],"about":[{"href":"https:\/\/meditantes.com.br\/news\/index.php?rest_route=\/wp\/v2\/types\/page"}],"author":[{"embeddable":true,"href":"https:\/\/meditantes.com.br\/news\/index.php?rest_route=\/wp\/v2\/users\/1"}],"replies":[{"embeddable":true,"href":"https:\/\/meditantes.com.br\/news\/index.php?rest_route=%2Fwp%2Fv2%2Fcomments&post=403"}],"version-history":[{"count":20,"href":"https:\/\/meditantes.com.br\/news\/index.php?rest_route=\/wp\/v2\/pages\/403\/revisions"}],"predecessor-version":[{"id":2166,"href":"https:\/\/meditantes.com.br\/news\/index.php?rest_route=\/wp\/v2\/pages\/403\/revisions\/2166"}],"wp:attachment":[{"href":"https:\/\/meditantes.com.br\/news\/index.php?rest_route=%2Fwp%2Fv2%2Fmedia&parent=403"}],"curies":[{"name":"wp","href":"https:\/\/api.w.org\/{rel}","templated":true}]}}