{"id":4230,"date":"2024-10-26T06:00:36","date_gmt":"2024-10-26T06:00:36","guid":{"rendered":"https:\/\/meditantes.com.br\/news\/?page_id=4230"},"modified":"2025-04-24T22:02:16","modified_gmt":"2025-04-24T22:02:16","slug":"gabrielmenezes","status":"publish","type":"page","link":"https:\/\/meditantes.com.br\/news\/?page_id=4230","title":{"rendered":"| Gabriel Menezes"},"content":{"rendered":"\n<p><em>Pesquisador Som\u00e1tico.<\/em><\/p>\n\n\n\n<p><\/p>\n\n\n\n<p><mark style=\"background-color:rgba(0, 0, 0, 0);color:#ffffff\" class=\"has-inline-color\">.<\/mark><\/p>\n\n\n\n<figure class=\"wp-block-image size-large\"><a href=\"https:\/\/www.youtube.com\/playlist?list=PLjXLCSmO7rtoAvgAw-H4Isx2-NnSAtlew\" target=\"_blank\" rel=\" noreferrer noopener\"><img loading=\"lazy\" decoding=\"async\" width=\"1024\" height=\"576\" src=\"https:\/\/meditantes.com.br\/news\/wp-content\/uploads\/2024\/12\/27-1024x576.png\" alt=\"\" class=\"wp-image-4231\" srcset=\"https:\/\/meditantes.com.br\/news\/wp-content\/uploads\/2024\/12\/27-1024x576.png 1024w, https:\/\/meditantes.com.br\/news\/wp-content\/uploads\/2024\/12\/27-300x169.png 300w, https:\/\/meditantes.com.br\/news\/wp-content\/uploads\/2024\/12\/27-768x432.png 768w, https:\/\/meditantes.com.br\/news\/wp-content\/uploads\/2024\/12\/27-1536x864.png 1536w, https:\/\/meditantes.com.br\/news\/wp-content\/uploads\/2024\/12\/27.png 2048w\" sizes=\"auto, (max-width: 1024px) 100vw, 1024px\" \/><\/a><\/figure>\n\n\n\n<h1 class=\"wp-block-heading\">Medita\u00e7\u00e3o e Somatiza\u00e7\u00e3o com Gabriel Menezes no Meditantes PodCast #83<\/h1>\n\n\n\n<p>\ud83d\udcdd  <em>Esse \u00e9 um caminho poderoso para compreender e transformar a somatiza\u00e7\u00e3o, revelando a \u00edntima conex\u00e3o entre mente, emo\u00e7\u00f5es e corpo. Ao silenciar e observar o que se passa dentro de n\u00f3s, descobrimos que o corpo fala aquilo que a mente n\u00e3o escuta. Na pr\u00e1tica meditativa, criamos espa\u00e7o para acolher nossas dores e tens\u00f5es com compaix\u00e3o, dissolvendo bloqueios emocionais e permitindo que o corpo se liberte de pesos invis\u00edveis. Assim, a medita\u00e7\u00e3o torna-se uma aliada na cura e no reencontro com o equil\u00edbrio.<\/em><\/p>\n\n\n\n<p><\/p>\n\n\n\n<p><mark style=\"background-color:rgba(0, 0, 0, 0);color:#ffffff\" class=\"has-inline-color\">.<\/mark><\/p>\n\n\n\n<p><\/p>\n\n\n\n<p>\ud83d\udc4d <em>Confira nas Playlists abaixo as brilhantes <strong>Experi\u00eancias em Medita\u00e7\u00e3o<\/strong> compartilhadas e disponibilizadas para voc\u00ea em v\u00e1rias plataformas.<\/em><\/p>\n\n\n\n<p><mark style=\"background-color:rgba(0, 0, 0, 0);color:#ffffff\" class=\"has-inline-color\">.<\/mark><\/p>\n\n\n\n<p class=\"has-text-align-left\"><\/p>\n\n\n\n<hr class=\"wp-block-separator has-alpha-channel-opacity\"\/>\n\n\n\n<p class=\"has-text-align-left\"><mark style=\"background-color:rgba(0, 0, 0, 0);color:#ffffff\" class=\"has-inline-color\">.<\/mark><\/p>\n\n\n\n<p><\/p>\n\n\n\n<h3 class=\"wp-block-heading has-text-align-left\">\u2699\ufe0f | <a href=\"https:\/\/www.youtube.com\/playlist?list=PLjXLCSmO7rtoAvgAw-H4Isx2-NnSAtlew\" target=\"_blank\" rel=\"noreferrer noopener\">Playlist em V\u00eddeo no Youtube<\/a><\/h3>\n\n\n\n<p><\/p>\n\n\n\n<p><mark style=\"background-color:rgba(0, 0, 0, 0);color:#ffffff\" class=\"has-inline-color\">.<\/mark><\/p>\n\n\n\n<p><\/p>\n\n\n\n<h3 class=\"wp-block-heading has-text-align-left\">\u2699\ufe0f | <a href=\"https:\/\/www.youtube.com\/playlist?list=PLjXLCSmO7rtrEw073gXirTdDrFig9Z4Ru\" target=\"_blank\" rel=\"noreferrer noopener\"><\/a><a href=\"https:\/\/open.spotify.com\/playlist\/5nn0pV5OInicDVt4lW9SjR\" target=\"_blank\" rel=\"noreferrer noopener\">Playlist em \u00c1udio no Spotify<\/a><\/h3>\n\n\n\n<p class=\"has-text-align-left\"><\/p>\n\n\n\n<p><mark style=\"background-color:rgba(0, 0, 0, 0);color:#ffffff\" class=\"has-inline-color\">.<\/mark><\/p>\n\n\n\n<p><\/p>\n\n\n\n<h3 class=\"wp-block-heading has-text-align-left\">\u2699\ufe0f | <a href=\"https:\/\/meditantes.com.br\/news\/?cat=91\" rel=\"nofollow\">Textos no Meditantes News<\/a><\/h3>\n\n\n\n<p class=\"has-text-align-left\"><\/p>\n\n\n\n<p><mark style=\"background-color:rgba(0, 0, 0, 0);color:#ffffff\" class=\"has-inline-color\">.<\/mark><\/p>\n\n\n\n<p><\/p>\n\n\n\n<h4 class=\"wp-block-heading has-text-align-left\">\u2699\ufe0f | Artigos sobre Medita\u00e7\u00e3o<\/h4>\n\n\n\n<p><\/p>\n\n\n\n<p><mark style=\"background-color:rgba(0, 0, 0, 0);color:#ffffff\" class=\"has-inline-color\">.<\/mark><\/p>\n\n\n\n<p><mark style=\"background-color:rgba(0, 0, 0, 0);color:#ffffff\" class=\"has-inline-color\">.<\/mark><\/p>\n\n\n\n<p class=\"has-text-align-left\"><\/p>\n\n\n\n<hr class=\"wp-block-separator has-alpha-channel-opacity\"\/>\n\n\n\n<p class=\"has-text-align-left\"><\/p>\n\n\n\n<h4 class=\"wp-block-heading has-text-align-left\">\ud83d\udcda  | <strong>Livros sobre Medita\u00e7\u00e3o que eu indico<\/strong><\/h4>\n\n\n\n<p>| <em>Respire: A nova ci\u00eancia de uma arte perdida &#8211; James Nestor<\/em><\/p>\n\n\n\n<p>| <em>Outlive: A arte e a ci\u00eancia de viver mais e melhor &#8211; Peter Attia<\/em><\/p>\n\n\n\n<p><\/p>\n\n\n\n<p class=\"has-text-align-left\"><mark style=\"background-color:rgba(0, 0, 0, 0);color:#ffffff\" class=\"has-inline-color\">.<\/mark><\/p>\n\n\n\n<p><mark style=\"background-color:rgba(0, 0, 0, 0);color:#ffffff\" class=\"has-inline-color\">.<\/mark><\/p>\n\n\n\n<p><\/p>\n\n\n\n<hr class=\"wp-block-separator has-alpha-channel-opacity\"\/>\n\n\n\n<p class=\"has-text-align-left\"><\/p>\n\n\n\n<p><mark style=\"background-color:rgba(0, 0, 0, 0);color:#ffffff\" class=\"has-inline-color\">.<\/mark><\/p>\n\n\n\n<p>\ud83e\udeb7 <strong>Onde mais voc\u00ea encontra essas Experi\u00eancias em Medita\u00e7\u00e3o?<\/strong><\/p>\n\n\n\n<p><\/p>\n\n\n\n<p>\ud83c\udf10 | <em><a href=\"https:\/\/www.facebook.com\/watch\/meditantespodcast\/1661018707791575\" target=\"_blank\" rel=\"noreferrer noopener\">Facebook Watch<\/a><\/em><\/p>\n\n\n\n<p><\/p>\n\n\n\n<p>\ud83c\udf10 | <em><a href=\"https:\/\/music.youtube.com\/playlist?list=PLjXLCSmO7rtoAvgAw-H4Isx2-NnSAtlew\" target=\"_blank\" rel=\"noreferrer noopener\">Youtube Music<\/a><\/em><\/p>\n\n\n\n<p><\/p>\n\n\n\n<p>\ud83c\udf10 | <em><a href=\"https:\/\/dailymotion.com\/playlist\/x90nmq\" target=\"_blank\" rel=\"noreferrer noopener\">Dailymotion<\/a> (Fran\u00e7a)<\/em><\/p>\n\n\n\n<p><\/p>\n\n\n\n<p>\ud83c\udf10 | <em><a href=\"https:\/\/odysee.com\/@meditantespodcast\/83\" target=\"_blank\" rel=\"noreferrer noopener\">Odysee<\/a><\/em> <em>(Estados Unidos)<\/em><\/p>\n\n\n\n<p><\/p>\n\n\n\n<p>\ud83c\udf10 | <em><a href=\"https:\/\/vkvideo.ru\/playlist\/815896582_91\" target=\"_blank\" rel=\"noreferrer noopener\">VKontakte<\/a> (Russia)<\/em><\/p>\n\n\n\n<p><\/p>\n\n\n\n<p>\ud83c\udf10 | <a href=\"https:\/\/www.tokyvideo.com\/br\/s%C3%A9ries\/meditantes-podcast-83\" target=\"_blank\" rel=\"noreferrer noopener\"><em>Tokyvideo<\/em><\/a><\/p>\n\n\n\n<p><\/p>\n\n\n\n<p>\ud83c\udf10 | <a href=\"https:\/\/ok.ru\/video\/c25083334\" target=\"_blank\" rel=\"noreferrer noopener\"><em>Ok.ru<\/em><\/a><\/p>\n\n\n\n<p><\/p>\n\n\n\n<p>\ud83c\udf10 | <em><a href=\"http:\/\/meditantes.com.br\/links\" target=\"_blank\" rel=\"noreferrer noopener\"><strong>Todos as plataformas<\/strong><\/a><\/em><\/p>\n\n\n\n<p><\/p>\n\n\n\n<p class=\"has-text-align-left\"><mark style=\"background-color:rgba(0, 0, 0, 0);color:#ffffff\" class=\"has-inline-color\">.<\/mark><\/p>\n\n\n\n<p><mark style=\"background-color:rgba(0, 0, 0, 0);color:#ffffff\" class=\"has-inline-color\">.<\/mark><\/p>\n\n\n\n<p><\/p>\n\n\n\n<hr class=\"wp-block-separator has-alpha-channel-opacity\"\/>\n\n\n\n<p class=\"has-text-align-left\"><\/p>\n\n\n\n<p><br><\/p>\n\n\n\n<p class=\"has-text-align-left\"><mark style=\"background-color:rgba(0, 0, 0, 0);color:#ffffff\" class=\"has-inline-color\">.<\/mark><\/p>\n\n\n\n<p><mark style=\"background-color:rgba(0, 0, 0, 0);color:#ffffff\" class=\"has-inline-color\">.<\/mark><\/p>\n\n\n\n<figure class=\"wp-block-image size-large\"><img loading=\"lazy\" decoding=\"async\" width=\"1024\" height=\"160\" src=\"https:\/\/meditantes.com.br\/news\/wp-content\/uploads\/2024\/05\/TOPO-2048X320-1024x160.png\" alt=\"\" class=\"wp-image-1634\" srcset=\"https:\/\/meditantes.com.br\/news\/wp-content\/uploads\/2024\/05\/TOPO-2048X320-1024x160.png 1024w, https:\/\/meditantes.com.br\/news\/wp-content\/uploads\/2024\/05\/TOPO-2048X320-300x47.png 300w, https:\/\/meditantes.com.br\/news\/wp-content\/uploads\/2024\/05\/TOPO-2048X320-768x120.png 768w, https:\/\/meditantes.com.br\/news\/wp-content\/uploads\/2024\/05\/TOPO-2048X320-1536x240.png 1536w, https:\/\/meditantes.com.br\/news\/wp-content\/uploads\/2024\/05\/TOPO-2048X320.png 2048w\" sizes=\"auto, (max-width: 1024px) 100vw, 1024px\" \/><\/figure>\n\n\n\n<h4 class=\"wp-block-heading has-text-align-left\">\ud83d\udc47 <strong>| Conhe\u00e7a mais sobre Gabriel Menezes<\/strong><\/h4>\n\n\n\n<p><\/p>\n\n\n\n<p>\ud83c\udf10 <a href=\"https:\/\/www.instagram.com\/professorgabrielmenezes\/\" target=\"_blank\" rel=\"noreferrer noopener\">Instagram<\/a><\/p>\n\n\n\n<p><\/p>\n\n\n\n<p>\ud83c\udf10 Site Oficial<\/p>\n\n\n\n<p><\/p>\n\n\n\n<p><mark style=\"background-color:rgba(0, 0, 0, 0);color:#ffffff\" class=\"has-inline-color\">.<\/mark><\/p>\n\n\n\n<p><mark style=\"background-color:rgba(0, 0, 0, 0);color:#ffffff\" class=\"has-inline-color\">.<\/mark><\/p>\n\n\n\n<p><mark style=\"background-color:rgba(0, 0, 0, 0);color:#ffffff\" class=\"has-inline-color\">.<\/mark><\/p>\n\n\n\n<p><\/p>\n\n\n\n<figure class=\"wp-block-image size-large\"><a href=\"https:\/\/meditantes.com.br\/podcast\"><img loading=\"lazy\" decoding=\"async\" width=\"1024\" height=\"160\" src=\"https:\/\/meditantes.com.br\/news\/wp-content\/uploads\/2024\/05\/COMUNIDADE-MEDITANTES-18-1024x160.png\" alt=\"\" class=\"wp-image-2112\" srcset=\"https:\/\/meditantes.com.br\/news\/wp-content\/uploads\/2024\/05\/COMUNIDADE-MEDITANTES-18-1024x160.png 1024w, https:\/\/meditantes.com.br\/news\/wp-content\/uploads\/2024\/05\/COMUNIDADE-MEDITANTES-18-300x47.png 300w, https:\/\/meditantes.com.br\/news\/wp-content\/uploads\/2024\/05\/COMUNIDADE-MEDITANTES-18-768x120.png 768w, https:\/\/meditantes.com.br\/news\/wp-content\/uploads\/2024\/05\/COMUNIDADE-MEDITANTES-18.png 1280w\" sizes=\"auto, (max-width: 1024px) 100vw, 1024px\" \/><\/a><\/figure>\n\n\n\n<p>\ud83c\udf10 <a href=\"http:\/\/meditantes.com.br\/youtube\" target=\"_blank\" rel=\"noreferrer noopener\"><em>Meditantes PodCast no Youtube<\/em><\/a><\/p>\n\n\n\n<p><mark style=\"background-color:rgba(0, 0, 0, 0);color:#ffffff\" class=\"has-inline-color\">.<\/mark><\/p>\n\n\n\n<p><mark style=\"background-color:rgba(0, 0, 0, 0);color:#ffffff\" class=\"has-inline-color\">.<\/mark><\/p>\n\n\n\n<p><mark style=\"background-color:rgba(0, 0, 0, 0);color:#ffffff\" class=\"has-inline-color\">.<\/mark><\/p>\n\n\n\n<p><mark style=\"background-color:rgba(0, 0, 0, 0);color:#ffffff\" class=\"has-inline-color\">.<\/mark><\/p>\n\n\n\n<p><\/p>\n\n\n\n<p>\ud83d\ude01 <strong>Gostou? comenta, compartilha\u2026<\/strong><\/p>\n\n\n\n<p class=\"has-text-align-left\"><\/p>\n","protected":false},"excerpt":{"rendered":"<p>Pesquisador Som\u00e1tico. . Medita\u00e7\u00e3o e Somatiza\u00e7\u00e3o com Gabriel Menezes no Meditantes PodCast #83 \ud83d\udcdd Esse \u00e9 um caminho poderoso para&hellip;<\/p>\n","protected":false},"author":1,"featured_media":0,"parent":580,"menu_order":0,"comment_status":"closed","ping_status":"closed","template":"","meta":{"footnotes":""},"class_list":["post-4230","page","type-page","status-publish","hentry"],"_links":{"self":[{"href":"https:\/\/meditantes.com.br\/news\/index.php?rest_route=\/wp\/v2\/pages\/4230","targetHints":{"allow":["GET"]}}],"collection":[{"href":"https:\/\/meditantes.com.br\/news\/index.php?rest_route=\/wp\/v2\/pages"}],"about":[{"href":"https:\/\/meditantes.com.br\/news\/index.php?rest_route=\/wp\/v2\/types\/page"}],"author":[{"embeddable":true,"href":"https:\/\/meditantes.com.br\/news\/index.php?rest_route=\/wp\/v2\/users\/1"}],"replies":[{"embeddable":true,"href":"https:\/\/meditantes.com.br\/news\/index.php?rest_route=%2Fwp%2Fv2%2Fcomments&post=4230"}],"version-history":[{"count":12,"href":"https:\/\/meditantes.com.br\/news\/index.php?rest_route=\/wp\/v2\/pages\/4230\/revisions"}],"predecessor-version":[{"id":7003,"href":"https:\/\/meditantes.com.br\/news\/index.php?rest_route=\/wp\/v2\/pages\/4230\/revisions\/7003"}],"up":[{"embeddable":true,"href":"https:\/\/meditantes.com.br\/news\/index.php?rest_route=\/wp\/v2\/pages\/580"}],"wp:attachment":[{"href":"https:\/\/meditantes.com.br\/news\/index.php?rest_route=%2Fwp%2Fv2%2Fmedia&parent=4230"}],"curies":[{"name":"wp","href":"https:\/\/api.w.org\/{rel}","templated":true}]}}