{"id":4241,"date":"2024-10-14T06:00:13","date_gmt":"2024-10-14T06:00:13","guid":{"rendered":"https:\/\/meditantes.com.br\/news\/?page_id=4241"},"modified":"2025-04-24T22:14:37","modified_gmt":"2025-04-24T22:14:37","slug":"thiagodepizzol","status":"publish","type":"page","link":"https:\/\/meditantes.com.br\/news\/?page_id=4241","title":{"rendered":"| Thiago De Pizzol"},"content":{"rendered":"\n<p><em>Ana \u00e9 uma mulher forte que teve uma grande experi\u00eancia no mercado corporativo, em busca de uma maior qualidade de vida, viveu transforma\u00e7\u00f5es incr\u00edveis atrav\u00e9s de sua pr\u00f3pria jornada pelo autoconhecimento, se beneficiando dessas oportunidades, e agora deseja retribuir compartilhando esse conhecimento com o mundo.<\/em><\/p>\n\n\n\n<p><\/p>\n\n\n\n<p><mark style=\"background-color:rgba(0, 0, 0, 0);color:#ffffff\" class=\"has-inline-color\">.<\/mark><\/p>\n\n\n\n<figure class=\"wp-block-image size-large\"><img loading=\"lazy\" decoding=\"async\" width=\"1024\" height=\"576\" src=\"https:\/\/meditantes.com.br\/news\/wp-content\/uploads\/2024\/12\/29-1024x576.png\" alt=\"\" class=\"wp-image-4242\" srcset=\"https:\/\/meditantes.com.br\/news\/wp-content\/uploads\/2024\/12\/29-1024x576.png 1024w, https:\/\/meditantes.com.br\/news\/wp-content\/uploads\/2024\/12\/29-300x169.png 300w, https:\/\/meditantes.com.br\/news\/wp-content\/uploads\/2024\/12\/29-768x432.png 768w, https:\/\/meditantes.com.br\/news\/wp-content\/uploads\/2024\/12\/29-1536x864.png 1536w, https:\/\/meditantes.com.br\/news\/wp-content\/uploads\/2024\/12\/29.png 2048w\" sizes=\"auto, (max-width: 1024px) 100vw, 1024px\" \/><\/figure>\n\n\n\n<h1 class=\"wp-block-heading\">Medita\u00e7\u00e3o e Liberta\u00e7\u00e3o do Sofrimento com Thiago De Pizzol no Meditantes PodCast #81<\/h1>\n\n\n\n<p><a href=\"https:\/\/www.youtube.com\/@meditantespodcast\"><\/a>\ud83d\udcdd\u00a0<em>\u00c9 um caminho compassivo para a liberta\u00e7\u00e3o do sofrimento, um retorno ao centro onde a dor \u00e9 acolhida e transmutada em sabedoria. Ao silenciar a mente e observar com presen\u00e7a, descobrimos que o sofrimento n\u00e3o nos define, mas \u00e9 uma nuvem passageira no c\u00e9u vasto do ser. Nesse espa\u00e7o de quietude, a medita\u00e7\u00e3o nos ensina a desapegar, a encontrar paz no meio da tormenta e a acessar a liberdade que sempre esteve dentro de n\u00f3s..<\/em><\/p>\n\n\n\n<p><\/p>\n\n\n\n<p><mark style=\"background-color:rgba(0, 0, 0, 0);color:#ffffff\" class=\"has-inline-color\">.<\/mark><\/p>\n\n\n\n<p><\/p>\n\n\n\n<p>\ud83d\udc4d <em>Confira nas Playlists abaixo as brilhantes <strong>Experi\u00eancias em Medita\u00e7\u00e3o<\/strong> compartilhadas e disponibilizadas para voc\u00ea em v\u00e1rias plataformas.<\/em><\/p>\n\n\n\n<p><mark style=\"background-color:rgba(0, 0, 0, 0);color:#ffffff\" class=\"has-inline-color\">.<\/mark><\/p>\n\n\n\n<p class=\"has-text-align-left\"><\/p>\n\n\n\n<hr class=\"wp-block-separator has-alpha-channel-opacity\"\/>\n\n\n\n<p class=\"has-text-align-left\"><mark style=\"background-color:rgba(0, 0, 0, 0);color:#ffffff\" class=\"has-inline-color\">.<\/mark><\/p>\n\n\n\n<p><\/p>\n\n\n\n<h3 class=\"wp-block-heading has-text-align-left\">\u2699\ufe0f | <a href=\"https:\/\/www.youtube.com\/playlist?list=PLjXLCSmO7rtrfEDsMfw4hYhk2v1kohauk\" target=\"_blank\" rel=\"noreferrer noopener\">Playlist em V\u00eddeo no Youtube<\/a><\/h3>\n\n\n\n<p><\/p>\n\n\n\n<p><mark style=\"background-color:rgba(0, 0, 0, 0);color:#ffffff\" class=\"has-inline-color\">.<\/mark><\/p>\n\n\n\n<p><\/p>\n\n\n\n<h3 class=\"wp-block-heading has-text-align-left\">\u2699\ufe0f | <a href=\"https:\/\/www.youtube.com\/playlist?list=PLjXLCSmO7rtrEw073gXirTdDrFig9Z4Ru\" target=\"_blank\" rel=\"noreferrer noopener\"><\/a><a href=\"https:\/\/open.spotify.com\/playlist\/5kY806GRc0mPa1kRNudkBn\" target=\"_blank\" rel=\"noreferrer noopener\">Playlist em \u00c1udio no Spotify<\/a><\/h3>\n\n\n\n<p class=\"has-text-align-left\"><\/p>\n\n\n\n<p><mark style=\"background-color:rgba(0, 0, 0, 0);color:#ffffff\" class=\"has-inline-color\">.<\/mark><\/p>\n\n\n\n<p><\/p>\n\n\n\n<h3 class=\"wp-block-heading has-text-align-left\">\u2699\ufe0f | <a href=\"https:\/\/meditantes.com.br\/news\/?cat=89\" rel=\"nofollow\">Textos no Meditantes News<\/a><\/h3>\n\n\n\n<p class=\"has-text-align-left\"><\/p>\n\n\n\n<p><mark style=\"background-color:rgba(0, 0, 0, 0);color:#ffffff\" class=\"has-inline-color\">.<\/mark><\/p>\n\n\n\n<p><\/p>\n\n\n\n<h4 class=\"wp-block-heading has-text-align-left\">\u2699\ufe0f | Artigos sobre Medita\u00e7\u00e3o<\/h4>\n\n\n\n<p><\/p>\n\n\n\n<p><mark style=\"background-color:rgba(0, 0, 0, 0);color:#ffffff\" class=\"has-inline-color\">.<\/mark><\/p>\n\n\n\n<p><mark style=\"background-color:rgba(0, 0, 0, 0);color:#ffffff\" class=\"has-inline-color\">.<\/mark><\/p>\n\n\n\n<p class=\"has-text-align-left\"><\/p>\n\n\n\n<hr class=\"wp-block-separator has-alpha-channel-opacity\"\/>\n\n\n\n<p class=\"has-text-align-left\"><\/p>\n\n\n\n<p class=\"has-text-align-left\"><mark style=\"background-color:rgba(0, 0, 0, 0);color:#ffffff\" class=\"has-inline-color\">.<\/mark><\/p>\n\n\n\n<p><\/p>\n\n\n\n<h4 class=\"wp-block-heading has-text-align-left\">\ud83d\udcda  | <strong>Livros sobre Medita\u00e7\u00e3o que eu indico<\/strong><\/h4>\n\n\n\n<p>| <\/p>\n\n\n\n<p class=\"has-text-align-left\"><mark style=\"background-color:rgba(0, 0, 0, 0);color:#ffffff\" class=\"has-inline-color\">.<\/mark><\/p>\n\n\n\n<p><mark style=\"background-color:rgba(0, 0, 0, 0);color:#ffffff\" class=\"has-inline-color\">.<\/mark><\/p>\n\n\n\n<p><\/p>\n\n\n\n<hr class=\"wp-block-separator has-alpha-channel-opacity\"\/>\n\n\n\n<p class=\"has-text-align-left\"><\/p>\n\n\n\n<p><mark style=\"background-color:rgba(0, 0, 0, 0);color:#ffffff\" class=\"has-inline-color\">.<\/mark><\/p>\n\n\n\n<p>\ud83e\udeb7 <strong>Onde mais voc\u00ea encontra essas Experi\u00eancias em Medita\u00e7\u00e3o?<\/strong><\/p>\n\n\n\n<p><\/p>\n\n\n\n<p>\ud83c\udf10 | <em><a href=\"https:\/\/www.facebook.com\/watch\/meditantespodcast\/871642071765382\" target=\"_blank\" rel=\"noreferrer noopener\">Facebook Watch<\/a><\/em><\/p>\n\n\n\n<p><\/p>\n\n\n\n<p>\ud83c\udf10 | <em><a href=\"https:\/\/music.youtube.com\/playlist?list=PLjXLCSmO7rtrfEDsMfw4hYhk2v1kohauk\" target=\"_blank\" rel=\"noreferrer noopener\">Youtube Music<\/a><\/em><\/p>\n\n\n\n<p><\/p>\n\n\n\n<p>\ud83c\udf10 | <em><a href=\"https:\/\/dailymotion.com\/playlist\/x90nlw\" target=\"_blank\" rel=\"noreferrer noopener\">Dailymotion<\/a> (Fran\u00e7a)<\/em><\/p>\n\n\n\n<p><\/p>\n\n\n\n<p>\ud83c\udf10 | <a href=\"https:\/\/odysee.com\/@meditantespodcast\/81\" target=\"_blank\" rel=\"noreferrer noopener\"><em>Odysee<\/em><\/a> <em>(Estados Unidos)<\/em><\/p>\n\n\n\n<p><\/p>\n\n\n\n<p>\ud83c\udf10 | <em><a href=\"https:\/\/vkvideo.ru\/playlist\/815896582_89\" target=\"_blank\" rel=\"noreferrer noopener\">VKontakte<\/a> (Russia)<\/em><\/p>\n\n\n\n<p><\/p>\n\n\n\n<p>\ud83c\udf10 | <a href=\"https:\/\/www.tokyvideo.com\/br\/s%C3%A9ries\/meditantes-podcast-81\" target=\"_blank\" rel=\"noreferrer noopener\"><em>Tokyvideo<\/em><\/a><\/p>\n\n\n\n<p><\/p>\n\n\n\n<p>\ud83c\udf10 | <a href=\"https:\/\/ok.ru\/video\/c25082822\" target=\"_blank\" rel=\"noreferrer noopener\"><em>Ok.ru<\/em><\/a><\/p>\n\n\n\n<p><\/p>\n\n\n\n<p>\ud83c\udf10 | <em><a href=\"http:\/\/meditantes.com.br\/links\" target=\"_blank\" rel=\"noreferrer noopener\"><strong>Todos as plataformas<\/strong><\/a><\/em><\/p>\n\n\n\n<p><\/p>\n\n\n\n<p class=\"has-text-align-left\"><mark style=\"background-color:rgba(0, 0, 0, 0);color:#ffffff\" class=\"has-inline-color\">.<\/mark><\/p>\n\n\n\n<p><mark style=\"background-color:rgba(0, 0, 0, 0);color:#ffffff\" class=\"has-inline-color\">.<\/mark><\/p>\n\n\n\n<p><\/p>\n\n\n\n<hr class=\"wp-block-separator has-alpha-channel-opacity\"\/>\n\n\n\n<p class=\"has-text-align-left\"><\/p>\n\n\n\n<p><\/p>\n\n\n\n<p class=\"has-text-align-left\"><mark style=\"background-color:rgba(0, 0, 0, 0);color:#ffffff\" class=\"has-inline-color\">.<\/mark><\/p>\n\n\n\n<p><mark style=\"background-color:rgba(0, 0, 0, 0);color:#ffffff\" class=\"has-inline-color\">.<\/mark><\/p>\n\n\n\n<figure class=\"wp-block-image size-large\"><img loading=\"lazy\" decoding=\"async\" width=\"1024\" height=\"160\" src=\"https:\/\/meditantes.com.br\/news\/wp-content\/uploads\/2024\/05\/TOPO-2048X320-1024x160.png\" alt=\"\" class=\"wp-image-1634\" srcset=\"https:\/\/meditantes.com.br\/news\/wp-content\/uploads\/2024\/05\/TOPO-2048X320-1024x160.png 1024w, https:\/\/meditantes.com.br\/news\/wp-content\/uploads\/2024\/05\/TOPO-2048X320-300x47.png 300w, https:\/\/meditantes.com.br\/news\/wp-content\/uploads\/2024\/05\/TOPO-2048X320-768x120.png 768w, https:\/\/meditantes.com.br\/news\/wp-content\/uploads\/2024\/05\/TOPO-2048X320-1536x240.png 1536w, https:\/\/meditantes.com.br\/news\/wp-content\/uploads\/2024\/05\/TOPO-2048X320.png 2048w\" sizes=\"auto, (max-width: 1024px) 100vw, 1024px\" \/><\/figure>\n\n\n\n<h4 class=\"wp-block-heading has-text-align-left\">\ud83d\udc47 <strong>| Conhe\u00e7a mais sobre Thiago De Pizzol<\/strong><\/h4>\n\n\n\n<p><\/p>\n\n\n\n<p>\ud83c\udf10 <a href=\"https:\/\/www.instagram.com\/thiagodepizzolyoga\/\" target=\"_blank\" rel=\"noreferrer noopener\">Instagram<\/a><\/p>\n\n\n\n<p><\/p>\n\n\n\n<p>\ud83c\udf10 <a href=\"https:\/\/reinventese5.wixsite.com\/mokshaexperience\" target=\"_blank\" rel=\"noreferrer noopener\">Site Oficial<\/a><\/p>\n\n\n\n<p><\/p>\n\n\n\n<p><mark style=\"background-color:rgba(0, 0, 0, 0);color:#ffffff\" class=\"has-inline-color\">.<\/mark><\/p>\n\n\n\n<p><mark style=\"background-color:rgba(0, 0, 0, 0);color:#ffffff\" class=\"has-inline-color\">.<\/mark><\/p>\n\n\n\n<p><mark style=\"background-color:rgba(0, 0, 0, 0);color:#ffffff\" class=\"has-inline-color\">.<\/mark><\/p>\n\n\n\n<p><\/p>\n\n\n\n<figure class=\"wp-block-image size-large\"><a href=\"https:\/\/meditantes.com.br\/podcast\"><img loading=\"lazy\" decoding=\"async\" width=\"1024\" height=\"160\" src=\"https:\/\/meditantes.com.br\/news\/wp-content\/uploads\/2024\/05\/COMUNIDADE-MEDITANTES-18-1024x160.png\" alt=\"\" class=\"wp-image-2112\" srcset=\"https:\/\/meditantes.com.br\/news\/wp-content\/uploads\/2024\/05\/COMUNIDADE-MEDITANTES-18-1024x160.png 1024w, https:\/\/meditantes.com.br\/news\/wp-content\/uploads\/2024\/05\/COMUNIDADE-MEDITANTES-18-300x47.png 300w, https:\/\/meditantes.com.br\/news\/wp-content\/uploads\/2024\/05\/COMUNIDADE-MEDITANTES-18-768x120.png 768w, https:\/\/meditantes.com.br\/news\/wp-content\/uploads\/2024\/05\/COMUNIDADE-MEDITANTES-18.png 1280w\" sizes=\"auto, (max-width: 1024px) 100vw, 1024px\" \/><\/a><\/figure>\n\n\n\n<p>\ud83c\udf10 <a href=\"http:\/\/meditantes.com.br\/youtube\" target=\"_blank\" rel=\"noreferrer noopener\"><em>Meditantes PodCast no Youtube<\/em><\/a><\/p>\n\n\n\n<p><mark style=\"background-color:rgba(0, 0, 0, 0);color:#ffffff\" class=\"has-inline-color\">.<\/mark><\/p>\n\n\n\n<p><mark style=\"background-color:rgba(0, 0, 0, 0);color:#ffffff\" class=\"has-inline-color\">.<\/mark><\/p>\n\n\n\n<p><mark style=\"background-color:rgba(0, 0, 0, 0);color:#ffffff\" class=\"has-inline-color\">.<\/mark><\/p>\n\n\n\n<p><mark style=\"background-color:rgba(0, 0, 0, 0);color:#ffffff\" class=\"has-inline-color\">.<\/mark><\/p>\n\n\n\n<p><\/p>\n\n\n\n<p>\ud83d\ude01 <strong>Gostou? comenta, compartilha\u2026<\/strong><\/p>\n\n\n\n<p><\/p>\n","protected":false},"excerpt":{"rendered":"<p>Ana \u00e9 uma mulher forte que teve uma grande experi\u00eancia no mercado corporativo, em busca de uma maior qualidade de&hellip;<\/p>\n","protected":false},"author":1,"featured_media":0,"parent":580,"menu_order":0,"comment_status":"closed","ping_status":"closed","template":"","meta":{"footnotes":""},"class_list":["post-4241","page","type-page","status-publish","hentry"],"_links":{"self":[{"href":"https:\/\/meditantes.com.br\/news\/index.php?rest_route=\/wp\/v2\/pages\/4241","targetHints":{"allow":["GET"]}}],"collection":[{"href":"https:\/\/meditantes.com.br\/news\/index.php?rest_route=\/wp\/v2\/pages"}],"about":[{"href":"https:\/\/meditantes.com.br\/news\/index.php?rest_route=\/wp\/v2\/types\/page"}],"author":[{"embeddable":true,"href":"https:\/\/meditantes.com.br\/news\/index.php?rest_route=\/wp\/v2\/users\/1"}],"replies":[{"embeddable":true,"href":"https:\/\/meditantes.com.br\/news\/index.php?rest_route=%2Fwp%2Fv2%2Fcomments&post=4241"}],"version-history":[{"count":7,"href":"https:\/\/meditantes.com.br\/news\/index.php?rest_route=\/wp\/v2\/pages\/4241\/revisions"}],"predecessor-version":[{"id":7014,"href":"https:\/\/meditantes.com.br\/news\/index.php?rest_route=\/wp\/v2\/pages\/4241\/revisions\/7014"}],"up":[{"embeddable":true,"href":"https:\/\/meditantes.com.br\/news\/index.php?rest_route=\/wp\/v2\/pages\/580"}],"wp:attachment":[{"href":"https:\/\/meditantes.com.br\/news\/index.php?rest_route=%2Fwp%2Fv2%2Fmedia&parent=4241"}],"curies":[{"name":"wp","href":"https:\/\/api.w.org\/{rel}","templated":true}]}}