{"id":4333,"date":"2024-06-17T06:00:46","date_gmt":"2024-06-17T06:00:46","guid":{"rendered":"https:\/\/meditantes.com.br\/news\/?page_id=4333"},"modified":"2025-04-24T20:40:14","modified_gmt":"2025-04-24T20:40:14","slug":"oberom","status":"publish","type":"page","link":"https:\/\/meditantes.com.br\/news\/?page_id=4333","title":{"rendered":"| Oberom"},"content":{"rendered":"\n<p><em>Oberom \u00e9 professor de Yoga formado em Educa\u00e7\u00e3o F\u00edsica com p\u00f3s-gradua\u00e7\u00e3o em Nutri\u00e7\u00e3o Humana e Sa\u00fade pela UFLA e outra p\u00f3s-gradua\u00e7\u00e3o em Yoga pelo Instituto Lonavla atrav\u00e9s da FMU. Com forma\u00e7\u00f5es para professores de Yoga no Brasil e um TTC no PVA School of Yoga na \u00cdndia. \u00c9 iniciado pelo Swami Prakashamayananda, do pensamento Advaita Vedanta. Leva grupos \u00e0 \u00cdndia para peregrina\u00e7\u00e3o. \u00c9 facilitador de retiros no @portalparvati, autor de livros e diretor do document\u00e1rio Muco.<\/em><\/p>\n\n\n\n<p><\/p>\n\n\n\n<p><mark style=\"background-color:rgba(0, 0, 0, 0);color:#ffffff\" class=\"has-inline-color\">.<\/mark><\/p>\n\n\n\n<figure class=\"wp-block-image size-large\"><a href=\"https:\/\/www.youtube.com\/playlist?list=PLjXLCSmO7rtrXwYFF6ynMDxu5UOIhP8y8\" target=\"_blank\" rel=\" noreferrer noopener\"><img loading=\"lazy\" decoding=\"async\" width=\"1024\" height=\"576\" src=\"https:\/\/meditantes.com.br\/news\/wp-content\/uploads\/2024\/12\/46-1024x576.png\" alt=\"\" class=\"wp-image-4334\" srcset=\"https:\/\/meditantes.com.br\/news\/wp-content\/uploads\/2024\/12\/46-1024x576.png 1024w, https:\/\/meditantes.com.br\/news\/wp-content\/uploads\/2024\/12\/46-300x169.png 300w, https:\/\/meditantes.com.br\/news\/wp-content\/uploads\/2024\/12\/46-768x432.png 768w, https:\/\/meditantes.com.br\/news\/wp-content\/uploads\/2024\/12\/46-1536x864.png 1536w, https:\/\/meditantes.com.br\/news\/wp-content\/uploads\/2024\/12\/46.png 2048w\" sizes=\"auto, (max-width: 1024px) 100vw, 1024px\" \/><\/a><\/figure>\n\n\n\n<h1 class=\"wp-block-heading\">Medita\u00e7\u00e3o e Alimenta\u00e7\u00e3o com Oberom no Meditantes PodCast #64<\/h1>\n\n\n\n<p><a href=\"https:\/\/www.youtube.com\/@meditantespodcast\"><\/a>\ud83d\udcdd  <em>S\u00e3o portais complementares para a consci\u00eancia plena, unindo o ato de nutrir o corpo \u00e0 jornada de equilibrar a mente e o esp\u00edrito. Quando meditamos, aprendemos a estar presentes, e essa presen\u00e7a transforma nossa rela\u00e7\u00e3o com os alimentos, permitindo que cada refei\u00e7\u00e3o se torne um ato sagrado de cuidado e gratid\u00e3o. Ao comer com aten\u00e7\u00e3o plena, reconhecemos a energia vital em cada alimento, percebemos as necessidades reais do nosso corpo e cultivamos uma conex\u00e3o mais profunda com a natureza. Essa uni\u00e3o entre medita\u00e7\u00e3o e alimenta\u00e7\u00e3o nos ensina que nutrir-se \u00e9 mais do que um ato f\u00edsico\u2014\u00e9 um caminho para o bem-estar integral e a harmonia interior.<\/em><\/p>\n\n\n\n<p><\/p>\n\n\n\n<p><mark style=\"background-color:rgba(0, 0, 0, 0);color:#ffffff\" class=\"has-inline-color\">.<\/mark><\/p>\n\n\n\n<p><\/p>\n\n\n\n<p>\ud83d\udc4d <em>Confira nas Playlists abaixo as brilhantes <strong>Experi\u00eancias em Medita\u00e7\u00e3o<\/strong> compartilhadas e disponibilizadas para voc\u00ea em v\u00e1rias plataformas.<\/em><\/p>\n\n\n\n<p><mark style=\"background-color:rgba(0, 0, 0, 0);color:#ffffff\" class=\"has-inline-color\">.<\/mark><\/p>\n\n\n\n<p class=\"has-text-align-left\"><\/p>\n\n\n\n<hr class=\"wp-block-separator has-alpha-channel-opacity\"\/>\n\n\n\n<p class=\"has-text-align-left\"><mark style=\"background-color:rgba(0, 0, 0, 0);color:#ffffff\" class=\"has-inline-color\">.<\/mark><\/p>\n\n\n\n<p><\/p>\n\n\n\n<h3 class=\"wp-block-heading has-text-align-left\">\u2699\ufe0f | <a href=\"https:\/\/www.youtube.com\/playlist?list=PLjXLCSmO7rtrXwYFF6ynMDxu5UOIhP8y8\" target=\"_blank\" rel=\"noreferrer noopener\">Playlist em V\u00eddeo no Youtube<\/a><\/h3>\n\n\n\n<p><\/p>\n\n\n\n<p><mark style=\"background-color:rgba(0, 0, 0, 0);color:#ffffff\" class=\"has-inline-color\">.<\/mark><\/p>\n\n\n\n<p><\/p>\n\n\n\n<h3 class=\"wp-block-heading has-text-align-left\">\u2699\ufe0f | <a href=\"https:\/\/www.youtube.com\/playlist?list=PLjXLCSmO7rtrEw073gXirTdDrFig9Z4Ru\" target=\"_blank\" rel=\"noreferrer noopener\"><\/a><a href=\"https:\/\/open.spotify.com\/playlist\/0uGb1DdwZr9UWcPGgxPP2T\" target=\"_blank\" rel=\"noreferrer noopener\">Playlist em \u00c1udio no Spotify<\/a><\/h3>\n\n\n\n<p class=\"has-text-align-left\"><\/p>\n\n\n\n<p><mark style=\"background-color:rgba(0, 0, 0, 0);color:#ffffff\" class=\"has-inline-color\">.<\/mark><\/p>\n\n\n\n<p><\/p>\n\n\n\n<h3 class=\"wp-block-heading has-text-align-left\">\u2699\ufe0f | <a href=\"https:\/\/meditantes.com.br\/news\/?cat=71\" rel=\"nofollow\">Textos no Meditantes News<\/a><\/h3>\n\n\n\n<p class=\"has-text-align-left\"><\/p>\n\n\n\n<p><mark style=\"background-color:rgba(0, 0, 0, 0);color:#ffffff\" class=\"has-inline-color\">.<\/mark><\/p>\n\n\n\n<p><\/p>\n\n\n\n<h4 class=\"wp-block-heading has-text-align-left\">\u2699\ufe0f | Artigos sobre Medita\u00e7\u00e3o<\/h4>\n\n\n\n<p><\/p>\n\n\n\n<p><mark style=\"background-color:rgba(0, 0, 0, 0);color:#ffffff\" class=\"has-inline-color\">.<\/mark><\/p>\n\n\n\n<p><mark style=\"background-color:rgba(0, 0, 0, 0);color:#ffffff\" class=\"has-inline-color\">.<\/mark><\/p>\n\n\n\n<p class=\"has-text-align-left\"><\/p>\n\n\n\n<hr class=\"wp-block-separator has-alpha-channel-opacity\"\/>\n\n\n\n<p class=\"has-text-align-left\"><\/p>\n\n\n\n<h4 class=\"wp-block-heading has-text-align-left\">\ud83d\udcda  | <strong>Livros sobre Medita\u00e7\u00e3o que eu indico<\/strong><\/h4>\n\n\n\n<p>| <em>Paz \u00e9 cada Passo &#8211;  Thich Nhat Hanh<\/em><\/p>\n\n\n\n<p><\/p>\n\n\n\n<p class=\"has-text-align-left\"><mark style=\"background-color:rgba(0, 0, 0, 0);color:#ffffff\" class=\"has-inline-color\">.<\/mark><\/p>\n\n\n\n<p><mark style=\"background-color:rgba(0, 0, 0, 0);color:#ffffff\" class=\"has-inline-color\">.<\/mark><\/p>\n\n\n\n<p><\/p>\n\n\n\n<hr class=\"wp-block-separator has-alpha-channel-opacity\"\/>\n\n\n\n<p class=\"has-text-align-left\"><\/p>\n\n\n\n<p><mark style=\"background-color:rgba(0, 0, 0, 0);color:#ffffff\" class=\"has-inline-color\">.<\/mark><\/p>\n\n\n\n<p>\ud83e\udeb7 <strong>Onde mais voc\u00ea encontra essas Experi\u00eancias em Medita\u00e7\u00e3o?<\/strong><\/p>\n\n\n\n<p><\/p>\n\n\n\n<p>\ud83c\udf10 | <em><a href=\"https:\/\/www.facebook.com\/watch\/meditantespodcast\/540230792051803\" target=\"_blank\" rel=\"noreferrer noopener\">Facebook Watch<\/a><\/em><\/p>\n\n\n\n<p><\/p>\n\n\n\n<p>\ud83c\udf10 | <em><a href=\"https:\/\/music.youtube.com\/playlist?list=PLjXLCSmO7rtre-36NtFZwoQqDKqqde7hs\" target=\"_blank\" rel=\"noreferrer noopener\">Youtube Music<\/a><\/em><\/p>\n\n\n\n<p><\/p>\n\n\n\n<p>\ud83c\udf10 | <em><a href=\"https:\/\/dailymotion.com\/playlist\/x8z6so\" target=\"_blank\" rel=\"noreferrer noopener\">Dailymotion<\/a> (Fran\u00e7a)<\/em><\/p>\n\n\n\n<p><\/p>\n\n\n\n<p>\ud83c\udf10 | <a href=\"https:\/\/odysee.com\/@meditantespodcast\/54\" target=\"_blank\" rel=\"noreferrer noopener\"><em>Odysee<\/em><\/a> <em>(Estados Unidos)<\/em><\/p>\n\n\n\n<p><\/p>\n\n\n\n<p>\ud83c\udf10 | <em><a href=\"https:\/\/vkvideo.ru\/playlist\/815896582_61\" target=\"_blank\" rel=\"noreferrer noopener\">VKontakte<\/a> (Russia)<\/em><\/p>\n\n\n\n<p><\/p>\n\n\n\n<p>\ud83c\udf10 | <a href=\"https:\/\/www.tokyvideo.com\/br\/s%C3%A9ries\/meditantes-podcast-54\" target=\"_blank\" rel=\"noreferrer noopener\"><em>Tokyvideo<\/em><\/a><\/p>\n\n\n\n<p><\/p>\n\n\n\n<p>\ud83c\udf10 | <a href=\"https:\/\/ok.ru\/video\/c24898502\" target=\"_blank\" rel=\"noreferrer noopener\"><em>Ok.ru<\/em><\/a><\/p>\n\n\n\n<p><\/p>\n\n\n\n<p>\ud83c\udf10 | <em><a href=\"http:\/\/meditantes.com.br\/links\" target=\"_blank\" rel=\"noreferrer noopener\"><strong>Todos as plataformas<\/strong><\/a><\/em><\/p>\n\n\n\n<p><\/p>\n\n\n\n<p class=\"has-text-align-left\"><mark style=\"background-color:rgba(0, 0, 0, 0);color:#ffffff\" class=\"has-inline-color\">.<\/mark><\/p>\n\n\n\n<p><mark style=\"background-color:rgba(0, 0, 0, 0);color:#ffffff\" class=\"has-inline-color\">.<\/mark><\/p>\n\n\n\n<p><\/p>\n\n\n\n<hr class=\"wp-block-separator has-alpha-channel-opacity\"\/>\n\n\n\n<p class=\"has-text-align-left\"><\/p>\n\n\n\n<p><\/p>\n\n\n\n<p class=\"has-text-align-left\"><mark style=\"background-color:rgba(0, 0, 0, 0);color:#ffffff\" class=\"has-inline-color\">.<\/mark><\/p>\n\n\n\n<p><mark style=\"background-color:rgba(0, 0, 0, 0);color:#ffffff\" class=\"has-inline-color\">.<\/mark><\/p>\n\n\n\n<figure class=\"wp-block-image size-large\"><img loading=\"lazy\" decoding=\"async\" width=\"1024\" height=\"160\" src=\"https:\/\/meditantes.com.br\/news\/wp-content\/uploads\/2024\/05\/TOPO-2048X320-1024x160.png\" alt=\"\" class=\"wp-image-1634\" srcset=\"https:\/\/meditantes.com.br\/news\/wp-content\/uploads\/2024\/05\/TOPO-2048X320-1024x160.png 1024w, https:\/\/meditantes.com.br\/news\/wp-content\/uploads\/2024\/05\/TOPO-2048X320-300x47.png 300w, https:\/\/meditantes.com.br\/news\/wp-content\/uploads\/2024\/05\/TOPO-2048X320-768x120.png 768w, https:\/\/meditantes.com.br\/news\/wp-content\/uploads\/2024\/05\/TOPO-2048X320-1536x240.png 1536w, https:\/\/meditantes.com.br\/news\/wp-content\/uploads\/2024\/05\/TOPO-2048X320.png 2048w\" sizes=\"auto, (max-width: 1024px) 100vw, 1024px\" \/><\/figure>\n\n\n\n<h4 class=\"wp-block-heading has-text-align-left\">\ud83d\udc47 <strong>| Conhe\u00e7a mais sobre Monja Gen Kelsang Mudita<\/strong><\/h4>\n\n\n\n<p><\/p>\n\n\n\n<p><\/p>\n\n\n\n<p>\ud83c\udf10 <a href=\"https:\/\/www.instagram.com\/oberom._\/\" target=\"_blank\" rel=\"noreferrer noopener\">Instagram<\/a><\/p>\n\n\n\n<p><\/p>\n\n\n\n<p>\ud83c\udf10 <a href=\"https:\/\/oberom.com.br\/\" target=\"_blank\" rel=\"noreferrer noopener\">Site Oficial<\/a><\/p>\n\n\n\n<p><\/p>\n\n\n\n<p><mark style=\"background-color:rgba(0, 0, 0, 0);color:#ffffff\" class=\"has-inline-color\">.<\/mark><\/p>\n\n\n\n<p><mark style=\"background-color:rgba(0, 0, 0, 0);color:#ffffff\" class=\"has-inline-color\">.<\/mark><\/p>\n\n\n\n<p><mark style=\"background-color:rgba(0, 0, 0, 0);color:#ffffff\" class=\"has-inline-color\">.<\/mark><\/p>\n\n\n\n<p><\/p>\n\n\n\n<figure class=\"wp-block-image size-large\"><a href=\"https:\/\/meditantes.com.br\/podcast\"><img loading=\"lazy\" decoding=\"async\" width=\"1024\" height=\"160\" src=\"https:\/\/meditantes.com.br\/news\/wp-content\/uploads\/2024\/05\/COMUNIDADE-MEDITANTES-18-1024x160.png\" alt=\"\" class=\"wp-image-2112\" srcset=\"https:\/\/meditantes.com.br\/news\/wp-content\/uploads\/2024\/05\/COMUNIDADE-MEDITANTES-18-1024x160.png 1024w, https:\/\/meditantes.com.br\/news\/wp-content\/uploads\/2024\/05\/COMUNIDADE-MEDITANTES-18-300x47.png 300w, https:\/\/meditantes.com.br\/news\/wp-content\/uploads\/2024\/05\/COMUNIDADE-MEDITANTES-18-768x120.png 768w, https:\/\/meditantes.com.br\/news\/wp-content\/uploads\/2024\/05\/COMUNIDADE-MEDITANTES-18.png 1280w\" sizes=\"auto, (max-width: 1024px) 100vw, 1024px\" \/><\/a><\/figure>\n\n\n\n<p>\ud83c\udf10 <a href=\"http:\/\/meditantes.com.br\/youtube\" target=\"_blank\" rel=\"noreferrer noopener\"><em>Meditantes PodCast no Youtube<\/em><\/a><\/p>\n\n\n\n<p><mark style=\"background-color:rgba(0, 0, 0, 0);color:#ffffff\" class=\"has-inline-color\">.<\/mark><\/p>\n\n\n\n<p><mark style=\"background-color:rgba(0, 0, 0, 0);color:#ffffff\" class=\"has-inline-color\">.<\/mark><\/p>\n\n\n\n<p><mark style=\"background-color:rgba(0, 0, 0, 0);color:#ffffff\" class=\"has-inline-color\">.<\/mark><\/p>\n\n\n\n<p><mark style=\"background-color:rgba(0, 0, 0, 0);color:#ffffff\" class=\"has-inline-color\">.<\/mark><\/p>\n\n\n\n<p><\/p>\n\n\n\n<p>\ud83d\ude01 <strong>Gostou? comenta, compartilha\u2026<\/strong><\/p>\n\n\n\n<p class=\"has-text-align-left\"><\/p>\n","protected":false},"excerpt":{"rendered":"<p>Oberom \u00e9 professor de Yoga formado em Educa\u00e7\u00e3o F\u00edsica com p\u00f3s-gradua\u00e7\u00e3o em Nutri\u00e7\u00e3o Humana e Sa\u00fade pela UFLA e outra&hellip;<\/p>\n","protected":false},"author":1,"featured_media":0,"parent":580,"menu_order":0,"comment_status":"closed","ping_status":"closed","template":"","meta":{"footnotes":""},"class_list":["post-4333","page","type-page","status-publish","hentry"],"_links":{"self":[{"href":"https:\/\/meditantes.com.br\/news\/index.php?rest_route=\/wp\/v2\/pages\/4333","targetHints":{"allow":["GET"]}}],"collection":[{"href":"https:\/\/meditantes.com.br\/news\/index.php?rest_route=\/wp\/v2\/pages"}],"about":[{"href":"https:\/\/meditantes.com.br\/news\/index.php?rest_route=\/wp\/v2\/types\/page"}],"author":[{"embeddable":true,"href":"https:\/\/meditantes.com.br\/news\/index.php?rest_route=\/wp\/v2\/users\/1"}],"replies":[{"embeddable":true,"href":"https:\/\/meditantes.com.br\/news\/index.php?rest_route=%2Fwp%2Fv2%2Fcomments&post=4333"}],"version-history":[{"count":6,"href":"https:\/\/meditantes.com.br\/news\/index.php?rest_route=\/wp\/v2\/pages\/4333\/revisions"}],"predecessor-version":[{"id":6920,"href":"https:\/\/meditantes.com.br\/news\/index.php?rest_route=\/wp\/v2\/pages\/4333\/revisions\/6920"}],"up":[{"embeddable":true,"href":"https:\/\/meditantes.com.br\/news\/index.php?rest_route=\/wp\/v2\/pages\/580"}],"wp:attachment":[{"href":"https:\/\/meditantes.com.br\/news\/index.php?rest_route=%2Fwp%2Fv2%2Fmedia&parent=4333"}],"curies":[{"name":"wp","href":"https:\/\/api.w.org\/{rel}","templated":true}]}}