{"id":4451,"date":"2023-05-29T06:00:44","date_gmt":"2023-05-29T06:00:44","guid":{"rendered":"https:\/\/meditantes.com.br\/news\/?page_id=4451"},"modified":"2026-01-16T19:49:31","modified_gmt":"2026-01-16T19:49:31","slug":"marlenecaramuru","status":"publish","type":"page","link":"https:\/\/meditantes.com.br\/news\/?page_id=4451","title":{"rendered":"| Marlene Aparecida Von Mann Caramuru"},"content":{"rendered":"\n<p><em>Preletora na Seicho-No-Ie<\/em><\/p>\n\n\n\n<p><\/p>\n\n\n\n<p><mark style=\"background-color:rgba(0, 0, 0, 0);color:#ffffff\" class=\"has-inline-color\">.<\/mark><\/p>\n\n\n\n<figure class=\"wp-block-image size-large\"><a href=\"https:\/\/www.youtube.com\/playlist?list=PLjXLCSmO7rtq8ab8bAlLbxCazwasO4t0q\" target=\"_blank\" rel=\" noreferrer noopener\"><img loading=\"lazy\" decoding=\"async\" width=\"1024\" height=\"576\" src=\"https:\/\/meditantes.com.br\/news\/wp-content\/uploads\/2024\/12\/9-1024x576.jpg\" alt=\"\" class=\"wp-image-4452\" srcset=\"https:\/\/meditantes.com.br\/news\/wp-content\/uploads\/2024\/12\/9-1024x576.jpg 1024w, https:\/\/meditantes.com.br\/news\/wp-content\/uploads\/2024\/12\/9-300x169.jpg 300w, https:\/\/meditantes.com.br\/news\/wp-content\/uploads\/2024\/12\/9-768x432.jpg 768w, https:\/\/meditantes.com.br\/news\/wp-content\/uploads\/2024\/12\/9.jpg 1280w\" sizes=\"auto, (max-width: 1024px) 100vw, 1024px\" \/><\/a><\/figure>\n\n\n\n<h1 class=\"wp-block-heading\">Medita\u00e7\u00e3o, a transforma\u00e7\u00e3o do ser humano com Marlene Aparecida Von Mann Caramuru no Meditantes PodCast #09<\/h1>\n\n\n\n<p>\ud83d\udcdd  <em>Nesse espa\u00e7o de introspec\u00e7\u00e3o, aprendemos a nos despir das m\u00e1scaras do ego, a integrar emo\u00e7\u00f5es e a reconhecer a ess\u00eancia verdadeira que habita em n\u00f3s. A pr\u00e1tica nos conduz al\u00e9m das limita\u00e7\u00f5es impostas pela mente, revelando um estado de clareza, compaix\u00e3o e presen\u00e7a que transforma n\u00e3o apenas o indiv\u00edduo, mas tamb\u00e9m o mundo ao seu redor. Meditar \u00e9 o ato revolucion\u00e1rio de recriar-se em harmonia com o universo.<\/em> <em>Onde o caos interior se dissolve na quietude e o potencial adormecido se desperta em plena consci\u00eancia. <\/em><\/p>\n\n\n\n<p><\/p>\n\n\n\n<p><mark style=\"background-color:rgba(0, 0, 0, 0);color:#ffffff\" class=\"has-inline-color\">.<\/mark><\/p>\n\n\n\n<figure class=\"wp-block-image size-large\"><a href=\"https:\/\/www.youtube.com\/playlist?list=PLjXLCSmO7rtq8ab8bAlLbxCazwasO4t0q\" target=\"_blank\" rel=\" noreferrer noopener\"><img loading=\"lazy\" decoding=\"async\" width=\"1024\" height=\"703\" src=\"https:\/\/meditantes.com.br\/news\/wp-content\/uploads\/2026\/01\/Infografico-Episodio-09-Meditantes-PodCast-1024x703.png\" alt=\"\" class=\"wp-image-7308\" srcset=\"https:\/\/meditantes.com.br\/news\/wp-content\/uploads\/2026\/01\/Infografico-Episodio-09-Meditantes-PodCast-1024x703.png 1024w, https:\/\/meditantes.com.br\/news\/wp-content\/uploads\/2026\/01\/Infografico-Episodio-09-Meditantes-PodCast-300x206.png 300w, https:\/\/meditantes.com.br\/news\/wp-content\/uploads\/2026\/01\/Infografico-Episodio-09-Meditantes-PodCast-768x527.png 768w, https:\/\/meditantes.com.br\/news\/wp-content\/uploads\/2026\/01\/Infografico-Episodio-09-Meditantes-PodCast-1536x1054.png 1536w, https:\/\/meditantes.com.br\/news\/wp-content\/uploads\/2026\/01\/Infografico-Episodio-09-Meditantes-PodCast-2048x1406.png 2048w\" sizes=\"auto, (max-width: 1024px) 100vw, 1024px\" \/><\/a><\/figure>\n\n\n\n<p><mark style=\"background-color:rgba(0, 0, 0, 0);color:#ffffff\" class=\"has-inline-color\">.<\/mark><\/p>\n\n\n\n<p>O <strong>Meditantes PodCast<\/strong> apresenta um di\u00e1logo sobre a <strong>medita\u00e7\u00e3o como ferramenta essencial para a evolu\u00e7\u00e3o humana<\/strong>, destacando a experi\u00eancia da convidada Marlene Caramuru. <\/p>\n\n\n\n<p><\/p>\n\n\n\n<p>Os interlocutores exploram a pr\u00e1tica da <strong>Medita\u00e7\u00e3o Shinsokan<\/strong>, origin\u00e1ria da filosofia Seicho-No-Ie, definindo-a n\u00e3o como um rito religioso, mas como um <strong>encontro consciente com a ess\u00eancia divina<\/strong>. <\/p>\n\n\n\n<p><\/p>\n\n\n\n<p>A conversa enfatiza que a <strong>disciplina di\u00e1ria<\/strong> e a decis\u00e3o de meditar promovem transforma\u00e7\u00f5es profundas na sa\u00fade, nas emo\u00e7\u00f5es e na conduta \u00e9tica. Al\u00e9m de benef\u00edcios fisiol\u00f3gicos comprovados, a pr\u00e1tica \u00e9 descrita como um <strong>alimento espiritual<\/strong> que purifica a mente e harmoniza a conviv\u00eancia cotidiana. <\/p>\n\n\n\n<p><\/p>\n\n\n\n<p>Por fim, os participantes incentivam os ouvintes a buscarem a <strong>autorrealiza\u00e7\u00e3o atrav\u00e9s da const\u00e2ncia<\/strong>, transformando a percep\u00e7\u00e3o individual e a qualidade de vida.<\/p>\n\n\n\n<p><mark style=\"background-color:rgba(0, 0, 0, 0);color:#ffffff\" class=\"has-inline-color\">.<\/mark><\/p>\n\n\n\n<p><\/p>\n\n\n\n<p>\ud83d\udc4d  <em>Confira nas Playlists abaixo as brilhantes <strong>Experi\u00eancias em Medita\u00e7\u00e3o<\/strong> compartilhadas e disponibilizadas para voc\u00ea em v\u00e1rias plataformas.<\/em><\/p>\n\n\n\n<p><mark style=\"background-color:rgba(0, 0, 0, 0);color:#ffffff\" class=\"has-inline-color\">.<\/mark><\/p>\n\n\n\n<p class=\"has-text-align-left\"><\/p>\n\n\n\n<hr class=\"wp-block-separator has-alpha-channel-opacity\"\/>\n\n\n\n<p class=\"has-text-align-left\"><mark style=\"background-color:rgba(0, 0, 0, 0);color:#ffffff\" class=\"has-inline-color\">.<\/mark><\/p>\n\n\n\n<h3 class=\"wp-block-heading has-text-align-left\">\u2699\ufe0f | <a href=\"https:\/\/www.youtube.com\/playlist?list=PLjXLCSmO7rtq8ab8bAlLbxCazwasO4t0q\" target=\"_blank\" rel=\"noreferrer noopener\">Playlist em V\u00eddeo no Youtube<\/a><\/h3>\n\n\n\n<p><\/p>\n\n\n\n<p><mark style=\"background-color:rgba(0, 0, 0, 0);color:#ffffff\" class=\"has-inline-color\">.<\/mark><\/p>\n\n\n\n<p><\/p>\n\n\n\n<h3 class=\"wp-block-heading has-text-align-left\">\u2699\ufe0f | <a href=\"https:\/\/www.youtube.com\/playlist?list=PLjXLCSmO7rtrEw073gXirTdDrFig9Z4Ru\" target=\"_blank\" rel=\"noreferrer noopener\"><\/a><a href=\"https:\/\/open.spotify.com\/playlist\/0AipP5HcwOpYdw8R5mt91C\" target=\"_blank\" rel=\"noreferrer noopener\">Playlist em \u00c1udio no Spotify<\/a><\/h3>\n\n\n\n<p class=\"has-text-align-left\"><\/p>\n\n\n\n<p><mark style=\"background-color:rgba(0, 0, 0, 0);color:#ffffff\" class=\"has-inline-color\">.<\/mark><\/p>\n\n\n\n<p><\/p>\n\n\n\n<h3 class=\"wp-block-heading has-text-align-left\">\u2699\ufe0f | <a href=\"https:\/\/meditantes.com.br\/news\/?cat=101\" rel=\"nofollow\">Textos no Meditantes News<\/a><\/h3>\n\n\n\n<p class=\"has-text-align-left\"><\/p>\n\n\n\n<p><mark style=\"background-color:rgba(0, 0, 0, 0);color:#ffffff\" class=\"has-inline-color\">.<\/mark><\/p>\n\n\n\n<p><\/p>\n\n\n\n<h4 class=\"wp-block-heading has-text-align-left\">\u2699\ufe0f | Artigos sobre Medita\u00e7\u00e3o<\/h4>\n\n\n\n<p><\/p>\n\n\n\n<p><mark style=\"background-color:rgba(0, 0, 0, 0);color:#ffffff\" class=\"has-inline-color\">.<\/mark><\/p>\n\n\n\n<p><mark style=\"background-color:rgba(0, 0, 0, 0);color:#ffffff\" class=\"has-inline-color\">.<\/mark><\/p>\n\n\n\n<p class=\"has-text-align-left\"><\/p>\n\n\n\n<hr class=\"wp-block-separator has-alpha-channel-opacity\"\/>\n\n\n\n<p class=\"has-text-align-left\"><\/p>\n\n\n\n<h4 class=\"wp-block-heading has-text-align-left\">\ud83d\udcda  | <strong>Livros sobre Medita\u00e7\u00e3o que eu indico<\/strong><\/h4>\n\n\n\n<p>| <em>Medita\u00e7\u00e3o Shinsokan, ver e contemplar Deus &#8211; Jo\u00e3o Ricardo Viana Costa<\/em><br>| <em>Medita\u00e7\u00e3o Shinsokan \u00e9 maravilhosa &#8211; Seicho&nbsp;Taniguchi<\/em><br>| <em>Explica\u00e7\u00f5es Detalhadas Sobre A Medita\u00e7\u00e3o Shinsokan &#8211; Masaharu Taniguchi<\/em><br>| <em>Shinsokan e outras ora\u00e7\u00f5es &#8211; Masaharu Taniguchi<\/em><\/p>\n\n\n\n<p><\/p>\n\n\n\n<p class=\"has-text-align-left\"><mark style=\"background-color:rgba(0, 0, 0, 0);color:#ffffff\" class=\"has-inline-color\">.<\/mark><\/p>\n\n\n\n<p><mark style=\"background-color:rgba(0, 0, 0, 0);color:#ffffff\" class=\"has-inline-color\">.<\/mark><\/p>\n\n\n\n<p>\ud83e\udeb7 <strong>Onde mais voc\u00ea encontra essas Experi\u00eancias em Medita\u00e7\u00e3o?<\/strong><\/p>\n\n\n\n<p><\/p>\n\n\n\n<p>\ud83c\udf10 | <em><a href=\"https:\/\/www.facebook.com\/watch\/meditantespodcast\/1551242859158266\" target=\"_blank\" rel=\"noreferrer noopener\">Facebook Watch<\/a><\/em><\/p>\n\n\n\n<p><\/p>\n\n\n\n<p>\ud83c\udf10 | <em><a href=\"https:\/\/dailymotion.com\/playlist\/x8m9q0\" target=\"_blank\" rel=\"noreferrer noopener\">Dailymotion<\/a> (Fran\u00e7a)<\/em><\/p>\n\n\n\n<p><\/p>\n\n\n\n<p>\ud83c\udf10 | <a href=\"https:\/\/odysee.com\/@meditantespodcast\/MeditantesPodCast09\" target=\"_blank\" rel=\"noreferrer noopener\"><em>Odysee<\/em><\/a> <em>(Estados Unidos)<\/em><\/p>\n\n\n\n<p><\/p>\n\n\n\n<p>\ud83c\udf10 | <em><a href=\"https:\/\/vkvideo.ru\/playlist\/815896582_15\" target=\"_blank\" rel=\"noreferrer noopener\">VKontakte<\/a> (Russia)<\/em><\/p>\n\n\n\n<p><\/p>\n\n\n\n<p>\ud83c\udf10 | <a href=\"https:\/\/www.tokyvideo.com\/br\/s%C3%A9ries\/meditantes-podcast-09\" target=\"_blank\" rel=\"noreferrer noopener\"><em>Tokyvideo<\/em><\/a><\/p>\n\n\n\n<p><\/p>\n\n\n\n<p>\ud83c\udf10 | <a href=\"https:\/\/ok.ru\/video\/c24042694\" target=\"_blank\" rel=\"noreferrer noopener\"><em>Ok.ru<\/em><\/a><\/p>\n\n\n\n<p><\/p>\n\n\n\n<p>\ud83c\udf10 | <em><a href=\"https:\/\/music.youtube.com\/playlist?list=PLjXLCSmO7rtq8ab8bAlLbxCazwasO4t0q\" target=\"_blank\" rel=\"noreferrer noopener\">Youtube Music<\/a><\/em><\/p>\n\n\n\n<p><\/p>\n\n\n\n<p>\ud83c\udf10 | <em><a href=\"http:\/\/meditantes.com.br\/links\" target=\"_blank\" rel=\"noreferrer noopener\"><strong>Todos as plataformas<\/strong><\/a><\/em><\/p>\n\n\n\n<p><\/p>\n\n\n\n<p class=\"has-text-align-left\"><mark style=\"background-color:rgba(0, 0, 0, 0);color:#ffffff\" class=\"has-inline-color\">.<\/mark><\/p>\n\n\n\n<p><mark style=\"background-color:rgba(0, 0, 0, 0);color:#ffffff\" class=\"has-inline-color\">.<\/mark><\/p>\n\n\n\n<figure class=\"wp-block-image size-large\"><img loading=\"lazy\" decoding=\"async\" width=\"1024\" height=\"160\" src=\"https:\/\/meditantes.com.br\/news\/wp-content\/uploads\/2024\/05\/TOPO-2048X320-1024x160.png\" alt=\"\" class=\"wp-image-1634\" srcset=\"https:\/\/meditantes.com.br\/news\/wp-content\/uploads\/2024\/05\/TOPO-2048X320-1024x160.png 1024w, https:\/\/meditantes.com.br\/news\/wp-content\/uploads\/2024\/05\/TOPO-2048X320-300x47.png 300w, https:\/\/meditantes.com.br\/news\/wp-content\/uploads\/2024\/05\/TOPO-2048X320-768x120.png 768w, https:\/\/meditantes.com.br\/news\/wp-content\/uploads\/2024\/05\/TOPO-2048X320-1536x240.png 1536w, https:\/\/meditantes.com.br\/news\/wp-content\/uploads\/2024\/05\/TOPO-2048X320.png 2048w\" sizes=\"auto, (max-width: 1024px) 100vw, 1024px\" \/><\/figure>\n\n\n\n<h4 class=\"wp-block-heading has-text-align-left\">\ud83d\udc47 <strong>| Conhe\u00e7a mais sobre Marlene Aparecida Von Mann Caramuru<\/strong><\/h4>\n\n\n\n<p><\/p>\n\n\n\n<p>\ud83c\udf10 <a href=\"https:\/\/www.instagram.com\/seichonoieoficial\/\" target=\"_blank\" rel=\"noreferrer noopener\">Instagram<\/a><\/p>\n\n\n\n<p><\/p>\n\n\n\n<p>\ud83c\udf10 <a href=\"https:\/\/sni.org.br\/\" target=\"_blank\" rel=\"noreferrer noopener\">Site Oficial<\/a><\/p>\n\n\n\n<p><\/p>\n\n\n\n<p><\/p>\n\n\n\n<p><mark style=\"background-color:rgba(0, 0, 0, 0);color:#ffffff\" class=\"has-inline-color\">.<\/mark><\/p>\n\n\n\n<p><mark style=\"background-color:rgba(0, 0, 0, 0);color:#ffffff\" class=\"has-inline-color\">.<\/mark><\/p>\n\n\n\n<p><mark style=\"background-color:rgba(0, 0, 0, 0);color:#ffffff\" class=\"has-inline-color\">.<\/mark><\/p>\n\n\n\n<p><\/p>\n\n\n\n<figure class=\"wp-block-image size-large\"><a href=\"https:\/\/meditantes.com.br\/podcast\"><img loading=\"lazy\" decoding=\"async\" width=\"1024\" height=\"160\" src=\"https:\/\/meditantes.com.br\/news\/wp-content\/uploads\/2024\/05\/COMUNIDADE-MEDITANTES-18-1024x160.png\" alt=\"\" class=\"wp-image-2112\" srcset=\"https:\/\/meditantes.com.br\/news\/wp-content\/uploads\/2024\/05\/COMUNIDADE-MEDITANTES-18-1024x160.png 1024w, https:\/\/meditantes.com.br\/news\/wp-content\/uploads\/2024\/05\/COMUNIDADE-MEDITANTES-18-300x47.png 300w, https:\/\/meditantes.com.br\/news\/wp-content\/uploads\/2024\/05\/COMUNIDADE-MEDITANTES-18-768x120.png 768w, https:\/\/meditantes.com.br\/news\/wp-content\/uploads\/2024\/05\/COMUNIDADE-MEDITANTES-18.png 1280w\" sizes=\"auto, (max-width: 1024px) 100vw, 1024px\" \/><\/a><\/figure>\n\n\n\n<p>\ud83c\udf10 <a href=\"http:\/\/meditantes.com.br\/youtube\" target=\"_blank\" rel=\"noreferrer noopener\"><em>Meditantes PodCast no Youtube<\/em><\/a><\/p>\n\n\n\n<p><mark style=\"background-color:rgba(0, 0, 0, 0);color:#ffffff\" class=\"has-inline-color\">.<\/mark><\/p>\n\n\n\n<p><mark style=\"background-color:rgba(0, 0, 0, 0);color:#ffffff\" class=\"has-inline-color\">.<\/mark><\/p>\n\n\n\n<p><mark style=\"background-color:rgba(0, 0, 0, 0);color:#ffffff\" class=\"has-inline-color\">.<\/mark><\/p>\n\n\n\n<p><mark style=\"background-color:rgba(0, 0, 0, 0);color:#ffffff\" class=\"has-inline-color\">.<\/mark><\/p>\n\n\n\n<p><\/p>\n\n\n\n<p>\ud83d\ude01 <strong>Gostou? comenta, compartilha\u2026<\/strong><\/p>\n\n\n\n<p><\/p>\n","protected":false},"excerpt":{"rendered":"<p>Preletora na Seicho-No-Ie . Medita\u00e7\u00e3o, a transforma\u00e7\u00e3o do ser humano com Marlene Aparecida Von Mann Caramuru no Meditantes PodCast #09&hellip;<\/p>\n","protected":false},"author":1,"featured_media":0,"parent":576,"menu_order":0,"comment_status":"closed","ping_status":"closed","template":"","meta":{"footnotes":""},"class_list":["post-4451","page","type-page","status-publish","hentry"],"_links":{"self":[{"href":"https:\/\/meditantes.com.br\/news\/index.php?rest_route=\/wp\/v2\/pages\/4451","targetHints":{"allow":["GET"]}}],"collection":[{"href":"https:\/\/meditantes.com.br\/news\/index.php?rest_route=\/wp\/v2\/pages"}],"about":[{"href":"https:\/\/meditantes.com.br\/news\/index.php?rest_route=\/wp\/v2\/types\/page"}],"author":[{"embeddable":true,"href":"https:\/\/meditantes.com.br\/news\/index.php?rest_route=\/wp\/v2\/users\/1"}],"replies":[{"embeddable":true,"href":"https:\/\/meditantes.com.br\/news\/index.php?rest_route=%2Fwp%2Fv2%2Fcomments&post=4451"}],"version-history":[{"count":9,"href":"https:\/\/meditantes.com.br\/news\/index.php?rest_route=\/wp\/v2\/pages\/4451\/revisions"}],"predecessor-version":[{"id":7310,"href":"https:\/\/meditantes.com.br\/news\/index.php?rest_route=\/wp\/v2\/pages\/4451\/revisions\/7310"}],"up":[{"embeddable":true,"href":"https:\/\/meditantes.com.br\/news\/index.php?rest_route=\/wp\/v2\/pages\/576"}],"wp:attachment":[{"href":"https:\/\/meditantes.com.br\/news\/index.php?rest_route=%2Fwp%2Fv2%2Fmedia&parent=4451"}],"curies":[{"name":"wp","href":"https:\/\/api.w.org\/{rel}","templated":true}]}}