{"id":4521,"date":"2023-09-04T06:00:55","date_gmt":"2023-09-04T06:00:55","guid":{"rendered":"https:\/\/meditantes.com.br\/news\/?page_id=4521"},"modified":"2026-01-27T15:56:26","modified_gmt":"2026-01-27T15:56:26","slug":"paollagarcia","status":"publish","type":"page","link":"https:\/\/meditantes.com.br\/news\/?page_id=4521","title":{"rendered":"| Paolla Garcia"},"content":{"rendered":"\n<p>I<em>nstrutora e Mentora de Mindfulness. T\u00e9cnicas de Autoconhecimento e Reprograma\u00e7\u00e3o Mental. Pr\u00e1tica de Mindful Dancing e Medita\u00e7\u00e3o Ativa<\/em>.<\/p>\n\n\n\n<p><\/p>\n\n\n\n<p><mark style=\"background-color:rgba(0, 0, 0, 0);color:#ffffff\" class=\"has-inline-color\">.<\/mark><\/p>\n\n\n\n<figure class=\"wp-block-image size-large\"><a href=\"https:\/\/www.youtube.com\/playlist?list=PLjXLCSmO7rtpciCqdLMAHLXAlVRvGeT4W\" target=\"_blank\" rel=\" noreferrer noopener\"><img loading=\"lazy\" decoding=\"async\" width=\"1024\" height=\"576\" src=\"https:\/\/meditantes.com.br\/news\/wp-content\/uploads\/2024\/12\/23-1-1024x576.png\" alt=\"\" class=\"wp-image-4522\" srcset=\"https:\/\/meditantes.com.br\/news\/wp-content\/uploads\/2024\/12\/23-1-1024x576.png 1024w, https:\/\/meditantes.com.br\/news\/wp-content\/uploads\/2024\/12\/23-1-300x169.png 300w, https:\/\/meditantes.com.br\/news\/wp-content\/uploads\/2024\/12\/23-1-768x432.png 768w, https:\/\/meditantes.com.br\/news\/wp-content\/uploads\/2024\/12\/23-1-1536x864.png 1536w, https:\/\/meditantes.com.br\/news\/wp-content\/uploads\/2024\/12\/23-1.png 2048w\" sizes=\"auto, (max-width: 1024px) 100vw, 1024px\" \/><\/a><\/figure>\n\n\n\n<h1 class=\"wp-block-heading\"><strong>MindFulness e Autoestima &#8211; Como as Atitudes de Medita\u00e7\u00e3o podem influenciar a sua vida<\/strong> com Paolla Garcia no Meditantes PodCast #23<\/h1>\n\n\n\n<p>\ud83d\udcdd <em>Ao praticarmos as atitudes de medita\u00e7\u00e3o, desenvolvemos uma maior consci\u00eancia de nossos pensamentos, emo\u00e7\u00f5es e rea\u00e7\u00f5es, permitindo-nos observar a n\u00f3s mesmos com mais compaix\u00e3o e aceita\u00e7\u00e3o. Essa pr\u00e1tica de presen\u00e7a plena n\u00e3o s\u00f3 fortalece nossa capacidade de viver no momento presente, mas tamb\u00e9m cura e eleva a nossa autoestima, ao nos conectar com nossa verdadeira ess\u00eancia. Com o tempo, ao cultivar o mindfulness, passamos a perceber nosso valor intr\u00ednseco, liberando-nos das autocr\u00edticas e abra\u00e7ando a confian\u00e7a, a autocompreens\u00e3o e a autenticidade.<\/em><\/p>\n\n\n\n<p><\/p>\n\n\n\n<p><mark style=\"background-color:rgba(0, 0, 0, 0);color:#ffffff\" class=\"has-inline-color\">.<\/mark><\/p>\n\n\n\n<figure class=\"wp-block-image size-large\"><a href=\"https:\/\/www.youtube.com\/playlist?list=PLjXLCSmO7rtpciCqdLMAHLXAlVRvGeT4W\" target=\"_blank\" rel=\" noreferrer noopener\"><img loading=\"lazy\" decoding=\"async\" width=\"1024\" height=\"576\" src=\"https:\/\/meditantes.com.br\/news\/wp-content\/uploads\/2026\/01\/Infografico-Episodio-23-1024x576.png\" alt=\"\" class=\"wp-image-7363\" srcset=\"https:\/\/meditantes.com.br\/news\/wp-content\/uploads\/2026\/01\/Infografico-Episodio-23-1024x576.png 1024w, https:\/\/meditantes.com.br\/news\/wp-content\/uploads\/2026\/01\/Infografico-Episodio-23-300x169.png 300w, https:\/\/meditantes.com.br\/news\/wp-content\/uploads\/2026\/01\/Infografico-Episodio-23-768x432.png 768w, https:\/\/meditantes.com.br\/news\/wp-content\/uploads\/2026\/01\/Infografico-Episodio-23-1536x864.png 1536w, https:\/\/meditantes.com.br\/news\/wp-content\/uploads\/2026\/01\/Infografico-Episodio-23.png 2048w\" sizes=\"auto, (max-width: 1024px) 100vw, 1024px\" \/><\/a><\/figure>\n\n\n\n<p><mark style=\"background-color:rgba(0, 0, 0, 0);color:#ffffff\" class=\"has-inline-color\">.<\/mark><\/p>\n\n\n\n<p>No Epis\u00f3dio 23 do Meditantes PodCast, a convidada Paolla Garcia discute como a pr\u00e1tica de mindfulness e a medita\u00e7\u00e3o podem elevar a autoestima. <\/p>\n\n\n\n<p><\/p>\n\n\n\n<p>A convidada detalha sua trajet\u00f3ria pessoal, explicando como essas t\u00e9cnicas ajudaram a transformar seu comportamento e a superar os desafios iniciais da disciplina di\u00e1ria. <\/p>\n\n\n\n<p><\/p>\n\n\n\n<p>S\u00e3o exploradas as nove atitudes fundamentais do mindfulness, como o n\u00e3o julgamento, a aceita\u00e7\u00e3o e a paci\u00eancia, demonstrando como cada uma delas favorece o autoconhecimento e o amor-pr\u00f3prio. <\/p>\n\n\n\n<p><\/p>\n\n\n\n<p>O di\u00e1logo enfatiza que a sa\u00edda \u00e9 para dentro, sugerindo que silenciar a mente \u00e9 essencial para harmonizar conflitos internos e melhorar a sa\u00fade f\u00edsica e emocional. <\/p>\n\n\n\n<p><\/p>\n\n\n\n<p>Por fim, a conversa ressalta a import\u00e2ncia de manter um estado de presen\u00e7a e curiosidade diante da vida para fortalecer a confian\u00e7a em si mesmo.<\/p>\n\n\n\n<p><mark style=\"background-color:rgba(0, 0, 0, 0);color:#ffffff\" class=\"has-inline-color\">.<\/mark><\/p>\n\n\n\n<p><\/p>\n\n\n\n<p>\ud83d\udc4d <em>Confira nas Playlists abaixo as brilhantes <strong>Experi\u00eancias em Medita\u00e7\u00e3o<\/strong> compartilhadas e disponibilizadas para voc\u00ea em v\u00e1rias plataformas.<\/em><\/p>\n\n\n\n<p><mark style=\"background-color:rgba(0, 0, 0, 0);color:#ffffff\" class=\"has-inline-color\">.<\/mark><\/p>\n\n\n\n<p class=\"has-text-align-left\"><\/p>\n\n\n\n<hr class=\"wp-block-separator has-alpha-channel-opacity\"\/>\n\n\n\n<p class=\"has-text-align-left\"><mark style=\"background-color:rgba(0, 0, 0, 0);color:#ffffff\" class=\"has-inline-color\">.<\/mark><\/p>\n\n\n\n<p class=\"has-text-align-left\"><\/p>\n\n\n\n<h3 class=\"wp-block-heading has-text-align-left\">\u2699\ufe0f | <a href=\"https:\/\/www.youtube.com\/playlist?list=PLjXLCSmO7rtpciCqdLMAHLXAlVRvGeT4W\" target=\"_blank\" rel=\"noreferrer noopener\">Playlist em V\u00eddeo no Youtube<\/a><\/h3>\n\n\n\n<p><\/p>\n\n\n\n<p><mark style=\"background-color:rgba(0, 0, 0, 0);color:#ffffff\" class=\"has-inline-color\">.<\/mark><\/p>\n\n\n\n<p><\/p>\n\n\n\n<h3 class=\"wp-block-heading has-text-align-left\">\u2699\ufe0f | <a href=\"https:\/\/www.youtube.com\/playlist?list=PLjXLCSmO7rtrEw073gXirTdDrFig9Z4Ru\" target=\"_blank\" rel=\"noreferrer noopener\"><\/a><a href=\"https:\/\/open.spotify.com\/playlist\/4VVaXmkqYTrpcqXRK5aVgi\" target=\"_blank\" rel=\"noreferrer noopener\">Playlist em \u00c1udio no Spotify<\/a><\/h3>\n\n\n\n<p class=\"has-text-align-left\"><\/p>\n\n\n\n<p><mark style=\"background-color:rgba(0, 0, 0, 0);color:#ffffff\" class=\"has-inline-color\">.<\/mark><\/p>\n\n\n\n<p><\/p>\n\n\n\n<h3 class=\"wp-block-heading has-text-align-left\">\u2699\ufe0f | <a href=\"https:\/\/meditantes.com.br\/news\/?cat=117\" rel=\"nofollow\">Textos no Meditantes News<\/a><\/h3>\n\n\n\n<p class=\"has-text-align-left\"><\/p>\n\n\n\n<p><mark style=\"background-color:rgba(0, 0, 0, 0);color:#ffffff\" class=\"has-inline-color\">.<\/mark><\/p>\n\n\n\n<p><\/p>\n\n\n\n<h4 class=\"wp-block-heading has-text-align-left\">\u2699\ufe0f | Artigos sobre Medita\u00e7\u00e3o<\/h4>\n\n\n\n<p><\/p>\n\n\n\n<p><mark style=\"background-color:rgba(0, 0, 0, 0);color:#ffffff\" class=\"has-inline-color\">.<\/mark><\/p>\n\n\n\n<p><mark style=\"background-color:rgba(0, 0, 0, 0);color:#ffffff\" class=\"has-inline-color\">.<\/mark><\/p>\n\n\n\n<p class=\"has-text-align-left\"><\/p>\n\n\n\n<hr class=\"wp-block-separator has-alpha-channel-opacity\"\/>\n\n\n\n<p class=\"has-text-align-left\"><\/p>\n\n\n\n<p><mark style=\"background-color:rgba(0, 0, 0, 0);color:#ffffff\" class=\"has-inline-color\">.<\/mark><\/p>\n\n\n\n<h4 class=\"wp-block-heading has-text-align-left\">\ud83d\udcda  | <strong>Livros sobre Medita\u00e7\u00e3o que eu indico<\/strong><\/h4>\n\n\n\n<p class=\"has-text-align-left\">| Como se Tornar Sobrenatural: Pessoas Comuns Realizando o Extraordin\u00e1rio &#8211; Dr. Joe Dizpenza<\/p>\n\n\n\n<p>| O poder do agora Eckhart Tolle<\/p>\n\n\n\n<p>| Aten\u00e7\u00e3o Plena &#8211; Mark Williams e Danny Penman<\/p>\n\n\n\n<p><\/p>\n\n\n\n<p><mark style=\"background-color:rgba(0, 0, 0, 0);color:#ffffff\" class=\"has-inline-color\">.<\/mark><\/p>\n\n\n\n<p><\/p>\n\n\n\n<hr class=\"wp-block-separator has-alpha-channel-opacity\"\/>\n\n\n\n<p class=\"has-text-align-left\"><\/p>\n\n\n\n<p><mark style=\"background-color:rgba(0, 0, 0, 0);color:#ffffff\" class=\"has-inline-color\">.<\/mark><\/p>\n\n\n\n<p>\ud83e\udeb7 <strong>Onde mais voc\u00ea encontra essas Experi\u00eancias em Medita\u00e7\u00e3o?<\/strong><\/p>\n\n\n\n<p><\/p>\n\n\n\n<p>\ud83c\udf10 | <em><a href=\"https:\/\/www.facebook.com\/watch\/meditantespodcast\/886857536211724\" target=\"_blank\" rel=\"noreferrer noopener\">Facebook Watch<\/a><\/em><\/p>\n\n\n\n<p><\/p>\n\n\n\n<p>\ud83c\udf10 | <em><a href=\"https:\/\/music.youtube.com\/playlist?list=PLjXLCSmO7rtpciCqdLMAHLXAlVRvGeT4W\" target=\"_blank\" rel=\"noreferrer noopener\">Youtube Music<\/a><\/em><\/p>\n\n\n\n<p><\/p>\n\n\n\n<p>\ud83c\udf10 | <em><a href=\"https:\/\/dailymotion.com\/playlist\/x8mi6s\" target=\"_blank\" rel=\"noreferrer noopener\">Dailymotion<\/a> (Fran\u00e7a)<\/em><\/p>\n\n\n\n<p><\/p>\n\n\n\n<p>\ud83c\udf10 | <a href=\"https:\/\/odysee.com\/@meditantespodcast\/MeditantesPodCast23\" target=\"_blank\" rel=\"noreferrer noopener\"><em>Odysee<\/em><\/a> <em>(Estados Unidos)<\/em><\/p>\n\n\n\n<p><\/p>\n\n\n\n<p>\ud83c\udf10 | <em><a href=\"https:\/\/vkvideo.ru\/playlist\/815896582_29\" target=\"_blank\" rel=\"noreferrer noopener\">VKontakte<\/a> (Russia)<\/em><\/p>\n\n\n\n<p><\/p>\n\n\n\n<p>\ud83c\udf10 | <a href=\"https:\/\/www.tokyvideo.com\/br\/s%C3%A9ries\/meditantes-podcast-23\" target=\"_blank\" rel=\"noreferrer noopener\"><em>Tokyvideo<\/em><\/a><\/p>\n\n\n\n<p><\/p>\n\n\n\n<p>\ud83c\udf10 | <a href=\"https:\/\/ok.ru\/video\/c24057798\" target=\"_blank\" rel=\"noreferrer noopener\"><em>Ok.ru<\/em><\/a><\/p>\n\n\n\n<p><\/p>\n\n\n\n<p>\ud83c\udf10 | <em><a href=\"http:\/\/meditantes.com.br\/links\" target=\"_blank\" rel=\"noreferrer noopener\"><strong>Todos as plataformas<\/strong><\/a><\/em><\/p>\n\n\n\n<p><\/p>\n\n\n\n<p class=\"has-text-align-left\"><mark style=\"background-color:rgba(0, 0, 0, 0);color:#ffffff\" class=\"has-inline-color\">.<\/mark><\/p>\n\n\n\n<p><mark style=\"background-color:rgba(0, 0, 0, 0);color:#ffffff\" class=\"has-inline-color\">.<\/mark><\/p>\n\n\n\n<p><\/p>\n\n\n\n<hr class=\"wp-block-separator has-alpha-channel-opacity\"\/>\n\n\n\n<p class=\"has-text-align-left\"><\/p>\n\n\n\n<p><mark style=\"background-color:rgba(0, 0, 0, 0);color:#ffffff\" class=\"has-inline-color\">.<\/mark><\/p>\n\n\n\n<p><\/p>\n\n\n\n<figure class=\"wp-block-image size-large\"><img loading=\"lazy\" decoding=\"async\" width=\"1024\" height=\"160\" src=\"https:\/\/meditantes.com.br\/news\/wp-content\/uploads\/2024\/05\/TOPO-2048X320-1024x160.png\" alt=\"\" class=\"wp-image-1634\" srcset=\"https:\/\/meditantes.com.br\/news\/wp-content\/uploads\/2024\/05\/TOPO-2048X320-1024x160.png 1024w, https:\/\/meditantes.com.br\/news\/wp-content\/uploads\/2024\/05\/TOPO-2048X320-300x47.png 300w, https:\/\/meditantes.com.br\/news\/wp-content\/uploads\/2024\/05\/TOPO-2048X320-768x120.png 768w, https:\/\/meditantes.com.br\/news\/wp-content\/uploads\/2024\/05\/TOPO-2048X320-1536x240.png 1536w, https:\/\/meditantes.com.br\/news\/wp-content\/uploads\/2024\/05\/TOPO-2048X320.png 2048w\" sizes=\"auto, (max-width: 1024px) 100vw, 1024px\" \/><\/figure>\n\n\n\n<p><\/p>\n\n\n\n<h4 class=\"wp-block-heading has-text-align-left\">\ud83d\udc47 <strong>| Conhe\u00e7a mais sobre Paolla Garcia<\/strong><\/h4>\n\n\n\n<p><\/p>\n\n\n\n<p>\ud83c\udf10 <a href=\"https:\/\/www.instagram.com\/garciapaolla\/\" target=\"_blank\" rel=\"noreferrer noopener\">Instagram<\/a><\/p>\n\n\n\n<p><\/p>\n\n\n\n<p class=\"has-text-align-left\"><mark style=\"background-color:rgba(0, 0, 0, 0);color:#ffffff\" class=\"has-inline-color\">.<\/mark><\/p>\n\n\n\n<p><mark style=\"background-color:rgba(0, 0, 0, 0);color:#ffffff\" class=\"has-inline-color\">.<\/mark><\/p>\n\n\n\n<p><\/p>\n\n\n\n<hr class=\"wp-block-separator has-alpha-channel-opacity\"\/>\n\n\n\n<p class=\"has-text-align-left\"><\/p>\n\n\n\n<p><mark style=\"background-color:rgba(0, 0, 0, 0);color:#ffffff\" class=\"has-inline-color\">.<\/mark><\/p>\n\n\n\n<p><\/p>\n\n\n\n<figure class=\"wp-block-image size-large\"><a href=\"https:\/\/meditantes.com.br\/podcast\"><img loading=\"lazy\" decoding=\"async\" width=\"1024\" height=\"160\" src=\"https:\/\/meditantes.com.br\/news\/wp-content\/uploads\/2024\/05\/COMUNIDADE-MEDITANTES-18-1024x160.png\" alt=\"\" class=\"wp-image-2112\" srcset=\"https:\/\/meditantes.com.br\/news\/wp-content\/uploads\/2024\/05\/COMUNIDADE-MEDITANTES-18-1024x160.png 1024w, https:\/\/meditantes.com.br\/news\/wp-content\/uploads\/2024\/05\/COMUNIDADE-MEDITANTES-18-300x47.png 300w, https:\/\/meditantes.com.br\/news\/wp-content\/uploads\/2024\/05\/COMUNIDADE-MEDITANTES-18-768x120.png 768w, https:\/\/meditantes.com.br\/news\/wp-content\/uploads\/2024\/05\/COMUNIDADE-MEDITANTES-18.png 1280w\" sizes=\"auto, (max-width: 1024px) 100vw, 1024px\" \/><\/a><\/figure>\n\n\n\n<p>\ud83c\udf10 <a href=\"http:\/\/meditantes.com.br\/youtube\" target=\"_blank\" rel=\"noreferrer noopener\"><em>Meditantes PodCast no Youtube<\/em><\/a><\/p>\n\n\n\n<p><mark style=\"background-color:rgba(0, 0, 0, 0);color:#ffffff\" class=\"has-inline-color\">.<\/mark><\/p>\n\n\n\n<p><mark style=\"background-color:rgba(0, 0, 0, 0);color:#ffffff\" class=\"has-inline-color\">.<\/mark><\/p>\n\n\n\n<p><mark style=\"background-color:rgba(0, 0, 0, 0);color:#ffffff\" class=\"has-inline-color\">.<\/mark><\/p>\n\n\n\n<p><mark style=\"background-color:rgba(0, 0, 0, 0);color:#ffffff\" class=\"has-inline-color\">.<\/mark><\/p>\n\n\n\n<p><\/p>\n\n\n\n<p>\ud83d\ude01 <strong>Gostou? comenta, compartilha\u2026<\/strong><\/p>\n\n\n\n<p class=\"has-text-align-left\"><\/p>\n","protected":false},"excerpt":{"rendered":"<p>Instrutora e Mentora de Mindfulness. T\u00e9cnicas de Autoconhecimento e Reprograma\u00e7\u00e3o Mental. Pr\u00e1tica de Mindful Dancing e Medita\u00e7\u00e3o Ativa. . MindFulness&hellip;<\/p>\n","protected":false},"author":1,"featured_media":0,"parent":576,"menu_order":0,"comment_status":"closed","ping_status":"closed","template":"","meta":{"footnotes":""},"class_list":["post-4521","page","type-page","status-publish","hentry"],"_links":{"self":[{"href":"https:\/\/meditantes.com.br\/news\/index.php?rest_route=\/wp\/v2\/pages\/4521","targetHints":{"allow":["GET"]}}],"collection":[{"href":"https:\/\/meditantes.com.br\/news\/index.php?rest_route=\/wp\/v2\/pages"}],"about":[{"href":"https:\/\/meditantes.com.br\/news\/index.php?rest_route=\/wp\/v2\/types\/page"}],"author":[{"embeddable":true,"href":"https:\/\/meditantes.com.br\/news\/index.php?rest_route=\/wp\/v2\/users\/1"}],"replies":[{"embeddable":true,"href":"https:\/\/meditantes.com.br\/news\/index.php?rest_route=%2Fwp%2Fv2%2Fcomments&post=4521"}],"version-history":[{"count":10,"href":"https:\/\/meditantes.com.br\/news\/index.php?rest_route=\/wp\/v2\/pages\/4521\/revisions"}],"predecessor-version":[{"id":7365,"href":"https:\/\/meditantes.com.br\/news\/index.php?rest_route=\/wp\/v2\/pages\/4521\/revisions\/7365"}],"up":[{"embeddable":true,"href":"https:\/\/meditantes.com.br\/news\/index.php?rest_route=\/wp\/v2\/pages\/576"}],"wp:attachment":[{"href":"https:\/\/meditantes.com.br\/news\/index.php?rest_route=%2Fwp%2Fv2%2Fmedia&parent=4521"}],"curies":[{"name":"wp","href":"https:\/\/api.w.org\/{rel}","templated":true}]}}