{"id":4703,"date":"2024-01-01T06:00:23","date_gmt":"2024-01-01T06:00:23","guid":{"rendered":"https:\/\/meditantes.com.br\/news\/?page_id=4703"},"modified":"2025-01-11T18:55:55","modified_gmt":"2025-01-11T18:55:55","slug":"taniarainha","status":"publish","type":"page","link":"https:\/\/meditantes.com.br\/news\/?page_id=4703","title":{"rendered":"| Tania Rainha"},"content":{"rendered":"\n<p><em>Instrutora certificada como \u201cMaster and Science\u201d (Mestrado e Ci\u00eancia) no ThetaHealing pelo THInK<sup>\u00ae<\/sup>&nbsp;\u2013 EUA.<br>Formada em Educa\u00e7\u00e3o F\u00edsica com especializa\u00e7\u00e3o em Fisiologia Humana, iniciou seu caminho espiritual atrav\u00e9s de Terapias Hol\u00edsticas com o Reiki Usui\/ Karuna\/ Magnificado\/ Estelar, Cura Cristalina e Florais Vibracionais. Em 2011 iniciou sua Forma\u00e7\u00e3o Internacional em ThetaHealing<sup>\u00ae<\/sup>&nbsp;DNA B\u00e1sico, DNA Avan\u00e7ado, Manifesta\u00e7\u00e3o e Abund\u00e2ncia, Ritmo e Peso Perfeito, Alma G\u00eamea, Crian\u00e7a Arco-\u00cdris, Jogo da Vida, Animais, Plantas, Anatomia Intuitiva, Rela\u00e7\u014des Mundiais, Doen\u00e7as e Desordens, DNA 3, Planos da Exist\u00eancia, La\u00e7os Familiares e Aprofundando no Digging . Em 2013 nos EUA , se especializou, diretamente com fundadora da T\u00e9cnica Vianna Stibal.<\/em><\/p>\n\n\n\n<p><\/p>\n\n\n\n<p><mark style=\"background-color:rgba(0, 0, 0, 0);color:#ffffff\" class=\"has-inline-color\">.<\/mark><\/p>\n\n\n\n<figure class=\"wp-block-image size-large\"><a href=\"https:\/\/www.youtube.com\/playlist?list=PLjXLCSmO7rtoFg0caSu1lYGkfD4xI6s0t\" target=\"_blank\" rel=\" noreferrer noopener\"><img loading=\"lazy\" decoding=\"async\" width=\"1024\" height=\"576\" src=\"https:\/\/meditantes.com.br\/news\/wp-content\/uploads\/2024\/12\/40-1-1024x576.png\" alt=\"\" class=\"wp-image-4704\" srcset=\"https:\/\/meditantes.com.br\/news\/wp-content\/uploads\/2024\/12\/40-1-1024x576.png 1024w, https:\/\/meditantes.com.br\/news\/wp-content\/uploads\/2024\/12\/40-1-300x169.png 300w, https:\/\/meditantes.com.br\/news\/wp-content\/uploads\/2024\/12\/40-1-768x432.png 768w, https:\/\/meditantes.com.br\/news\/wp-content\/uploads\/2024\/12\/40-1-1536x864.png 1536w, https:\/\/meditantes.com.br\/news\/wp-content\/uploads\/2024\/12\/40-1.png 2048w\" sizes=\"auto, (max-width: 1024px) 100vw, 1024px\" \/><\/a><\/figure>\n\n\n\n<h1 class=\"wp-block-heading\"><strong>Medita\u00e7\u00e3o Theta, reprograma\u00e7\u00e3o para uma vida melhor<\/strong> com Tania Rainha no Meditantes PodCast #40<a href=\"https:\/\/www.youtube.com\/@meditantespodcast\"><\/a><\/h1>\n\n\n\n<p>\ud83d\udcdd <em>\u00c9 um convite para mergulhar nas camadas mais profundas da mente, onde cren\u00e7as limitantes podem ser reprogramadas e novas possibilidades s\u00e3o despertadas. Nesse estado elevado de frequ\u00eancia cerebral, acessamos o poder transformador do subconsciente, permitindo curas emocionais, alinhamento espiritual e a cria\u00e7\u00e3o de uma realidade mais vibrante e consciente. \u00c9 um reencontro com a pr\u00f3pria ess\u00eancia, onde cada pensamento, inten\u00e7\u00e3o e sentimento se tornam ferramentas para construir uma vida melhor, cheia de prop\u00f3sito e plenitude.<\/em><\/p>\n\n\n\n<p><\/p>\n\n\n\n<p><mark style=\"background-color:rgba(0, 0, 0, 0);color:#ffffff\" class=\"has-inline-color\">.<\/mark><\/p>\n\n\n\n<p><\/p>\n\n\n\n<p>\ud83d\udc4d <em>Confira nas Playlists abaixo as brilhantes <strong>Experi\u00eancias em Medita\u00e7\u00e3o<\/strong> compartilhadas e disponibilizadas para voc\u00ea em v\u00e1rias plataformas.<\/em><\/p>\n\n\n\n<p><\/p>\n\n\n\n<p><mark style=\"background-color:rgba(0, 0, 0, 0);color:#ffffff\" class=\"has-inline-color\">.<\/mark><\/p>\n\n\n\n<p class=\"has-text-align-left\"><mark style=\"background-color:rgba(0, 0, 0, 0);color:#ffffff\" class=\"has-inline-color\">.<\/mark><\/p>\n\n\n\n<p><\/p>\n\n\n\n<hr class=\"wp-block-separator has-alpha-channel-opacity\"\/>\n\n\n\n<p class=\"has-text-align-left\"><mark style=\"background-color:rgba(0, 0, 0, 0);color:#ffffff\" class=\"has-inline-color\">.<\/mark><\/p>\n\n\n\n<p class=\"has-text-align-left\"><\/p>\n\n\n\n<h3 class=\"wp-block-heading has-text-align-left\">\u2699\ufe0f| <a href=\"https:\/\/www.youtube.com\/playlist?list=PLjXLCSmO7rtoFg0caSu1lYGkfD4xI6s0t\" target=\"_blank\" rel=\"noreferrer noopener\">Playlist em V\u00eddeo no Youtube<\/a><\/h3>\n\n\n\n<p><\/p>\n\n\n\n<p><mark style=\"background-color:rgba(0, 0, 0, 0);color:#ffffff\" class=\"has-inline-color\">.<\/mark><\/p>\n\n\n\n<p><\/p>\n\n\n\n<h3 class=\"wp-block-heading has-text-align-left\">\u2699\ufe0f| <a href=\"https:\/\/www.youtube.com\/playlist?list=PLjXLCSmO7rtrEw073gXirTdDrFig9Z4Ru\" target=\"_blank\" rel=\"noreferrer noopener\"><\/a><a href=\"https:\/\/open.spotify.com\/playlist\/6Y5jYmXzFDnm0h4kaKOlPN\" target=\"_blank\" rel=\"noreferrer noopener\">Playlist em \u00c1udio no Spotify<\/a><\/h3>\n\n\n\n<p class=\"has-text-align-left\"><\/p>\n\n\n\n<p><mark style=\"background-color:rgba(0, 0, 0, 0);color:#ffffff\" class=\"has-inline-color\">.<\/mark><\/p>\n\n\n\n<p><\/p>\n\n\n\n<h3 class=\"wp-block-heading has-text-align-left\">\u2699\ufe0f| <a href=\"https:\/\/meditantes.com.br\/news\/?cat=133\" rel=\"nofollow\">Textos no Meditantes News<\/a><\/h3>\n\n\n\n<p class=\"has-text-align-left\"><\/p>\n\n\n\n<p><mark style=\"background-color:rgba(0, 0, 0, 0);color:#ffffff\" class=\"has-inline-color\">.<\/mark><\/p>\n\n\n\n<p><\/p>\n\n\n\n<h4 class=\"wp-block-heading has-text-align-left\">\u2699\ufe0f | Artigos sobre Medita\u00e7\u00e3o<\/h4>\n\n\n\n<p><\/p>\n\n\n\n<p><mark style=\"background-color:rgba(0, 0, 0, 0);color:#ffffff\" class=\"has-inline-color\">.<\/mark><\/p>\n\n\n\n<p><mark style=\"background-color:rgba(0, 0, 0, 0);color:#ffffff\" class=\"has-inline-color\">.<\/mark><\/p>\n\n\n\n<p class=\"has-text-align-left\"><\/p>\n\n\n\n<hr class=\"wp-block-separator has-alpha-channel-opacity\"\/>\n\n\n\n<p class=\"has-text-align-left\"><\/p>\n\n\n\n<p><mark style=\"background-color:rgba(0, 0, 0, 0);color:#ffffff\" class=\"has-inline-color\">.<\/mark><\/p>\n\n\n\n<p><\/p>\n\n\n\n<h4 class=\"wp-block-heading has-text-align-left\">\ud83d\udcda  | <strong>Livros sobre Medita\u00e7\u00e3o que eu indico<\/strong><\/h4>\n\n\n\n<p>| <\/p>\n\n\n\n<p><\/p>\n\n\n\n<p class=\"has-text-align-left\"><mark style=\"background-color:rgba(0, 0, 0, 0);color:#ffffff\" class=\"has-inline-color\">.<\/mark><\/p>\n\n\n\n<p><mark style=\"background-color:rgba(0, 0, 0, 0);color:#ffffff\" class=\"has-inline-color\">.<\/mark><\/p>\n\n\n\n<p><\/p>\n\n\n\n<hr class=\"wp-block-separator has-alpha-channel-opacity\"\/>\n\n\n\n<p class=\"has-text-align-left\"><\/p>\n\n\n\n<p><mark style=\"background-color:rgba(0, 0, 0, 0);color:#ffffff\" class=\"has-inline-color\">.<\/mark><\/p>\n\n\n\n<p>\ud83e\udeb7 <strong>Onde mais voc\u00ea encontra essas Experi\u00eancias em Medita\u00e7\u00e3o?<\/strong><\/p>\n\n\n\n<p><\/p>\n\n\n\n<p>\ud83c\udf10 | <em><a href=\"https:\/\/www.facebook.com\/watch\/meditantespodcast\/517102607570276\" target=\"_blank\" rel=\"noreferrer noopener\">Facebook Watch<\/a><\/em><\/p>\n\n\n\n<p><\/p>\n\n\n\n<p>\ud83c\udf10 | <em><a href=\"https:\/\/music.youtube.com\/playlist?list=PLjXLCSmO7rtoFg0caSu1lYGkfD4xI6s0t\" target=\"_blank\" rel=\"noreferrer noopener\">Youtube Music<\/a><\/em><\/p>\n\n\n\n<p><\/p>\n\n\n\n<p>\ud83c\udf10 | <em><a href=\"https:\/\/dailymotion.com\/playlist\/x8omk4\" target=\"_blank\" rel=\"noreferrer noopener\">Dailymotion<\/a> (Fran\u00e7a)<\/em><\/p>\n\n\n\n<p><\/p>\n\n\n\n<p>\ud83c\udf10 | <a href=\"https:\/\/odysee.com\/@meditantespodcast\/40\" target=\"_blank\" rel=\"noreferrer noopener\"><em>Odysee<\/em><\/a> <em>(Estados Unidos)<\/em><\/p>\n\n\n\n<p><\/p>\n\n\n\n<p>\ud83c\udf10 | <em><a href=\"https:\/\/vkvideo.ru\/playlist\/815896582_47\" target=\"_blank\" rel=\"noreferrer noopener\">VKontakte<\/a> (Russia)<\/em><\/p>\n\n\n\n<p><\/p>\n\n\n\n<p>\ud83c\udf10 | <a href=\"https:\/\/www.tokyvideo.com\/br\/s%C3%A9ries\/meditantes-podcast-40\" target=\"_blank\" rel=\"noreferrer noopener\"><em>Tokyvideo<\/em><\/a><\/p>\n\n\n\n<p><\/p>\n\n\n\n<p>\ud83c\udf10 | <a href=\"https:\/\/ok.ru\/video\/c24768710\" target=\"_blank\" rel=\"noreferrer noopener\"><em>Ok.ru<\/em><\/a><\/p>\n\n\n\n<p><\/p>\n\n\n\n<p>\ud83c\udf10 | <em><a href=\"http:\/\/meditantes.com.br\/links\" target=\"_blank\" rel=\"noreferrer noopener\"><strong>Todos as plataformas<\/strong><\/a><\/em><\/p>\n\n\n\n<p><\/p>\n\n\n\n<p class=\"has-text-align-left\"><mark style=\"background-color:rgba(0, 0, 0, 0);color:#ffffff\" class=\"has-inline-color\">.<\/mark><\/p>\n\n\n\n<p><mark style=\"background-color:rgba(0, 0, 0, 0);color:#ffffff\" class=\"has-inline-color\">.<\/mark><\/p>\n\n\n\n<p><\/p>\n\n\n\n<hr class=\"wp-block-separator has-alpha-channel-opacity\"\/>\n\n\n\n<p class=\"has-text-align-left\"><\/p>\n\n\n\n<p><mark style=\"background-color:rgba(0, 0, 0, 0);color:#ffffff\" class=\"has-inline-color\">.<\/mark><\/p>\n\n\n\n<p><\/p>\n\n\n\n<figure class=\"wp-block-image size-large\"><img loading=\"lazy\" decoding=\"async\" width=\"1024\" height=\"160\" src=\"https:\/\/meditantes.com.br\/news\/wp-content\/uploads\/2024\/05\/TOPO-2048X320-1024x160.png\" alt=\"\" class=\"wp-image-1634\" srcset=\"https:\/\/meditantes.com.br\/news\/wp-content\/uploads\/2024\/05\/TOPO-2048X320-1024x160.png 1024w, https:\/\/meditantes.com.br\/news\/wp-content\/uploads\/2024\/05\/TOPO-2048X320-300x47.png 300w, https:\/\/meditantes.com.br\/news\/wp-content\/uploads\/2024\/05\/TOPO-2048X320-768x120.png 768w, https:\/\/meditantes.com.br\/news\/wp-content\/uploads\/2024\/05\/TOPO-2048X320-1536x240.png 1536w, https:\/\/meditantes.com.br\/news\/wp-content\/uploads\/2024\/05\/TOPO-2048X320.png 2048w\" sizes=\"auto, (max-width: 1024px) 100vw, 1024px\" \/><\/figure>\n\n\n\n<p><\/p>\n\n\n\n<h4 class=\"wp-block-heading has-text-align-left\">\ud83d\udc47 <strong>| Conhe\u00e7a mais sobre Tania Rainha<\/strong><\/h4>\n\n\n\n<p><\/p>\n\n\n\n<p>\ud83c\udf10 <a href=\"https:\/\/www.instagram.com\/taniarainha\/\" target=\"_blank\" rel=\"noreferrer noopener\">www.instagram.com\/taniarainha<\/a><\/p>\n\n\n\n<p><\/p>\n\n\n\n<p>\ud83c\udf10 <a href=\"https:\/\/www.instagram.com\/conexaothetahealing\">www.instagram.com\/conexaothetahealing<\/a><\/p>\n\n\n\n<p><\/p>\n\n\n\n<p>\ud83c\udf10 <a href=\"https:\/\/www.youtube.com\/@conexaotheta\" target=\"_blank\" rel=\"noreferrer noopener\">www.youtube.com\/@conexaotheta<\/a><\/p>\n\n\n\n<p><\/p>\n\n\n\n<p>\ud83c\udf10 <a href=\"https:\/\/conexaotheta.com\/\" target=\"_blank\" rel=\"noreferrer noopener\">www.conexaotheta.com<\/a><\/p>\n\n\n\n<p><mark style=\"background-color:rgba(0, 0, 0, 0);color:#ffffff\" class=\"has-inline-color\">.<\/mark><\/p>\n\n\n\n<p><\/p>\n\n\n\n<h4 class=\"wp-block-heading has-text-align-left\">\ud83d\udcda <strong>| <strong>Cursos<\/strong><\/strong><\/h4>\n\n\n\n<p>| <a href=\"https:\/\/conexaotheta.com\/cursos.html\" target=\"_blank\" rel=\"noreferrer noopener\"><em>ThetaHealing<\/em><\/a><\/p>\n\n\n\n<p><\/p>\n\n\n\n<p class=\"has-text-align-left\"><mark style=\"background-color:rgba(0, 0, 0, 0);color:#ffffff\" class=\"has-inline-color\">.<\/mark><\/p>\n\n\n\n<p><mark style=\"background-color:rgba(0, 0, 0, 0);color:#ffffff\" class=\"has-inline-color\">.<\/mark><\/p>\n\n\n\n<p><\/p>\n\n\n\n<hr class=\"wp-block-separator has-alpha-channel-opacity\"\/>\n\n\n\n<p class=\"has-text-align-left\"><\/p>\n\n\n\n<p><mark style=\"background-color:rgba(0, 0, 0, 0);color:#ffffff\" class=\"has-inline-color\">.<\/mark><\/p>\n\n\n\n<p><\/p>\n\n\n\n<figure class=\"wp-block-image size-large\"><a href=\"https:\/\/meditantes.com.br\/podcast\"><img loading=\"lazy\" decoding=\"async\" width=\"1024\" height=\"160\" src=\"https:\/\/meditantes.com.br\/news\/wp-content\/uploads\/2024\/05\/COMUNIDADE-MEDITANTES-18-1024x160.png\" alt=\"\" class=\"wp-image-2112\" srcset=\"https:\/\/meditantes.com.br\/news\/wp-content\/uploads\/2024\/05\/COMUNIDADE-MEDITANTES-18-1024x160.png 1024w, https:\/\/meditantes.com.br\/news\/wp-content\/uploads\/2024\/05\/COMUNIDADE-MEDITANTES-18-300x47.png 300w, https:\/\/meditantes.com.br\/news\/wp-content\/uploads\/2024\/05\/COMUNIDADE-MEDITANTES-18-768x120.png 768w, https:\/\/meditantes.com.br\/news\/wp-content\/uploads\/2024\/05\/COMUNIDADE-MEDITANTES-18.png 1280w\" sizes=\"auto, (max-width: 1024px) 100vw, 1024px\" \/><\/a><\/figure>\n\n\n\n<p>\ud83c\udf10 <a href=\"http:\/\/meditantes.com.br\/youtube\" target=\"_blank\" rel=\"noreferrer noopener\"><em>Meditantes PodCast no Youtube<\/em><\/a><\/p>\n\n\n\n<p><mark style=\"background-color:rgba(0, 0, 0, 0);color:#ffffff\" class=\"has-inline-color\">.<\/mark><\/p>\n\n\n\n<p><mark style=\"background-color:rgba(0, 0, 0, 0);color:#ffffff\" class=\"has-inline-color\">.<\/mark><\/p>\n\n\n\n<p><mark style=\"background-color:rgba(0, 0, 0, 0);color:#ffffff\" class=\"has-inline-color\">.<\/mark><\/p>\n\n\n\n<p><mark style=\"background-color:rgba(0, 0, 0, 0);color:#ffffff\" class=\"has-inline-color\">.<\/mark><\/p>\n\n\n\n<p><\/p>\n\n\n\n<p>\ud83d\ude01 <strong>Gostou? comenta, compartilha\u2026<\/strong><\/p>\n\n\n\n<p><\/p>\n","protected":false},"excerpt":{"rendered":"<p>Instrutora certificada como \u201cMaster and Science\u201d (Mestrado e Ci\u00eancia) no ThetaHealing pelo THInK\u00ae&nbsp;\u2013 EUA.Formada em Educa\u00e7\u00e3o F\u00edsica com especializa\u00e7\u00e3o em&hellip;<\/p>\n","protected":false},"author":1,"featured_media":0,"parent":576,"menu_order":0,"comment_status":"closed","ping_status":"closed","template":"","meta":{"footnotes":""},"class_list":["post-4703","page","type-page","status-publish","hentry"],"_links":{"self":[{"href":"https:\/\/meditantes.com.br\/news\/index.php?rest_route=\/wp\/v2\/pages\/4703","targetHints":{"allow":["GET"]}}],"collection":[{"href":"https:\/\/meditantes.com.br\/news\/index.php?rest_route=\/wp\/v2\/pages"}],"about":[{"href":"https:\/\/meditantes.com.br\/news\/index.php?rest_route=\/wp\/v2\/types\/page"}],"author":[{"embeddable":true,"href":"https:\/\/meditantes.com.br\/news\/index.php?rest_route=\/wp\/v2\/users\/1"}],"replies":[{"embeddable":true,"href":"https:\/\/meditantes.com.br\/news\/index.php?rest_route=%2Fwp%2Fv2%2Fcomments&post=4703"}],"version-history":[{"count":8,"href":"https:\/\/meditantes.com.br\/news\/index.php?rest_route=\/wp\/v2\/pages\/4703\/revisions"}],"predecessor-version":[{"id":6513,"href":"https:\/\/meditantes.com.br\/news\/index.php?rest_route=\/wp\/v2\/pages\/4703\/revisions\/6513"}],"up":[{"embeddable":true,"href":"https:\/\/meditantes.com.br\/news\/index.php?rest_route=\/wp\/v2\/pages\/576"}],"wp:attachment":[{"href":"https:\/\/meditantes.com.br\/news\/index.php?rest_route=%2Fwp%2Fv2%2Fmedia&parent=4703"}],"curies":[{"name":"wp","href":"https:\/\/api.w.org\/{rel}","templated":true}]}}