{"id":4759,"date":"2024-12-08T20:17:37","date_gmt":"2024-12-08T20:17:37","guid":{"rendered":"https:\/\/meditantes.com.br\/news\/?page_id=4759"},"modified":"2025-05-07T13:37:10","modified_gmt":"2025-05-07T13:37:10","slug":"colunistas","status":"publish","type":"page","link":"https:\/\/meditantes.com.br\/news\/?page_id=4759","title":{"rendered":"Colunistas"},"content":{"rendered":"\n<figure class=\"wp-block-image size-large\"><img loading=\"lazy\" decoding=\"async\" width=\"1024\" height=\"160\" src=\"https:\/\/meditantes.com.br\/news\/wp-content\/uploads\/2025\/05\/2-1024x160.png\" alt=\"\" class=\"wp-image-7122\" srcset=\"https:\/\/meditantes.com.br\/news\/wp-content\/uploads\/2025\/05\/2-1024x160.png 1024w, https:\/\/meditantes.com.br\/news\/wp-content\/uploads\/2025\/05\/2-300x47.png 300w, https:\/\/meditantes.com.br\/news\/wp-content\/uploads\/2025\/05\/2-768x120.png 768w, https:\/\/meditantes.com.br\/news\/wp-content\/uploads\/2025\/05\/2.png 1280w\" sizes=\"auto, (max-width: 1024px) 100vw, 1024px\" \/><\/figure>\n\n\n\n<p><em>Eles n\u00e3o apenas informam, mas inspiram o leitor a silenciar a mente e mergulhar no sagrado espa\u00e7o do ser. Ao explorar suas p\u00e1ginas, somos convidados a transcender o barulho do mundo e a reconhecer que a verdadeira paz n\u00e3o est\u00e1 fora, mas repousa silenciosamente dentro de n\u00f3s. Cada artigo \u00e9 como um sopro de consci\u00eancia que reacende o desejo pela presen\u00e7a, pelo equil\u00edbrio e pela ess\u00eancia. Assim, mais do que textos, s\u00e3o convites vivos para despertar.<\/em><\/p>\n\n\n\n<p><mark style=\"background-color:rgba(0, 0, 0, 0);color:#ffffff\" class=\"has-inline-color\">.<\/mark><\/p>\n\n\n\n<p>Confira os <em>artigos sobre Medita\u00e7\u00e3o compartilhados por nossos convidados e convidadas do Meditantes PodCast. <\/em><\/p>\n\n\n\n<p><mark style=\"background-color:rgba(0, 0, 0, 0);color:#ffffff\" class=\"has-inline-color\">.<\/mark><\/p>\n\n\n\n<p><mark style=\"background-color:rgba(0, 0, 0, 0);color:#ffffff\" class=\"has-inline-color\">.<\/mark><\/p>\n\n\n\n<p><mark style=\"background-color:rgba(0, 0, 0, 0);color:#ffffff\" class=\"has-inline-color\">.<\/mark><\/p>\n\n\n\n<p><\/p>\n\n\n\n<h3 class=\"wp-block-heading\">\ud83d\udc68\u200d\ud83c\udf93 | <a href=\"https:\/\/meditantes.com.br\/news\/?cat=149\">Akal Muret Singh<\/a><\/h3>\n\n\n\n<p><em><em>Professor de Kundalini Yoga, Hatha Yoga, Raja Yoga<\/em><\/em>.<\/p>\n\n\n\n<p><\/p>\n\n\n\n<p><mark style=\"background-color:rgba(0, 0, 0, 0);color:#ffffff\" class=\"has-inline-color\">.<\/mark><\/p>\n\n\n\n<p><\/p>\n\n\n\n<h3 class=\"wp-block-heading\">\ud83d\udc69\u200d\ud83c\udf93 | <a href=\"https:\/\/meditantes.com.br\/news\/?cat=174\">Cristina Pereira<\/a><\/h3>\n\n\n\n<p><em><em><em>Psic\u00f3loga, professora de Yoga e p\u00f3s-graduada em Mindfulness e terapias integrativas.<\/em><\/em><\/em><\/p>\n\n\n\n<p><mark style=\"background-color:rgba(0, 0, 0, 0);color:#ffffff\" class=\"has-inline-color\">.<\/mark><\/p>\n\n\n\n<p><\/p>\n\n\n\n<h3 class=\"wp-block-heading\">\ud83d\udc69\u200d\ud83c\udf93 | <a href=\"https:\/\/meditantes.com.br\/news\/?cat=173\">Juliana Malhadas<\/a><\/h3>\n\n\n\n<p><em><em>Psic\u00f3loga cl\u00ednica, psicoterapeuta na abordagem anal\u00edtica e sist\u00eamica familiar.<\/em><\/em><\/p>\n\n\n\n<p><mark style=\"background-color:rgba(0, 0, 0, 0);color:#ffffff\" class=\"has-inline-color\">.<\/mark><\/p>\n\n\n\n<p><\/p>\n\n\n\n<h3 class=\"wp-block-heading\">\ud83d\udc69\u200d\ud83c\udf93 | <a href=\"https:\/\/meditantes.com.br\/news\/?cat=151\">Luisa Mello<\/a><\/h3>\n\n\n\n<p><em>Professor de Yoga e Sat Nam Rasayan Healer.<\/em><\/p>\n\n\n\n<p><mark style=\"background-color:rgba(0, 0, 0, 0);color:#ffffff\" class=\"has-inline-color\">.<\/mark><\/p>\n\n\n\n<p><\/p>\n\n\n\n<h3 class=\"wp-block-heading\">\ud83d\udc69\u200d\ud83c\udf93 | <a href=\"https:\/\/meditantes.com.br\/news\/?cat=171\">M\u00e1rcia Silva<\/a><\/h3>\n\n\n\n<p><em><em>Especialista em controle da Dor atrav\u00e9s do exerc\u00edcio. M\u00e9todo Pilates &amp; SPA de terapias<\/em>.<\/em><\/p>\n\n\n\n<p><mark style=\"background-color:rgba(0, 0, 0, 0);color:#ffffff\" class=\"has-inline-color\">.<\/mark><\/p>\n\n\n\n<p><\/p>\n\n\n\n<h3 class=\"wp-block-heading\">\ud83d\udc69\u200d\ud83c\udf93 | <a href=\"https:\/\/meditantes.com.br\/news\/?cat=144\">Myriam Filippi<\/a><\/h3>\n\n\n\n<p><em>Escritora, jornalista, yogaterapeuta, instrutora de Hatha Yoga, terapeuta hol\u00edstica e buscadora.<\/em><\/p>\n\n\n\n<p><mark style=\"background-color:rgba(0, 0, 0, 0);color:#ffffff\" class=\"has-inline-color\">.<\/mark><\/p>\n\n\n\n<p><\/p>\n\n\n\n<h3 class=\"wp-block-heading\">\ud83d\udc69\u200d\ud83c\udf93 | <a href=\"https:\/\/meditantes.com.br\/news\/?cat=145\">Nathalia Morgana<\/a><\/h3>\n\n\n\n<p><em>Professora de yoga, medita\u00e7\u00e3o, terapeuta ayurv\u00e9dica e acupunturista.<\/em><\/p>\n\n\n\n<p><mark style=\"background-color:rgba(0, 0, 0, 0);color:#ffffff\" class=\"has-inline-color\">.<\/mark><\/p>\n\n\n\n<p><\/p>\n\n\n\n<h3 class=\"wp-block-heading\">\ud83d\udc69\u200d\ud83c\udf93 | <a href=\"https:\/\/meditantes.com.br\/news\/?cat=146\">Dra. Regina Chamon<\/a><\/h3>\n\n\n\n<p><em>M\u00e9dica cl\u00ednica geral e hematologista. professora de medita\u00e7\u00e3o formada pela Unifesp e Harvard.<\/em><\/p>\n\n\n\n<p><mark style=\"background-color:rgba(0, 0, 0, 0);color:#ffffff\" class=\"has-inline-color\">.<\/mark><\/p>\n\n\n\n<p><\/p>\n\n\n\n<h3 class=\"wp-block-heading\">\ud83d\udc68\u200d\ud83c\udf93 | <a href=\"https:\/\/meditantes.com.br\/news\/?cat=153\">Dr. Roberto Cardoso<\/a><\/h3>\n\n\n\n<p><em><em>M\u00e9dico pela UnB, com mestrado e doutorado em Ci\u00eancias pela Unifesp. Meditador h\u00e1 mais de 40 anos.<\/em><\/em><\/p>\n\n\n\n<p><mark style=\"background-color:rgba(0, 0, 0, 0);color:#ffffff\" class=\"has-inline-color\">.<\/mark><\/p>\n\n\n\n<p><\/p>\n\n\n\n<h3 class=\"wp-block-heading\">\ud83d\udc68\u200d\ud83c\udf93 | <a href=\"https:\/\/meditantes.com.br\/news\/?cat=143\">Sandro Bosco<\/a><\/h3>\n\n\n\n<p><em>Professor de yoga e medita\u00e7\u00e3o.<\/em><\/p>\n\n\n\n<p><mark style=\"background-color:rgba(0, 0, 0, 0);color:#ffffff\" class=\"has-inline-color\">.<\/mark><\/p>\n\n\n\n<p><\/p>\n\n\n\n<h3 class=\"wp-block-heading\">\ud83d\udc68\u200d\ud83c\udf93 | <a href=\"https:\/\/meditantes.com.br\/news\/?cat=147\">Sergio Peixoto Jr.<\/a><\/h3>\n\n\n\n<p><em><em>Praticante de Medita\u00e7\u00e3o Crist\u00e3 e membro da WCCM (World Community for Christian Meditation<\/em>)&nbsp;<\/em><\/p>\n\n\n\n<p><mark style=\"background-color:rgba(0, 0, 0, 0);color:#ffffff\" class=\"has-inline-color\">.<\/mark><\/p>\n\n\n\n<p><\/p>\n\n\n\n<h3 class=\"wp-block-heading\">\ud83d\udc68\u200d\ud83c\udf93 | <a href=\"https:\/\/meditantes.com.br\/news\/?cat=172\">Vanessa Scott<\/a><\/h3>\n\n\n\n<p><em><em>Praticante de Medita\u00e7\u00e3o Crist\u00e3 e membro da WCCM (World Community for Christian Meditation<\/em>)&nbsp;<\/em><\/p>\n\n\n\n<p><mark style=\"background-color:rgba(0, 0, 0, 0);color:#ffffff\" class=\"has-inline-color\">.<\/mark><\/p>\n\n\n\n<p><\/p>\n\n\n\n<h3 class=\"wp-block-heading\">\ud83d\ude4f | <a href=\"https:\/\/meditantes.com.br\/news\/?cat=150\">Reda\u00e7\u00e3o Meditantes<\/a><\/h3>\n\n\n\n<p><\/p>\n\n\n\n<p><mark style=\"background-color:rgba(0, 0, 0, 0);color:#ffffff\" class=\"has-inline-color\">.<\/mark><\/p>\n\n\n\n<p><mark style=\"background-color:rgba(0, 0, 0, 0);color:#ffffff\" class=\"has-inline-color\">.<\/mark><\/p>\n\n\n\n<p><mark style=\"background-color:rgba(0, 0, 0, 0);color:#ffffff\" class=\"has-inline-color\">.<\/mark><\/p>\n\n\n\n<p><mark style=\"background-color:rgba(0, 0, 0, 0);color:#ffffff\" class=\"has-inline-color\">.<\/mark><\/p>\n\n\n\n<p><mark style=\"background-color:rgba(0, 0, 0, 0);color:#ffffff\" class=\"has-inline-color\">.<\/mark><\/p>\n\n\n\n<p><em><strong>Experimente, aproveite!<\/strong><\/em><mark style=\"background-color:rgba(0, 0, 0, 0);color:#ffffff\" class=\"has-inline-color\">.<\/mark><\/p>\n\n\n\n<figure class=\"wp-block-image size-large\"><img loading=\"lazy\" decoding=\"async\" width=\"1024\" height=\"160\" src=\"https:\/\/meditantes.com.br\/news\/wp-content\/uploads\/2024\/05\/TOPO-2048X320-1024x160.png\" alt=\"\" class=\"wp-image-1634\" srcset=\"https:\/\/meditantes.com.br\/news\/wp-content\/uploads\/2024\/05\/TOPO-2048X320-1024x160.png 1024w, https:\/\/meditantes.com.br\/news\/wp-content\/uploads\/2024\/05\/TOPO-2048X320-300x47.png 300w, https:\/\/meditantes.com.br\/news\/wp-content\/uploads\/2024\/05\/TOPO-2048X320-768x120.png 768w, https:\/\/meditantes.com.br\/news\/wp-content\/uploads\/2024\/05\/TOPO-2048X320-1536x240.png 1536w, https:\/\/meditantes.com.br\/news\/wp-content\/uploads\/2024\/05\/TOPO-2048X320.png 2048w\" sizes=\"auto, (max-width: 1024px) 100vw, 1024px\" \/><\/figure>\n\n\n\n<figure class=\"wp-block-image size-large\"><a href=\"https:\/\/meditantes.com.br\/podcast\"><img loading=\"lazy\" decoding=\"async\" width=\"1024\" height=\"160\" src=\"https:\/\/meditantes.com.br\/news\/wp-content\/uploads\/2024\/05\/COMUNIDADE-MEDITANTES-18-1024x160.png\" alt=\"\" class=\"wp-image-2112\" srcset=\"https:\/\/meditantes.com.br\/news\/wp-content\/uploads\/2024\/05\/COMUNIDADE-MEDITANTES-18-1024x160.png 1024w, https:\/\/meditantes.com.br\/news\/wp-content\/uploads\/2024\/05\/COMUNIDADE-MEDITANTES-18-300x47.png 300w, https:\/\/meditantes.com.br\/news\/wp-content\/uploads\/2024\/05\/COMUNIDADE-MEDITANTES-18-768x120.png 768w, https:\/\/meditantes.com.br\/news\/wp-content\/uploads\/2024\/05\/COMUNIDADE-MEDITANTES-18.png 1280w\" sizes=\"auto, (max-width: 1024px) 100vw, 1024px\" \/><\/a><\/figure>\n\n\n\n<p><\/p>\n\n\n\n<p><mark style=\"background-color:rgba(0, 0, 0, 0);color:#ffffff\" class=\"has-inline-color\">.<\/mark><\/p>\n\n\n\n<p><mark style=\"background-color:rgba(0, 0, 0, 0);color:#ffffff\" class=\"has-inline-color\">.<\/mark><\/p>\n\n\n\n<p><mark style=\"background-color:rgba(0, 0, 0, 0);color:#ffffff\" class=\"has-inline-color\">.<\/mark><\/p>\n\n\n\n<p><strong><em>Gostou? comenta, compartilha&#8230;<\/em><\/strong><\/p>\n\n\n\n<p><\/p>\n\n\n\n<p><\/p>\n\n\n\n<p><\/p>\n\n\n\n<p><\/p>\n","protected":false},"excerpt":{"rendered":"<p>Eles n\u00e3o apenas informam, mas inspiram o leitor a silenciar a mente e mergulhar no sagrado espa\u00e7o do ser. Ao&hellip;<\/p>\n","protected":false},"author":1,"featured_media":0,"parent":0,"menu_order":3,"comment_status":"closed","ping_status":"closed","template":"","meta":{"footnotes":""},"class_list":["post-4759","page","type-page","status-publish","hentry"],"_links":{"self":[{"href":"https:\/\/meditantes.com.br\/news\/index.php?rest_route=\/wp\/v2\/pages\/4759","targetHints":{"allow":["GET"]}}],"collection":[{"href":"https:\/\/meditantes.com.br\/news\/index.php?rest_route=\/wp\/v2\/pages"}],"about":[{"href":"https:\/\/meditantes.com.br\/news\/index.php?rest_route=\/wp\/v2\/types\/page"}],"author":[{"embeddable":true,"href":"https:\/\/meditantes.com.br\/news\/index.php?rest_route=\/wp\/v2\/users\/1"}],"replies":[{"embeddable":true,"href":"https:\/\/meditantes.com.br\/news\/index.php?rest_route=%2Fwp%2Fv2%2Fcomments&post=4759"}],"version-history":[{"count":36,"href":"https:\/\/meditantes.com.br\/news\/index.php?rest_route=\/wp\/v2\/pages\/4759\/revisions"}],"predecessor-version":[{"id":7212,"href":"https:\/\/meditantes.com.br\/news\/index.php?rest_route=\/wp\/v2\/pages\/4759\/revisions\/7212"}],"wp:attachment":[{"href":"https:\/\/meditantes.com.br\/news\/index.php?rest_route=%2Fwp%2Fv2%2Fmedia&parent=4759"}],"curies":[{"name":"wp","href":"https:\/\/api.w.org\/{rel}","templated":true}]}}