{"id":664,"date":"2024-03-25T17:59:31","date_gmt":"2024-03-25T17:59:31","guid":{"rendered":"https:\/\/meditantes.com.br\/news\/?page_id=664"},"modified":"2026-04-04T18:45:29","modified_gmt":"2026-04-04T18:45:29","slug":"quero-meditar","status":"publish","type":"page","link":"https:\/\/meditantes.com.br\/news\/?page_id=664","title":{"rendered":"Comece bem o dia Meditando"},"content":{"rendered":"\n<figure class=\"wp-block-image size-large\"><img loading=\"lazy\" decoding=\"async\" width=\"1024\" height=\"160\" src=\"https:\/\/meditantes.com.br\/news\/wp-content\/uploads\/2026\/03\/COMUNIDADE-MEDITANTES-1024x160.png\" alt=\"\" class=\"wp-image-7409\" srcset=\"https:\/\/meditantes.com.br\/news\/wp-content\/uploads\/2026\/03\/COMUNIDADE-MEDITANTES-1024x160.png 1024w, https:\/\/meditantes.com.br\/news\/wp-content\/uploads\/2026\/03\/COMUNIDADE-MEDITANTES-300x47.png 300w, https:\/\/meditantes.com.br\/news\/wp-content\/uploads\/2026\/03\/COMUNIDADE-MEDITANTES-768x120.png 768w, https:\/\/meditantes.com.br\/news\/wp-content\/uploads\/2026\/03\/COMUNIDADE-MEDITANTES.png 1280w\" sizes=\"auto, (max-width: 1024px) 100vw, 1024px\" \/><\/figure>\n\n\n\n<p><strong><em>J\u00e1 ouviu a frase: &#8220;O que voc\u00ea faz nas primeiras horas da manh\u00e3, determina todo seu dia&#8221;?<\/em><\/strong><\/p>\n\n\n\n<p><\/p>\n\n\n\n<p><mark style=\"background-color:rgba(0, 0, 0, 0);color:#ffffff\" class=\"has-inline-color\">.<\/mark><\/p>\n\n\n\n<figure class=\"wp-block-image size-large\"><a href=\"https:\/\/chat.whatsapp.com\/Gk2p5MpcxdQ1AWocIztZg2\" target=\"_blank\" rel=\" noreferrer noopener\"><img loading=\"lazy\" decoding=\"async\" width=\"1024\" height=\"576\" src=\"https:\/\/meditantes.com.br\/news\/wp-content\/uploads\/2026\/04\/CAPA-Comece-bem-o-dia-Meditando-1024x576.png\" alt=\"\" class=\"wp-image-7423\" srcset=\"https:\/\/meditantes.com.br\/news\/wp-content\/uploads\/2026\/04\/CAPA-Comece-bem-o-dia-Meditando-1024x576.png 1024w, https:\/\/meditantes.com.br\/news\/wp-content\/uploads\/2026\/04\/CAPA-Comece-bem-o-dia-Meditando-300x169.png 300w, https:\/\/meditantes.com.br\/news\/wp-content\/uploads\/2026\/04\/CAPA-Comece-bem-o-dia-Meditando-768x432.png 768w, https:\/\/meditantes.com.br\/news\/wp-content\/uploads\/2026\/04\/CAPA-Comece-bem-o-dia-Meditando-1536x864.png 1536w, https:\/\/meditantes.com.br\/news\/wp-content\/uploads\/2026\/04\/CAPA-Comece-bem-o-dia-Meditando.png 2048w\" sizes=\"auto, (max-width: 1024px) 100vw, 1024px\" \/><\/a><\/figure>\n\n\n\n<p>Clic na imagem acima para entrar na Comunidade no WhtasApp ou <a href=\"https:\/\/chat.whatsapp.com\/Gk2p5MpcxdQ1AWocIztZg2\" target=\"_blank\" rel=\"noreferrer noopener\">acessa clicando aqui!<\/a><\/p>\n\n\n\n<p><\/p>\n\n\n\n<p><mark style=\"background-color:rgba(0, 0, 0, 0);color:#ffffff\" class=\"has-inline-color\">.<\/mark><\/p>\n\n\n\n<p><\/p>\n\n\n\n<p><mark style=\"background-color:rgba(0, 0, 0, 0);color:#ffffff\" class=\"has-inline-color\">.<\/mark><\/p>\n\n\n\n<p><\/p>\n\n\n\n<p><mark style=\"background-color:rgba(0, 0, 0, 0);color:#ffffff\" class=\"has-inline-color\">.<\/mark><\/p>\n\n\n\n<p><\/p>\n\n\n\n<p><mark style=\"background-color:rgba(0, 0, 0, 0);color:#ffffff\" class=\"has-inline-color\">.<\/mark><\/p>\n\n\n\n<p><\/p>\n\n\n\n<p><mark style=\"background-color:rgba(0, 0, 0, 0);color:#ffffff\" class=\"has-inline-color\">.<\/mark><\/p>\n\n\n\n<p><\/p>\n\n\n\n<figure class=\"wp-block-image size-large\"><img loading=\"lazy\" decoding=\"async\" width=\"1024\" height=\"160\" src=\"https:\/\/meditantes.com.br\/news\/wp-content\/uploads\/2026\/04\/COMUNIDADE-MEDITANTES-1-1024x160.png\" alt=\"\" class=\"wp-image-7430\" srcset=\"https:\/\/meditantes.com.br\/news\/wp-content\/uploads\/2026\/04\/COMUNIDADE-MEDITANTES-1-1024x160.png 1024w, https:\/\/meditantes.com.br\/news\/wp-content\/uploads\/2026\/04\/COMUNIDADE-MEDITANTES-1-300x47.png 300w, https:\/\/meditantes.com.br\/news\/wp-content\/uploads\/2026\/04\/COMUNIDADE-MEDITANTES-1-768x120.png 768w, https:\/\/meditantes.com.br\/news\/wp-content\/uploads\/2026\/04\/COMUNIDADE-MEDITANTES-1.png 1280w\" sizes=\"auto, (max-width: 1024px) 100vw, 1024px\" \/><\/figure>\n\n\n\n<figure class=\"wp-block-image size-large\"><a href=\"https:\/\/sun.eduzz.com\/G92ERAGKWE\" target=\"_blank\" rel=\" noreferrer noopener\"><img loading=\"lazy\" decoding=\"async\" width=\"1024\" height=\"576\" src=\"https:\/\/meditantes.com.br\/news\/wp-content\/uploads\/2026\/04\/CAPA-Meditacoes-de-Inverno-1024x576.png\" alt=\"\" class=\"wp-image-7417\" srcset=\"https:\/\/meditantes.com.br\/news\/wp-content\/uploads\/2026\/04\/CAPA-Meditacoes-de-Inverno-1024x576.png 1024w, https:\/\/meditantes.com.br\/news\/wp-content\/uploads\/2026\/04\/CAPA-Meditacoes-de-Inverno-300x169.png 300w, https:\/\/meditantes.com.br\/news\/wp-content\/uploads\/2026\/04\/CAPA-Meditacoes-de-Inverno-768x432.png 768w, https:\/\/meditantes.com.br\/news\/wp-content\/uploads\/2026\/04\/CAPA-Meditacoes-de-Inverno-1536x864.png 1536w, https:\/\/meditantes.com.br\/news\/wp-content\/uploads\/2026\/04\/CAPA-Meditacoes-de-Inverno.png 2048w\" sizes=\"auto, (max-width: 1024px) 100vw, 1024px\" \/><\/a><\/figure>\n\n\n\n<p>Clic na imagem acima para realizar sua inscri\u00e7\u00e3o ou <a href=\"https:\/\/sun.eduzz.com\/G92ERAGKWE\" target=\"_blank\" rel=\"noreferrer noopener\">acessa clicando aqui!<\/a><\/p>\n\n\n\n<p><\/p>\n\n\n\n<p><mark style=\"background-color:rgba(0, 0, 0, 0);color:#ffffff\" class=\"has-inline-color\">.<\/mark><\/p>\n\n\n\n<p>D\u00favidas ou informa\u00e7\u00e3o, fale com nossa equipe. Envie a mensagem &#8220;Quero Meditar&#8221; para o WhatsApp (<a href=\"https:\/\/api.whatsapp.com\/send?phone=5548933009432&amp;text=Quero%20Meditar\" target=\"_blank\" rel=\"noreferrer noopener\">48933009432<\/a> ).<\/p>\n\n\n\n<p><\/p>\n\n\n\n<p><mark style=\"background-color:rgba(0, 0, 0, 0);color:#ffffff\" class=\"has-inline-color\">.<\/mark><\/p>\n\n\n\n<p><\/p>\n\n\n\n<p><mark style=\"background-color:rgba(0, 0, 0, 0);color:#ffffff\" class=\"has-inline-color\">.<\/mark><\/p>\n\n\n\n<p><\/p>\n\n\n\n<p><mark style=\"background-color:rgba(0, 0, 0, 0);color:#ffffff\" class=\"has-inline-color\">.<\/mark><\/p>\n\n\n\n<p><\/p>\n\n\n\n<p><mark style=\"background-color:rgba(0, 0, 0, 0);color:#ffffff\" class=\"has-inline-color\">.<\/mark><\/p>\n\n\n\n<p><\/p>\n\n\n\n<p><mark style=\"background-color:rgba(0, 0, 0, 0);color:#ffffff\" class=\"has-inline-color\">.<\/mark><\/p>\n\n\n\n<p><\/p>\n\n\n\n<figure class=\"wp-block-image size-large\"><a href=\"https:\/\/chat.whatsapp.com\/Gk2p5MpcxdQ1AWocIztZg2\" target=\"_blank\" rel=\" noreferrer noopener\"><img loading=\"lazy\" decoding=\"async\" width=\"1024\" height=\"160\" src=\"https:\/\/meditantes.com.br\/news\/wp-content\/uploads\/2026\/03\/COMUNIDADE-MEDITANTES-1-1024x160.png\" alt=\"\" class=\"wp-image-7410\" srcset=\"https:\/\/meditantes.com.br\/news\/wp-content\/uploads\/2026\/03\/COMUNIDADE-MEDITANTES-1-1024x160.png 1024w, https:\/\/meditantes.com.br\/news\/wp-content\/uploads\/2026\/03\/COMUNIDADE-MEDITANTES-1-300x47.png 300w, https:\/\/meditantes.com.br\/news\/wp-content\/uploads\/2026\/03\/COMUNIDADE-MEDITANTES-1-768x120.png 768w, https:\/\/meditantes.com.br\/news\/wp-content\/uploads\/2026\/03\/COMUNIDADE-MEDITANTES-1.png 1280w\" sizes=\"auto, (max-width: 1024px) 100vw, 1024px\" \/><\/a><\/figure>\n\n\n\n<p><strong>Acesse o link abaixo para entrar na Comunidade:<\/strong><br><a href=\"https:\/\/chat.whatsapp.com\/Gk2p5MpcxdQ1AWocIztZg2\" target=\"_blank\" rel=\"noreferrer noopener\">https:\/\/chat.whatsapp.com\/Gk2p5MpcxdQ1AWocIztZg2<\/a><\/p>\n\n\n\n<p><\/p>\n\n\n\n<p><mark style=\"background-color:rgba(0, 0, 0, 0);color:#ffffff\" class=\"has-inline-color\">.<\/mark><\/p>\n\n\n\n<p><\/p>\n\n\n\n<p>| Voc\u00ea quer come\u00e7ar a Meditar e n\u00e3o consegue? <br>| Tem dificuldades em seguir praticando? <br>| Enfrente desafios para meditar sozinho(a)? <br>| Cansou de medita\u00e7\u00f5es guiadas na Internet e\/ou em aplicativos? <br>| Busca um grupo, uma tribo que te apoia a seguir meditando?<br><\/p>\n\n\n\n<p><mark style=\"background-color:rgba(0, 0, 0, 0);color:#ffffff\" class=\"has-inline-color\">.<\/mark><\/p>\n\n\n\n<p><\/p>\n\n\n\n<p>| Quer Meditar?<\/p>\n\n\n\n<p><\/p>\n\n\n\n<p><mark style=\"background-color:rgba(0, 0, 0, 0);color:#ffffff\" class=\"has-inline-color\">.<\/mark><\/p>\n\n\n\n<p><\/p>\n\n\n\n<p>Ent\u00e3o <strong>Comece bem o dia Meditando<\/strong>. Diariamente, das 6hs \u00e1s 6h30 da manh\u00e3 (hor\u00e1rio de Bras\u00edlia), ao vivo pelo Google Meet.<\/p>\n\n\n\n<p><\/p>\n\n\n\n<p><mark style=\"background-color:rgba(0, 0, 0, 0);color:#ffffff\" class=\"has-inline-color\">.<\/mark><\/p>\n\n\n\n<p><\/p>\n\n\n\n<p><strong>Acesse o link abaixo para entrar na Comunidade:<\/strong><br><a href=\"https:\/\/chat.whatsapp.com\/Gk2p5MpcxdQ1AWocIztZg2\">https:\/\/chat.whatsapp.com\/Gk2p5MpcxdQ1AWocIztZg2<\/a><\/p>\n\n\n\n<p><\/p>\n\n\n\n<p><mark style=\"background-color:rgba(0, 0, 0, 0);color:#ffffff\" class=\"has-inline-color\">.<\/mark><\/p>\n\n\n\n<p><\/p>\n\n\n\n<p>No <strong>Comece bem o dia Meditando<\/strong> voc\u00ea participa de Pr\u00e1ticas Meditativas conduzidas por Shanti-Rham, facilitador de Medita\u00e7\u00f5es, Idealizador e Apresentador do Meditantes PodCast e tamb\u00e9m por v\u00e1rios outros Meditantes experientes.<\/p>\n\n\n\n<p><mark style=\"background-color:rgba(0, 0, 0, 0);color:#ffffff\" class=\"has-inline-color\">.<\/mark><\/p>\n\n\n\n<p><mark style=\"background-color:rgba(0, 0, 0, 0);color:#ffffff\" class=\"has-inline-color\">.<\/mark><\/p>\n\n\n\n<p><strong>COMO PARTICIPAR?<\/strong> \ud83d\udc47<\/p>\n\n\n\n<p>Acesse o link abaixo e entre na Comunidade &#8220;Comece bem o dia Meditando&#8221;. Um grupo privado, exclusivo e \u00fanico, dedicando exclusivamente a entregar Medita\u00e7\u00f5es.<\/p>\n\n\n\n<p><\/p>\n\n\n\n<p><mark style=\"background-color:rgba(0, 0, 0, 0);color:#ffffff\" class=\"has-inline-color\">.<\/mark><\/p>\n\n\n\n<p><\/p>\n\n\n\n<p>\u00c9 Ao Vivo, Online e Gratuita todas as Segundas-feiras das 6hs as 6hs30 da manh\u00e3 (hor\u00e1rio de Bras\u00edlia).<\/p>\n\n\n\n<p><\/p>\n\n\n\n<p><mark style=\"background-color:rgba(0, 0, 0, 0);color:#ffffff\" class=\"has-inline-color\">.<\/mark><\/p>\n\n\n\n<p><\/p>\n\n\n\n<p>Nessa Comunidade de Meditantes voc\u00ea receber\u00e1 tamb\u00e9m as P\u00edlulas de Medita\u00e7\u00e3o. \u00c1udios com reflex\u00f5es sobre o Universo da Medita\u00e7\u00e3o compartilhadas por Shanti-Rham, facilitador de Medita\u00e7\u00f5es, idealizador e apresentador do Meditantes PodCast.<\/p>\n\n\n\n<p><\/p>\n\n\n\n<p><mark style=\"background-color:rgba(0, 0, 0, 0);color:#ffffff\" class=\"has-inline-color\">.<\/mark><\/p>\n\n\n\n<p><\/p>\n\n\n\n<p><strong>Acesse o link abaixo para entrar na Comunidade:<\/strong><br><a href=\"https:\/\/chat.whatsapp.com\/Gk2p5MpcxdQ1AWocIztZg2\">https:\/\/chat.whatsapp.com\/Gk2p5MpcxdQ1AWocIztZg2<\/a><\/p>\n\n\n\n<p><mark style=\"background-color:rgba(0, 0, 0, 0);color:#ffffff\" class=\"has-inline-color\">.<\/mark><\/p>\n\n\n\n<p><mark style=\"background-color:rgba(0, 0, 0, 0);color:#ffffff\" class=\"has-inline-color\">.<\/mark><\/p>\n\n\n\n<p><strong>N\u00c3O CONSEGUIU ENTRAR NA COMUNIDADE?<\/strong> \ud83d\udc47<\/p>\n\n\n\n<p>| Envie a mensagem Quero Meditar para o WhatsApp (<a href=\"https:\/\/api.whatsapp.com\/send?phone=5548933009432&amp;text=Quero%20Meditar\" target=\"_blank\" rel=\"noreferrer noopener\">48 93300-9432<\/a>).<\/p>\n\n\n\n<p>| Voc\u00ea receber\u00e1 as orienta\u00e7\u00f5es para participar<\/p>\n\n\n\n<p>| Ou acesse o link abaixo:<br><a href=\"http:\/\/meditantes.com.br\/queromeditar\">meditantes.com.br\/queromeditar<\/a><\/p>\n\n\n\n<p><mark style=\"background-color:rgba(0, 0, 0, 0);color:#ffffff\" class=\"has-inline-color\">.<\/mark><\/p>\n\n\n\n<p><br><mark style=\"background-color:rgba(0, 0, 0, 0);color:#ffffff\" class=\"has-inline-color\">.<\/mark><\/p>\n\n\n\n<p><mark style=\"background-color:rgba(0, 0, 0, 0);color:#ffffff\" class=\"has-inline-color\">.<\/mark><\/p>\n\n\n\n<p><mark style=\"background-color:rgba(0, 0, 0, 0);color:#ffffff\" class=\"has-inline-color\">.<\/mark><\/p>\n\n\n\n<p><em><strong>Experimente, aproveite!<\/strong><\/em><mark style=\"background-color:rgba(0, 0, 0, 0);color:#ffffff\" class=\"has-inline-color\">.<\/mark><\/p>\n\n\n\n<figure class=\"wp-block-image size-large\"><img loading=\"lazy\" decoding=\"async\" width=\"1024\" height=\"160\" src=\"https:\/\/meditantes.com.br\/news\/wp-content\/uploads\/2024\/05\/TOPO-2048X320-1024x160.png\" alt=\"\" class=\"wp-image-1634\" srcset=\"https:\/\/meditantes.com.br\/news\/wp-content\/uploads\/2024\/05\/TOPO-2048X320-1024x160.png 1024w, https:\/\/meditantes.com.br\/news\/wp-content\/uploads\/2024\/05\/TOPO-2048X320-300x47.png 300w, https:\/\/meditantes.com.br\/news\/wp-content\/uploads\/2024\/05\/TOPO-2048X320-768x120.png 768w, https:\/\/meditantes.com.br\/news\/wp-content\/uploads\/2024\/05\/TOPO-2048X320-1536x240.png 1536w, https:\/\/meditantes.com.br\/news\/wp-content\/uploads\/2024\/05\/TOPO-2048X320.png 2048w\" sizes=\"auto, (max-width: 1024px) 100vw, 1024px\" \/><\/figure>\n\n\n\n<figure class=\"wp-block-image size-large\"><a href=\"http:\/\/meditantes.com.br\/membros\"><img loading=\"lazy\" decoding=\"async\" width=\"1024\" height=\"160\" src=\"https:\/\/meditantes.com.br\/news\/wp-content\/uploads\/2024\/05\/COMUNIDADE-MEDITANTES-7-1-1024x160.png\" alt=\"\" class=\"wp-image-1628\" srcset=\"https:\/\/meditantes.com.br\/news\/wp-content\/uploads\/2024\/05\/COMUNIDADE-MEDITANTES-7-1-1024x160.png 1024w, https:\/\/meditantes.com.br\/news\/wp-content\/uploads\/2024\/05\/COMUNIDADE-MEDITANTES-7-1-300x47.png 300w, https:\/\/meditantes.com.br\/news\/wp-content\/uploads\/2024\/05\/COMUNIDADE-MEDITANTES-7-1-768x120.png 768w, https:\/\/meditantes.com.br\/news\/wp-content\/uploads\/2024\/05\/COMUNIDADE-MEDITANTES-7-1.png 1280w\" sizes=\"auto, (max-width: 1024px) 100vw, 1024px\" \/><\/a><\/figure>\n\n\n\n<p><em>Tenha acesso a Medita\u00e7\u00f5es para voc\u00ea fazer a qualquer hora do dia junto com conte\u00fados exclusivos sobre Medita\u00e7\u00e3o. Inscreva-se e tenha acesso imediato!<\/em> <em><a href=\"http:\/\/meditantes.com.br\/membros\">meditantes.com.br\/membros<\/a><\/em><\/p>\n\n\n\n<p><mark style=\"background-color:rgba(0, 0, 0, 0);color:#ffffff\" class=\"has-inline-color\">.<\/mark><\/p>\n\n\n\n<p><mark style=\"background-color:rgba(0, 0, 0, 0);color:#ffffff\" class=\"has-inline-color\">.<\/mark><\/p>\n\n\n\n<p><mark style=\"background-color:rgba(0, 0, 0, 0);color:#ffffff\" class=\"has-inline-color\">.<\/mark><\/p>\n\n\n\n<p><strong><em>Gostou? comenta, compartilha&#8230;<\/em><\/strong><\/p>\n","protected":false},"excerpt":{"rendered":"<p>J\u00e1 ouviu a frase: &#8220;O que voc\u00ea faz nas primeiras horas da manh\u00e3, determina todo seu dia&#8221;? . Clic na&hellip;<\/p>\n","protected":false},"author":1,"featured_media":0,"parent":211,"menu_order":0,"comment_status":"closed","ping_status":"closed","template":"","meta":{"footnotes":""},"class_list":["post-664","page","type-page","status-publish","hentry"],"_links":{"self":[{"href":"https:\/\/meditantes.com.br\/news\/index.php?rest_route=\/wp\/v2\/pages\/664","targetHints":{"allow":["GET"]}}],"collection":[{"href":"https:\/\/meditantes.com.br\/news\/index.php?rest_route=\/wp\/v2\/pages"}],"about":[{"href":"https:\/\/meditantes.com.br\/news\/index.php?rest_route=\/wp\/v2\/types\/page"}],"author":[{"embeddable":true,"href":"https:\/\/meditantes.com.br\/news\/index.php?rest_route=\/wp\/v2\/users\/1"}],"replies":[{"embeddable":true,"href":"https:\/\/meditantes.com.br\/news\/index.php?rest_route=%2Fwp%2Fv2%2Fcomments&post=664"}],"version-history":[{"count":53,"href":"https:\/\/meditantes.com.br\/news\/index.php?rest_route=\/wp\/v2\/pages\/664\/revisions"}],"predecessor-version":[{"id":7434,"href":"https:\/\/meditantes.com.br\/news\/index.php?rest_route=\/wp\/v2\/pages\/664\/revisions\/7434"}],"up":[{"embeddable":true,"href":"https:\/\/meditantes.com.br\/news\/index.php?rest_route=\/wp\/v2\/pages\/211"}],"wp:attachment":[{"href":"https:\/\/meditantes.com.br\/news\/index.php?rest_route=%2Fwp%2Fv2%2Fmedia&parent=664"}],"curies":[{"name":"wp","href":"https:\/\/api.w.org\/{rel}","templated":true}]}}